{"id":8362,"date":"2022-06-01T11:28:12","date_gmt":"2022-06-01T08:28:12","guid":{"rendered":"https:\/\/taskopru.bel.tr\/v1\/?page_id=8362"},"modified":"2024-10-15T13:31:58","modified_gmt":"2024-10-15T10:31:58","slug":"konaklama","status":"publish","type":"page","link":"https:\/\/taskopru.bel.tr\/v1\/konaklama\/","title":{"rendered":"Konaklama"},"content":{"rendered":"<p><strong>Ta\u015fk\u00f6pr\u00fc Belediyesi Konuk Evi Bu Y\u0131lda \u00d6\u011frencileri A\u011f\u0131rlayacak.<\/strong><\/p>\n<p>Ta\u015fk\u00f6pr\u00fc Belediyesi taraf\u0131ndan hizmet veren ve Meslek Y\u00fcksek Okulu\u2019nda e\u011fitimlerini tamamlamaya gelen, bayan \u00f6\u011frenciler i\u00e7in, haz\u0131rlanan Konuk Evi, bu y\u0131lda \u00f6\u011frencilerini misafir edecek.<br \/>\nOkula y\u00fcr\u00fcme mesafesi ile 2 dk olan Konuk evi, bayan \u00f6\u011frencilerinin daha rahat bir ortamda e\u011fitimlerini s\u00fcrd\u00fcrebilmeleri i\u00e7in, Belediye Ba\u015fkanl\u0131\u011f\u0131 konuk evi bu y\u0131lda bayan \u00f6\u011frencileri konuk edecek.<br \/>\nKay\u0131t yapt\u0131racak \u00f6\u011frenciler, detayl\u0131 bilgi almalar\u0131 i\u00e7in, 0366 417 1058 &#8211; dahili 322 ileti\u015fim numaras\u0131n\u0131 arayarak \u00f6\u011frenebilirler.<\/p>\n<p><img decoding=\"async\" class=\"alignnone size-medium wp-image-7123 lazyload\" data-src=\"https:\/\/taskopru.bel.tr\/v1\/wp-content\/uploads\/2021\/09\/DSC_0361-300x200.jpg\" alt=\"\" width=\"300\" height=\"200\" data-srcset=\"https:\/\/taskopru.bel.tr\/v1\/wp-content\/uploads\/2021\/09\/DSC_0361-300x200.jpg 300w, https:\/\/taskopru.bel.tr\/v1\/wp-content\/uploads\/2021\/09\/DSC_0361-1024x684.jpg 1024w, https:\/\/taskopru.bel.tr\/v1\/wp-content\/uploads\/2021\/09\/DSC_0361-768x513.jpg 768w, https:\/\/taskopru.bel.tr\/v1\/wp-content\/uploads\/2021\/09\/DSC_0361-1536x1025.jpg 1536w, https:\/\/taskopru.bel.tr\/v1\/wp-content\/uploads\/2021\/09\/DSC_0361-2048x1367.jpg 2048w, https:\/\/taskopru.bel.tr\/v1\/wp-content\/uploads\/2021\/09\/DSC_0361-968x646.jpg 968w, https:\/\/taskopru.bel.tr\/v1\/wp-content\/uploads\/2021\/09\/DSC_0361-636x425.jpg 636w, https:\/\/taskopru.bel.tr\/v1\/wp-content\/uploads\/2021\/09\/DSC_0361-320x214.jpg 320w, https:\/\/taskopru.bel.tr\/v1\/wp-content\/uploads\/2021\/09\/DSC_0361-239x160.jpg 239w\" data-sizes=\"(max-width: 300px) 100vw, 300px\" src=\"data:image\/svg+xml;base64,PHN2ZyB3aWR0aD0iMSIgaGVpZ2h0PSIxIiB4bWxucz0iaHR0cDovL3d3dy53My5vcmcvMjAwMC9zdmciPjwvc3ZnPg==\" style=\"--smush-placeholder-width: 300px; --smush-placeholder-aspect-ratio: 300\/200;\" \/> <img decoding=\"async\" class=\"alignnone size-medium wp-image-7128 lazyload\" data-src=\"https:\/\/taskopru.bel.tr\/v1\/wp-content\/uploads\/2021\/09\/DSC_0374-300x200.jpg\" alt=\"\" width=\"300\" height=\"200\" data-srcset=\"https:\/\/taskopru.bel.tr\/v1\/wp-content\/uploads\/2021\/09\/DSC_0374-300x200.jpg 300w, https:\/\/taskopru.bel.tr\/v1\/wp-content\/uploads\/2021\/09\/DSC_0374-1024x684.jpg 1024w, https:\/\/taskopru.bel.tr\/v1\/wp-content\/uploads\/2021\/09\/DSC_0374-768x513.jpg 768w, https:\/\/taskopru.bel.tr\/v1\/wp-content\/uploads\/2021\/09\/DSC_0374-1536x1025.jpg 1536w, https:\/\/taskopru.bel.tr\/v1\/wp-content\/uploads\/2021\/09\/DSC_0374-2048x1367.jpg 2048w, https:\/\/taskopru.bel.tr\/v1\/wp-content\/uploads\/2021\/09\/DSC_0374-968x646.jpg 968w, https:\/\/taskopru.bel.tr\/v1\/wp-content\/uploads\/2021\/09\/DSC_0374-636x425.jpg 636w, https:\/\/taskopru.bel.tr\/v1\/wp-content\/uploads\/2021\/09\/DSC_0374-320x214.jpg 320w, https:\/\/taskopru.bel.tr\/v1\/wp-content\/uploads\/2021\/09\/DSC_0374-239x160.jpg 239w\" data-sizes=\"(max-width: 300px) 100vw, 300px\" src=\"data:image\/svg+xml;base64,PHN2ZyB3aWR0aD0iMSIgaGVpZ2h0PSIxIiB4bWxucz0iaHR0cDovL3d3dy53My5vcmcvMjAwMC9zdmciPjwvc3ZnPg==\" style=\"--smush-placeholder-width: 300px; --smush-placeholder-aspect-ratio: 300\/200;\" \/>\u00a0 <img decoding=\"async\" class=\"alignnone size-medium wp-image-7118 lazyload\" data-src=\"https:\/\/taskopru.bel.tr\/v1\/wp-content\/uploads\/2021\/09\/DSC_0346-300x200.jpg\" alt=\"\" width=\"300\" height=\"200\" data-srcset=\"https:\/\/taskopru.bel.tr\/v1\/wp-content\/uploads\/2021\/09\/DSC_0346-300x200.jpg 300w, https:\/\/taskopru.bel.tr\/v1\/wp-content\/uploads\/2021\/09\/DSC_0346-1024x684.jpg 1024w, https:\/\/taskopru.bel.tr\/v1\/wp-content\/uploads\/2021\/09\/DSC_0346-768x513.jpg 768w, https:\/\/taskopru.bel.tr\/v1\/wp-content\/uploads\/2021\/09\/DSC_0346-1536x1025.jpg 1536w, https:\/\/taskopru.bel.tr\/v1\/wp-content\/uploads\/2021\/09\/DSC_0346-2048x1367.jpg 2048w, https:\/\/taskopru.bel.tr\/v1\/wp-content\/uploads\/2021\/09\/DSC_0346-968x646.jpg 968w, https:\/\/taskopru.bel.tr\/v1\/wp-content\/uploads\/2021\/09\/DSC_0346-636x425.jpg 636w, https:\/\/taskopru.bel.tr\/v1\/wp-content\/uploads\/2021\/09\/DSC_0346-320x214.jpg 320w, https:\/\/taskopru.bel.tr\/v1\/wp-content\/uploads\/2021\/09\/DSC_0346-239x160.jpg 239w\" data-sizes=\"(max-width: 300px) 100vw, 300px\" src=\"data:image\/svg+xml;base64,PHN2ZyB3aWR0aD0iMSIgaGVpZ2h0PSIxIiB4bWxucz0iaHR0cDovL3d3dy53My5vcmcvMjAwMC9zdmciPjwvc3ZnPg==\" style=\"--smush-placeholder-width: 300px; --smush-placeholder-aspect-ratio: 300\/200;\" \/><img decoding=\"async\" class=\"alignnone size-medium wp-image-7127 lazyload\" data-src=\"https:\/\/taskopru.bel.tr\/v1\/wp-content\/uploads\/2021\/09\/DSC_0370-300x200.jpg\" alt=\"\" width=\"300\" height=\"200\" data-srcset=\"https:\/\/taskopru.bel.tr\/v1\/wp-content\/uploads\/2021\/09\/DSC_0370-300x200.jpg 300w, https:\/\/taskopru.bel.tr\/v1\/wp-content\/uploads\/2021\/09\/DSC_0370-1024x684.jpg 1024w, https:\/\/taskopru.bel.tr\/v1\/wp-content\/uploads\/2021\/09\/DSC_0370-768x513.jpg 768w, https:\/\/taskopru.bel.tr\/v1\/wp-content\/uploads\/2021\/09\/DSC_0370-1536x1025.jpg 1536w, https:\/\/taskopru.bel.tr\/v1\/wp-content\/uploads\/2021\/09\/DSC_0370-2048x1367.jpg 2048w, https:\/\/taskopru.bel.tr\/v1\/wp-content\/uploads\/2021\/09\/DSC_0370-968x646.jpg 968w, https:\/\/taskopru.bel.tr\/v1\/wp-content\/uploads\/2021\/09\/DSC_0370-636x425.jpg 636w, https:\/\/taskopru.bel.tr\/v1\/wp-content\/uploads\/2021\/09\/DSC_0370-320x214.jpg 320w, https:\/\/taskopru.bel.tr\/v1\/wp-content\/uploads\/2021\/09\/DSC_0370-239x160.jpg 239w\" data-sizes=\"(max-width: 300px) 100vw, 300px\" src=\"data:image\/svg+xml;base64,PHN2ZyB3aWR0aD0iMSIgaGVpZ2h0PSIxIiB4bWxucz0iaHR0cDovL3d3dy53My5vcmcvMjAwMC9zdmciPjwvc3ZnPg==\" style=\"--smush-placeholder-width: 300px; --smush-placeholder-aspect-ratio: 300\/200;\" \/> <img decoding=\"async\" class=\"alignnone size-medium wp-image-7126 lazyload\" data-src=\"https:\/\/taskopru.bel.tr\/v1\/wp-content\/uploads\/2021\/09\/DSC_0367-300x200.jpg\" alt=\"\" width=\"300\" height=\"200\" data-srcset=\"https:\/\/taskopru.bel.tr\/v1\/wp-content\/uploads\/2021\/09\/DSC_0367-300x200.jpg 300w, https:\/\/taskopru.bel.tr\/v1\/wp-content\/uploads\/2021\/09\/DSC_0367-1024x684.jpg 1024w, https:\/\/taskopru.bel.tr\/v1\/wp-content\/uploads\/2021\/09\/DSC_0367-768x513.jpg 768w, https:\/\/taskopru.bel.tr\/v1\/wp-content\/uploads\/2021\/09\/DSC_0367-1536x1025.jpg 1536w, https:\/\/taskopru.bel.tr\/v1\/wp-content\/uploads\/2021\/09\/DSC_0367-2048x1367.jpg 2048w, https:\/\/taskopru.bel.tr\/v1\/wp-content\/uploads\/2021\/09\/DSC_0367-968x646.jpg 968w, https:\/\/taskopru.bel.tr\/v1\/wp-content\/uploads\/2021\/09\/DSC_0367-636x425.jpg 636w, https:\/\/taskopru.bel.tr\/v1\/wp-content\/uploads\/2021\/09\/DSC_0367-320x214.jpg 320w, https:\/\/taskopru.bel.tr\/v1\/wp-content\/uploads\/2021\/09\/DSC_0367-239x160.jpg 239w\" data-sizes=\"(max-width: 300px) 100vw, 300px\" src=\"data:image\/svg+xml;base64,PHN2ZyB3aWR0aD0iMSIgaGVpZ2h0PSIxIiB4bWxucz0iaHR0cDovL3d3dy53My5vcmcvMjAwMC9zdmciPjwvc3ZnPg==\" style=\"--smush-placeholder-width: 300px; --smush-placeholder-aspect-ratio: 300\/200;\" \/> <img decoding=\"async\" class=\"alignnone size-medium wp-image-7125 lazyload\" data-src=\"https:\/\/taskopru.bel.tr\/v1\/wp-content\/uploads\/2021\/09\/DSC_0366-300x200.jpg\" alt=\"\" width=\"300\" height=\"200\" data-srcset=\"https:\/\/taskopru.bel.tr\/v1\/wp-content\/uploads\/2021\/09\/DSC_0366-300x200.jpg 300w, https:\/\/taskopru.bel.tr\/v1\/wp-content\/uploads\/2021\/09\/DSC_0366-1024x684.jpg 1024w, https:\/\/taskopru.bel.tr\/v1\/wp-content\/uploads\/2021\/09\/DSC_0366-768x513.jpg 768w, https:\/\/taskopru.bel.tr\/v1\/wp-content\/uploads\/2021\/09\/DSC_0366-1536x1025.jpg 1536w, https:\/\/taskopru.bel.tr\/v1\/wp-content\/uploads\/2021\/09\/DSC_0366-2048x1367.jpg 2048w, https:\/\/taskopru.bel.tr\/v1\/wp-content\/uploads\/2021\/09\/DSC_0366-968x646.jpg 968w, https:\/\/taskopru.bel.tr\/v1\/wp-content\/uploads\/2021\/09\/DSC_0366-636x425.jpg 636w, https:\/\/taskopru.bel.tr\/v1\/wp-content\/uploads\/2021\/09\/DSC_0366-320x214.jpg 320w, https:\/\/taskopru.bel.tr\/v1\/wp-content\/uploads\/2021\/09\/DSC_0366-239x160.jpg 239w\" data-sizes=\"(max-width: 300px) 100vw, 300px\" src=\"data:image\/svg+xml;base64,PHN2ZyB3aWR0aD0iMSIgaGVpZ2h0PSIxIiB4bWxucz0iaHR0cDovL3d3dy53My5vcmcvMjAwMC9zdmciPjwvc3ZnPg==\" style=\"--smush-placeholder-width: 300px; --smush-placeholder-aspect-ratio: 300\/200;\" \/>\u00a0 <img decoding=\"async\" class=\"alignnone size-medium wp-image-7122 lazyload\" data-src=\"https:\/\/taskopru.bel.tr\/v1\/wp-content\/uploads\/2021\/09\/DSC_0357-300x200.jpg\" alt=\"\" width=\"300\" height=\"200\" data-srcset=\"https:\/\/taskopru.bel.tr\/v1\/wp-content\/uploads\/2021\/09\/DSC_0357-300x200.jpg 300w, https:\/\/taskopru.bel.tr\/v1\/wp-content\/uploads\/2021\/09\/DSC_0357-1024x684.jpg 1024w, https:\/\/taskopru.bel.tr\/v1\/wp-content\/uploads\/2021\/09\/DSC_0357-768x513.jpg 768w, https:\/\/taskopru.bel.tr\/v1\/wp-content\/uploads\/2021\/09\/DSC_0357-1536x1025.jpg 1536w, https:\/\/taskopru.bel.tr\/v1\/wp-content\/uploads\/2021\/09\/DSC_0357-2048x1367.jpg 2048w, https:\/\/taskopru.bel.tr\/v1\/wp-content\/uploads\/2021\/09\/DSC_0357-968x646.jpg 968w, https:\/\/taskopru.bel.tr\/v1\/wp-content\/uploads\/2021\/09\/DSC_0357-636x425.jpg 636w, https:\/\/taskopru.bel.tr\/v1\/wp-content\/uploads\/2021\/09\/DSC_0357-320x214.jpg 320w, https:\/\/taskopru.bel.tr\/v1\/wp-content\/uploads\/2021\/09\/DSC_0357-239x160.jpg 239w\" data-sizes=\"(max-width: 300px) 100vw, 300px\" src=\"data:image\/svg+xml;base64,PHN2ZyB3aWR0aD0iMSIgaGVpZ2h0PSIxIiB4bWxucz0iaHR0cDovL3d3dy53My5vcmcvMjAwMC9zdmciPjwvc3ZnPg==\" style=\"--smush-placeholder-width: 300px; --smush-placeholder-aspect-ratio: 300\/200;\" \/> <img decoding=\"async\" class=\"alignnone size-medium wp-image-7121 lazyload\" data-src=\"https:\/\/taskopru.bel.tr\/v1\/wp-content\/uploads\/2021\/09\/DSC_0352-300x200.jpg\" alt=\"\" width=\"300\" height=\"200\" data-srcset=\"https:\/\/taskopru.bel.tr\/v1\/wp-content\/uploads\/2021\/09\/DSC_0352-300x200.jpg 300w, https:\/\/taskopru.bel.tr\/v1\/wp-content\/uploads\/2021\/09\/DSC_0352-1024x684.jpg 1024w, https:\/\/taskopru.bel.tr\/v1\/wp-content\/uploads\/2021\/09\/DSC_0352-768x513.jpg 768w, https:\/\/taskopru.bel.tr\/v1\/wp-content\/uploads\/2021\/09\/DSC_0352-1536x1025.jpg 1536w, https:\/\/taskopru.bel.tr\/v1\/wp-content\/uploads\/2021\/09\/DSC_0352-2048x1367.jpg 2048w, https:\/\/taskopru.bel.tr\/v1\/wp-content\/uploads\/2021\/09\/DSC_0352-968x646.jpg 968w, https:\/\/taskopru.bel.tr\/v1\/wp-content\/uploads\/2021\/09\/DSC_0352-636x425.jpg 636w, https:\/\/taskopru.bel.tr\/v1\/wp-content\/uploads\/2021\/09\/DSC_0352-320x214.jpg 320w, https:\/\/taskopru.bel.tr\/v1\/wp-content\/uploads\/2021\/09\/DSC_0352-239x160.jpg 239w\" data-sizes=\"(max-width: 300px) 100vw, 300px\" src=\"data:image\/svg+xml;base64,PHN2ZyB3aWR0aD0iMSIgaGVpZ2h0PSIxIiB4bWxucz0iaHR0cDovL3d3dy53My5vcmcvMjAwMC9zdmciPjwvc3ZnPg==\" style=\"--smush-placeholder-width: 300px; --smush-placeholder-aspect-ratio: 300\/200;\" \/> <img decoding=\"async\" class=\"alignnone size-medium wp-image-7120 lazyload\" data-src=\"https:\/\/taskopru.bel.tr\/v1\/wp-content\/uploads\/2021\/09\/DSC_0350-300x200.jpg\" alt=\"\" width=\"300\" height=\"200\" data-srcset=\"https:\/\/taskopru.bel.tr\/v1\/wp-content\/uploads\/2021\/09\/DSC_0350-300x200.jpg 300w, https:\/\/taskopru.bel.tr\/v1\/wp-content\/uploads\/2021\/09\/DSC_0350-1024x684.jpg 1024w, https:\/\/taskopru.bel.tr\/v1\/wp-content\/uploads\/2021\/09\/DSC_0350-768x513.jpg 768w, https:\/\/taskopru.bel.tr\/v1\/wp-content\/uploads\/2021\/09\/DSC_0350-1536x1025.jpg 1536w, https:\/\/taskopru.bel.tr\/v1\/wp-content\/uploads\/2021\/09\/DSC_0350-2048x1367.jpg 2048w, https:\/\/taskopru.bel.tr\/v1\/wp-content\/uploads\/2021\/09\/DSC_0350-968x646.jpg 968w, https:\/\/taskopru.bel.tr\/v1\/wp-content\/uploads\/2021\/09\/DSC_0350-636x425.jpg 636w, https:\/\/taskopru.bel.tr\/v1\/wp-content\/uploads\/2021\/09\/DSC_0350-320x214.jpg 320w, https:\/\/taskopru.bel.tr\/v1\/wp-content\/uploads\/2021\/09\/DSC_0350-239x160.jpg 239w\" data-sizes=\"(max-width: 300px) 100vw, 300px\" src=\"data:image\/svg+xml;base64,PHN2ZyB3aWR0aD0iMSIgaGVpZ2h0PSIxIiB4bWxucz0iaHR0cDovL3d3dy53My5vcmcvMjAwMC9zdmciPjwvc3ZnPg==\" style=\"--smush-placeholder-width: 300px; --smush-placeholder-aspect-ratio: 300\/200;\" \/> <img decoding=\"async\" class=\"alignnone size-medium wp-image-7119 lazyload\" data-src=\"https:\/\/taskopru.bel.tr\/v1\/wp-content\/uploads\/2021\/09\/DSC_0348-300x200.jpg\" alt=\"\" width=\"300\" height=\"200\" data-srcset=\"https:\/\/taskopru.bel.tr\/v1\/wp-content\/uploads\/2021\/09\/DSC_0348-300x200.jpg 300w, https:\/\/taskopru.bel.tr\/v1\/wp-content\/uploads\/2021\/09\/DSC_0348-1024x684.jpg 1024w, https:\/\/taskopru.bel.tr\/v1\/wp-content\/uploads\/2021\/09\/DSC_0348-768x513.jpg 768w, https:\/\/taskopru.bel.tr\/v1\/wp-content\/uploads\/2021\/09\/DSC_0348-1536x1025.jpg 1536w, https:\/\/taskopru.bel.tr\/v1\/wp-content\/uploads\/2021\/09\/DSC_0348-2048x1367.jpg 2048w, https:\/\/taskopru.bel.tr\/v1\/wp-content\/uploads\/2021\/09\/DSC_0348-968x646.jpg 968w, https:\/\/taskopru.bel.tr\/v1\/wp-content\/uploads\/2021\/09\/DSC_0348-636x425.jpg 636w, https:\/\/taskopru.bel.tr\/v1\/wp-content\/uploads\/2021\/09\/DSC_0348-320x214.jpg 320w, https:\/\/taskopru.bel.tr\/v1\/wp-content\/uploads\/2021\/09\/DSC_0348-239x160.jpg 239w\" data-sizes=\"(max-width: 300px) 100vw, 300px\" src=\"data:image\/svg+xml;base64,PHN2ZyB3aWR0aD0iMSIgaGVpZ2h0PSIxIiB4bWxucz0iaHR0cDovL3d3dy53My5vcmcvMjAwMC9zdmciPjwvc3ZnPg==\" style=\"--smush-placeholder-width: 300px; --smush-placeholder-aspect-ratio: 300\/200;\" \/><\/p>\n<p>&nbsp;<\/p>\n","protected":false},"excerpt":{"rendered":"<p>Ta\u015fk\u00f6pr\u00fc Belediyesi Konuk Evi Bu Y\u0131lda \u00d6\u011frencileri A\u011f\u0131rlayacak. Ta\u015fk\u00f6pr\u00fc Belediyesi taraf\u0131ndan hizmet veren ve Meslek Y\u00fcksek Okulu\u2019nda e\u011fitimlerini tamamlamaya gelen, bayan \u00f6\u011frenciler i\u00e7in, haz\u0131rlanan Konuk Evi, bu y\u0131lda \u00f6\u011frencilerini misafir edecek. Okula y\u00fcr\u00fcme mesafesi ile 2 dk olan Konuk evi, bayan \u00f6\u011frencilerinin daha rahat bir ortamda e\u011fitimlerini s\u00fcrd\u00fcrebilmeleri i\u00e7in, Belediye Ba\u015fkanl\u0131\u011f\u0131 konuk evi bu y\u0131lda [&hellip;]<\/p>\n","protected":false},"author":1,"featured_media":0,"parent":0,"menu_order":0,"comment_status":"closed","ping_status":"closed","template":"","meta":{"footnotes":""},"class_list":["post-8362","page","type-page","status-publish"],"_links":{"self":[{"href":"https:\/\/taskopru.bel.tr\/v1\/wp-json\/wp\/v2\/pages\/8362","targetHints":{"allow":["GET"]}}],"collection":[{"href":"https:\/\/taskopru.bel.tr\/v1\/wp-json\/wp\/v2\/pages"}],"about":[{"href":"https:\/\/taskopru.bel.tr\/v1\/wp-json\/wp\/v2\/types\/page"}],"author":[{"embeddable":true,"href":"https:\/\/taskopru.bel.tr\/v1\/wp-json\/wp\/v2\/users\/1"}],"replies":[{"embeddable":true,"href":"https:\/\/taskopru.bel.tr\/v1\/wp-json\/wp\/v2\/comments?post=8362"}],"version-history":[{"count":6,"href":"https:\/\/taskopru.bel.tr\/v1\/wp-json\/wp\/v2\/pages\/8362\/revisions"}],"predecessor-version":[{"id":11871,"href":"https:\/\/taskopru.bel.tr\/v1\/wp-json\/wp\/v2\/pages\/8362\/revisions\/11871"}],"wp:attachment":[{"href":"https:\/\/taskopru.bel.tr\/v1\/wp-json\/wp\/v2\/media?parent=8362"}],"curies":[{"name":"wp","href":"https:\/\/api.w.org\/{rel}","templated":true}]}}