{"id":631,"date":"2013-04-22T10:05:30","date_gmt":"2013-04-22T10:05:30","guid":{"rendered":"http:\/\/3clicks.bringthepixel.com\/?page_id=631"},"modified":"2021-09-16T12:20:10","modified_gmt":"2021-09-16T09:20:10","slug":"iletisim","status":"publish","type":"page","link":"https:\/\/taskopru.bel.tr\/v1\/iletisim\/","title":{"rendered":"\u0130leti\u015fim"},"content":{"rendered":"<ul class=\"g1-grid\"><li class=\"g1-column g1-one-half g1-valign-top\">\n<h2>Adresimiz<\/h2>\n<div class=\"g1-gmap-wrapper\">\n<div id=\"g1-gmap-counter-1\" class=\"g1-gmap\" data-g1-gmap-config=\"{ map_type: 'small',invert_lightness: '0',latitude: '41.509201',longitude: '34.212491',zoom: '15',marker: 'open-bubble',marker_icon: '',type: 'simple' }\" style=\"width: 100%; height: 400px;\">\n<div class=\"g1-gmap-content\" style=\"display: none;\">\n<\/div><\/div><\/div>\n\n<\/li><!-- -->\n<li class=\"g1-column g1-one-half g1-valign-top\">\n<h2>Mesaj G\u00f6nderin<\/h2>\n<form action=\"https:\/\/taskopru.bel.tr\/v1\/iletisim\/#contact-form-counter-1\" method=\"post\" id=\"contact-form-counter-1\" class=\"contact-form g1-ajax-submit\"><div class=\"form-row\"><label for=\"contact_form_name_1\">Ad\u0131n\u0131z <em class=\"meta\">(required)<\/em><\/label><input type=\"text\" id=\"contact_form_name_1\" name=\"contact_form_name_1\" value=\"\" \/><\/div><div class=\"form-row\"><label for=\"contact_form_email_1\">Email  <em class=\"meta\">(required)<\/em><\/label><input type=\"text\" id=\"contact_form_email_1\" name=\"contact_form_email_1\" value=\"\" \/><\/div><div class=\"form-row\"><label for=\"contact_form_message_1\">Mesaj\u0131n\u0131z <em class=\"meta\">(required)<\/em><\/label><textarea id=\"contact_form_message_1\" name=\"contact_form_message_1\" rows=\"5\" cols=\"5\"><\/textarea><\/div><div class=\"form-row\"><label for=\"contact_form_captcha_1\">4 + 5 ?  <em class=\"meta\">(\u0130\u015flemin Toplam\u0131?)<\/em><\/label><input type=\"text\" class=\"u-2\" id=\"contact_form_captcha_1\" name=\"contact_form_captcha_1\" value=\"\" \/><\/div><fieldset><input type=\"hidden\" id=\"contact_form_captcha_hash_1\" name=\"contact_form_captcha_hash_1\" value=\"92262bf907af914b95a0fc33c3f33bf6\" \/><\/fieldset><fieldset><input type=\"hidden\" id=\"contact_form_data\" name=\"contact_form_data\" value=\"YTo4OntzOjI6ImlkIjtzOjA6IiI7czo1OiJjbGFzcyI7czowOiIiO3M6NDoibmFtZSI7czoyMDoiQWTEsW7EsXogU295YWTEsW7EsXoiO3M6NToiZW1haWwiO3M6NzoiRSBQb3N0YSI7czo3OiJzdWJqZWN0IjtzOjQ6IktvbnUiO3M6Nzoic3VjY2VzcyI7czoxMToiQmHFn2FyxLFsxLEiO3M6NzoiZmFpbHVyZSI7czo0OiJIYXRhIjtzOjc6ImNvdW50ZXIiO2k6MTt9\" \/><\/fieldset><div class=\"form-row\"><input type=\"submit\" name=\"contact_form_submit_1\" id=\"contact_form_submit_1\" value=\"G\u00f6nder\" \/><\/div><\/form>\n<p><a href=\"http:\/\/taskopru.bel.tr\/v1\/wp-content\/uploads\/2021\/09\/TA\u015eK\u00d6PR\u00dc-BELED\u0130YES\u0130-\u0130LET\u0130\u015e\u0130M-FORMU-AYDINLATMA-METN\u0130.pdf\">\u0130leti\u015fim Formu Ayd\u0131nlatma Metni<\/a><\/p>\n<\/li><!-- --><\/ul>\n<div id=\"g1-divider-1\" class=\"g1-divider g1-divider--none g1-divider--noicon \"><\/div>\n<ul class=\"g1-grid\"><li class=\"g1-column g1-one-third g1-valign-top\">\n<ul class=\"g1-grid\"><li class=\"g1-column g1-one-fourth g1-valign-top\">\n<i id=\"icon-1\" class=\"g1-icon g1-icon--solid g1-icon--medium g1-icon--inherit  fa fa-map-marker\"><\/i>\n<\/li><!-- -->\n<li class=\"g1-column g1-three-fourth g1-valign-top\">\n<p><strong>Adresimiz:<\/strong><br \/>\nHarmanc\u0131k Mah. Muzafferettin<br \/>\nGazi Cad. No:2 Ta\u015fk\u00f6pr\u00fc \/ Kastamonu<\/p>\n<\/li><!-- --><\/ul>\n<\/li><!-- -->\n<li class=\"g1-column g1-one-third g1-valign-top\">\n<ul class=\"g1-grid\"><li class=\"g1-column g1-one-fourth g1-valign-top\">\n<i id=\"icon-2\" class=\"g1-icon g1-icon--solid g1-icon--medium g1-icon--inherit  fa fa-phone\"><\/i>\n<\/li><!-- -->\n<li class=\"g1-column g1-three-fourth g1-valign-top\">\n<p><strong>Numaralar\u0131m\u0131z:<\/strong><br \/>\nPbx: 0 366 417 10 58<br \/>\nSantral: 0 366 417 10 58<\/p>\n<\/li><!-- --><\/ul>\n<\/li><!-- -->\n<li class=\"g1-column g1-one-third g1-valign-top\">\n<ul class=\"g1-grid\"><li class=\"g1-column g1-one-fourth g1-valign-top\">\n<i id=\"icon-3\" class=\"g1-icon g1-icon--solid g1-icon--medium g1-icon--inherit  fa fa-envelope-o\"><\/i>\n<\/li><!-- -->\n<li class=\"g1-column g1-three-fourth g1-valign-top\">\n<p><strong>Email:<\/strong><br \/>\ninfo@taskopru.bel.tr<br \/>\nbilgiislem@taskopru.bel.tr<\/p>\n<\/li><!-- --><\/ul>\n<\/li><!-- --><\/ul>\n","protected":false},"excerpt":{"rendered":"","protected":false},"author":1,"featured_media":0,"parent":0,"menu_order":0,"comment_status":"closed","ping_status":"closed","template":"","meta":{"footnotes":""},"class_list":["post-631","page","type-page","status-publish"],"_links":{"self":[{"href":"https:\/\/taskopru.bel.tr\/v1\/wp-json\/wp\/v2\/pages\/631","targetHints":{"allow":["GET"]}}],"collection":[{"href":"https:\/\/taskopru.bel.tr\/v1\/wp-json\/wp\/v2\/pages"}],"about":[{"href":"https:\/\/taskopru.bel.tr\/v1\/wp-json\/wp\/v2\/types\/page"}],"author":[{"embeddable":true,"href":"https:\/\/taskopru.bel.tr\/v1\/wp-json\/wp\/v2\/users\/1"}],"replies":[{"embeddable":true,"href":"https:\/\/taskopru.bel.tr\/v1\/wp-json\/wp\/v2\/comments?post=631"}],"version-history":[{"count":7,"href":"https:\/\/taskopru.bel.tr\/v1\/wp-json\/wp\/v2\/pages\/631\/revisions"}],"predecessor-version":[{"id":7032,"href":"https:\/\/taskopru.bel.tr\/v1\/wp-json\/wp\/v2\/pages\/631\/revisions\/7032"}],"wp:attachment":[{"href":"https:\/\/taskopru.bel.tr\/v1\/wp-json\/wp\/v2\/media?parent=631"}],"curies":[{"name":"wp","href":"https:\/\/api.w.org\/{rel}","templated":true}]}}