{"id":2715,"date":"2019-06-28T19:17:01","date_gmt":"2019-06-28T16:17:01","guid":{"rendered":"http:\/\/taskopru.bel.tr\/v1\/?page_id=2715"},"modified":"2019-06-28T19:17:01","modified_gmt":"2019-06-28T16:17:01","slug":"video-galeri","status":"publish","type":"page","link":"https:\/\/taskopru.bel.tr\/v1\/video-galeri\/","title":{"rendered":"Video Galeri"},"content":{"rendered":"<div class=\"wp-playlist wp-video-playlist wp-playlist-light\">\n\t\t<video controls=\"controls\" preload=\"none\" width=\"664\"\n\t\t height=\"374\"\t><\/video>\n\t<div class=\"wp-playlist-next\"><\/div>\n\t<div class=\"wp-playlist-prev\"><\/div>\n\t<noscript>\n\t<ol>\n\t\t<li><a href='https:\/\/taskopru.bel.tr\/v1\/wp-content\/uploads\/2019\/06\/Ta\u015fk\u00f6pr\u00fc-1.mp4'>Ta\u015fk\u00f6pr\u00fc<\/a><\/li>\t<\/ol>\n\t<\/noscript>\n\t<script type=\"application\/json\" class=\"wp-playlist-script\">{\"type\":\"video\",\"tracklist\":true,\"tracknumbers\":true,\"images\":true,\"artists\":true,\"tracks\":[{\"src\":\"https:\/\/taskopru.bel.tr\/v1\/wp-content\/uploads\/2019\/06\/Ta\\u015fk\\u00f6pr\\u00fc-1.mp4\",\"type\":\"video\/mp4\",\"title\":\"Ta\\u015fk\\u00f6pr\\u00fc\",\"caption\":\"\",\"description\":\"\",\"meta\":{\"length_formatted\":\"1:02\"},\"dimensions\":{\"original\":{\"width\":1920,\"height\":1080},\"resized\":{\"width\":664,\"height\":374}},\"image\":{\"src\":\"https:\/\/taskopru.bel.tr\/v1\/wp-content\/uploads\/2013\/05\/12239704_869952463119118_4196559235662697790_n.jpg\",\"width\":960,\"height\":602},\"thumb\":{\"src\":\"https:\/\/taskopru.bel.tr\/v1\/wp-content\/uploads\/2013\/05\/12239704_869952463119118_4196559235662697790_n-150x150.jpg\",\"width\":150,\"height\":150}}]}<\/script>\n<\/div>\n\t\n","protected":false},"excerpt":{"rendered":"","protected":false},"author":1,"featured_media":0,"parent":0,"menu_order":0,"comment_status":"closed","ping_status":"closed","template":"","meta":{"footnotes":""},"class_list":["post-2715","page","type-page","status-publish"],"_links":{"self":[{"href":"https:\/\/taskopru.bel.tr\/v1\/wp-json\/wp\/v2\/pages\/2715","targetHints":{"allow":["GET"]}}],"collection":[{"href":"https:\/\/taskopru.bel.tr\/v1\/wp-json\/wp\/v2\/pages"}],"about":[{"href":"https:\/\/taskopru.bel.tr\/v1\/wp-json\/wp\/v2\/types\/page"}],"author":[{"embeddable":true,"href":"https:\/\/taskopru.bel.tr\/v1\/wp-json\/wp\/v2\/users\/1"}],"replies":[{"embeddable":true,"href":"https:\/\/taskopru.bel.tr\/v1\/wp-json\/wp\/v2\/comments?post=2715"}],"version-history":[{"count":1,"href":"https:\/\/taskopru.bel.tr\/v1\/wp-json\/wp\/v2\/pages\/2715\/revisions"}],"predecessor-version":[{"id":2716,"href":"https:\/\/taskopru.bel.tr\/v1\/wp-json\/wp\/v2\/pages\/2715\/revisions\/2716"}],"wp:attachment":[{"href":"https:\/\/taskopru.bel.tr\/v1\/wp-json\/wp\/v2\/media?parent=2715"}],"curies":[{"name":"wp","href":"https:\/\/api.w.org\/{rel}","templated":true}]}}