{"id":2713,"date":"2019-06-28T19:15:05","date_gmt":"2019-06-28T16:15:05","guid":{"rendered":"http:\/\/taskopru.bel.tr\/v1\/?page_id=2713"},"modified":"2024-06-24T08:53:56","modified_gmt":"2024-06-24T05:53:56","slug":"foto-galeri","status":"publish","type":"page","link":"https:\/\/taskopru.bel.tr\/v1\/foto-galeri\/","title":{"rendered":"Foto Galeri"},"content":{"rendered":"<figure id='gallery-1' class='gallery galleryid-2713 gallery-columns-3 gallery-size-thumbnail'><ol><li class='gallery-item'>\n\t\t\t<div class='gallery-icon landscape'>\n\t\t\t\t<a data-g1-lightbox=\"gallery-1496252489\" href='https:\/\/taskopru.bel.tr\/v1\/wp-content\/uploads\/2019\/07\/scan0002.jpg'><img decoding=\"async\" width=\"150\" height=\"150\" data-src=\"https:\/\/taskopru.bel.tr\/v1\/wp-content\/uploads\/2019\/07\/scan0002-150x150.jpg\" class=\"attachment-thumbnail size-thumbnail lazyload\" alt=\"\" data-srcset=\"https:\/\/taskopru.bel.tr\/v1\/wp-content\/uploads\/2019\/07\/scan0002-150x150.jpg 150w, https:\/\/taskopru.bel.tr\/v1\/wp-content\/uploads\/2019\/07\/scan0002-55x55.jpg 55w\" data-sizes=\"(max-width: 150px) 100vw, 150px\" src=\"data:image\/svg+xml;base64,PHN2ZyB3aWR0aD0iMSIgaGVpZ2h0PSIxIiB4bWxucz0iaHR0cDovL3d3dy53My5vcmcvMjAwMC9zdmciPjwvc3ZnPg==\" style=\"--smush-placeholder-width: 150px; --smush-placeholder-aspect-ratio: 150\/150;\" \/><\/a>\n\t\t\t<\/div><\/li><li class='gallery-item'>\n\t\t\t<div class='gallery-icon landscape'>\n\t\t\t\t<a data-g1-lightbox=\"gallery-1496252489\" href='https:\/\/taskopru.bel.tr\/v1\/wp-content\/uploads\/2019\/07\/ta\u015fk\u00f6pr1.jpg'><img decoding=\"async\" width=\"150\" height=\"150\" data-src=\"https:\/\/taskopru.bel.tr\/v1\/wp-content\/uploads\/2019\/07\/ta\u015fk\u00f6pr1-150x150.jpg\" class=\"attachment-thumbnail size-thumbnail lazyload\" alt=\"\" data-srcset=\"https:\/\/taskopru.bel.tr\/v1\/wp-content\/uploads\/2019\/07\/ta\u015fk\u00f6pr1-150x150.jpg 150w, https:\/\/taskopru.bel.tr\/v1\/wp-content\/uploads\/2019\/07\/ta\u015fk\u00f6pr1-55x55.jpg 55w\" data-sizes=\"(max-width: 150px) 100vw, 150px\" src=\"data:image\/svg+xml;base64,PHN2ZyB3aWR0aD0iMSIgaGVpZ2h0PSIxIiB4bWxucz0iaHR0cDovL3d3dy53My5vcmcvMjAwMC9zdmciPjwvc3ZnPg==\" style=\"--smush-placeholder-width: 150px; --smush-placeholder-aspect-ratio: 150\/150;\" \/><\/a>\n\t\t\t<\/div><\/li><li class='gallery-item'>\n\t\t\t<div class='gallery-icon landscape'>\n\t\t\t\t<a data-g1-lightbox=\"gallery-1496252489\" href='https:\/\/taskopru.bel.tr\/v1\/wp-content\/uploads\/2019\/07\/ta\u015fk\u00f6pr2.jpg'><img decoding=\"async\" width=\"150\" height=\"150\" data-src=\"https:\/\/taskopru.bel.tr\/v1\/wp-content\/uploads\/2019\/07\/ta\u015fk\u00f6pr2-150x150.jpg\" class=\"attachment-thumbnail size-thumbnail lazyload\" alt=\"\" data-srcset=\"https:\/\/taskopru.bel.tr\/v1\/wp-content\/uploads\/2019\/07\/ta\u015fk\u00f6pr2-150x150.jpg 150w, https:\/\/taskopru.bel.tr\/v1\/wp-content\/uploads\/2019\/07\/ta\u015fk\u00f6pr2-55x55.jpg 55w\" data-sizes=\"(max-width: 150px) 100vw, 150px\" src=\"data:image\/svg+xml;base64,PHN2ZyB3aWR0aD0iMSIgaGVpZ2h0PSIxIiB4bWxucz0iaHR0cDovL3d3dy53My5vcmcvMjAwMC9zdmciPjwvc3ZnPg==\" style=\"--smush-placeholder-width: 150px; --smush-placeholder-aspect-ratio: 150\/150;\" \/><\/a>\n\t\t\t<\/div><\/li><li class='gallery-item'>\n\t\t\t<div class='gallery-icon landscape'>\n\t\t\t\t<a data-g1-lightbox=\"gallery-1496252489\" href='https:\/\/taskopru.bel.tr\/v1\/wp-content\/uploads\/2019\/07\/ta\u015fk\u00f6pr3.jpg'><img decoding=\"async\" width=\"150\" height=\"150\" data-src=\"https:\/\/taskopru.bel.tr\/v1\/wp-content\/uploads\/2019\/07\/ta\u015fk\u00f6pr3-150x150.jpg\" class=\"attachment-thumbnail size-thumbnail lazyload\" alt=\"\" data-srcset=\"https:\/\/taskopru.bel.tr\/v1\/wp-content\/uploads\/2019\/07\/ta\u015fk\u00f6pr3-150x150.jpg 150w, https:\/\/taskopru.bel.tr\/v1\/wp-content\/uploads\/2019\/07\/ta\u015fk\u00f6pr3-55x55.jpg 55w\" data-sizes=\"(max-width: 150px) 100vw, 150px\" src=\"data:image\/svg+xml;base64,PHN2ZyB3aWR0aD0iMSIgaGVpZ2h0PSIxIiB4bWxucz0iaHR0cDovL3d3dy53My5vcmcvMjAwMC9zdmciPjwvc3ZnPg==\" style=\"--smush-placeholder-width: 150px; --smush-placeholder-aspect-ratio: 150\/150;\" \/><\/a>\n\t\t\t<\/div><\/li><li class='gallery-item'>\n\t\t\t<div class='gallery-icon landscape'>\n\t\t\t\t<a data-g1-lightbox=\"gallery-1496252489\" href='https:\/\/taskopru.bel.tr\/v1\/wp-content\/uploads\/2019\/07\/ta\u015fk\u00f6pr4.jpg'><img decoding=\"async\" width=\"150\" height=\"150\" data-src=\"https:\/\/taskopru.bel.tr\/v1\/wp-content\/uploads\/2019\/07\/ta\u015fk\u00f6pr4-150x150.jpg\" class=\"attachment-thumbnail size-thumbnail lazyload\" alt=\"\" data-srcset=\"https:\/\/taskopru.bel.tr\/v1\/wp-content\/uploads\/2019\/07\/ta\u015fk\u00f6pr4-150x150.jpg 150w, https:\/\/taskopru.bel.tr\/v1\/wp-content\/uploads\/2019\/07\/ta\u015fk\u00f6pr4-55x55.jpg 55w\" data-sizes=\"(max-width: 150px) 100vw, 150px\" src=\"data:image\/svg+xml;base64,PHN2ZyB3aWR0aD0iMSIgaGVpZ2h0PSIxIiB4bWxucz0iaHR0cDovL3d3dy53My5vcmcvMjAwMC9zdmciPjwvc3ZnPg==\" style=\"--smush-placeholder-width: 150px; --smush-placeholder-aspect-ratio: 150\/150;\" \/><\/a>\n\t\t\t<\/div><\/li><li class='gallery-item'>\n\t\t\t<div class='gallery-icon landscape'>\n\t\t\t\t<a data-g1-lightbox=\"gallery-1496252489\" href='https:\/\/taskopru.bel.tr\/v1\/wp-content\/uploads\/2019\/07\/ta\u015fk\u00f6pr6.jpg'><img decoding=\"async\" width=\"150\" height=\"150\" data-src=\"https:\/\/taskopru.bel.tr\/v1\/wp-content\/uploads\/2019\/07\/ta\u015fk\u00f6pr6-150x150.jpg\" class=\"attachment-thumbnail size-thumbnail lazyload\" alt=\"\" data-srcset=\"https:\/\/taskopru.bel.tr\/v1\/wp-content\/uploads\/2019\/07\/ta\u015fk\u00f6pr6-150x150.jpg 150w, https:\/\/taskopru.bel.tr\/v1\/wp-content\/uploads\/2019\/07\/ta\u015fk\u00f6pr6-55x55.jpg 55w\" data-sizes=\"(max-width: 150px) 100vw, 150px\" src=\"data:image\/svg+xml;base64,PHN2ZyB3aWR0aD0iMSIgaGVpZ2h0PSIxIiB4bWxucz0iaHR0cDovL3d3dy53My5vcmcvMjAwMC9zdmciPjwvc3ZnPg==\" style=\"--smush-placeholder-width: 150px; --smush-placeholder-aspect-ratio: 150\/150;\" \/><\/a>\n\t\t\t<\/div><\/li><li class='gallery-item'>\n\t\t\t<div class='gallery-icon portrait'>\n\t\t\t\t<a data-g1-lightbox=\"gallery-1496252489\" href='https:\/\/taskopru.bel.tr\/v1\/wp-content\/uploads\/2019\/07\/ta\u015fk\u00f6pr7.jpg'><img decoding=\"async\" width=\"150\" height=\"150\" data-src=\"https:\/\/taskopru.bel.tr\/v1\/wp-content\/uploads\/2019\/07\/ta\u015fk\u00f6pr7-150x150.jpg\" class=\"attachment-thumbnail size-thumbnail lazyload\" alt=\"\" data-srcset=\"https:\/\/taskopru.bel.tr\/v1\/wp-content\/uploads\/2019\/07\/ta\u015fk\u00f6pr7-150x150.jpg 150w, https:\/\/taskopru.bel.tr\/v1\/wp-content\/uploads\/2019\/07\/ta\u015fk\u00f6pr7-55x55.jpg 55w\" data-sizes=\"(max-width: 150px) 100vw, 150px\" src=\"data:image\/svg+xml;base64,PHN2ZyB3aWR0aD0iMSIgaGVpZ2h0PSIxIiB4bWxucz0iaHR0cDovL3d3dy53My5vcmcvMjAwMC9zdmciPjwvc3ZnPg==\" style=\"--smush-placeholder-width: 150px; --smush-placeholder-aspect-ratio: 150\/150;\" \/><\/a>\n\t\t\t<\/div><\/li><li class='gallery-item'>\n\t\t\t<div class='gallery-icon landscape'>\n\t\t\t\t<a data-g1-lightbox=\"gallery-1496252489\" href='https:\/\/taskopru.bel.tr\/v1\/wp-content\/uploads\/2019\/07\/ta\u015fk\u00f6pr11.jpg'><img decoding=\"async\" width=\"150\" height=\"150\" data-src=\"https:\/\/taskopru.bel.tr\/v1\/wp-content\/uploads\/2019\/07\/ta\u015fk\u00f6pr11-150x150.jpg\" class=\"attachment-thumbnail size-thumbnail lazyload\" alt=\"\" data-srcset=\"https:\/\/taskopru.bel.tr\/v1\/wp-content\/uploads\/2019\/07\/ta\u015fk\u00f6pr11-150x150.jpg 150w, https:\/\/taskopru.bel.tr\/v1\/wp-content\/uploads\/2019\/07\/ta\u015fk\u00f6pr11-55x55.jpg 55w\" data-sizes=\"(max-width: 150px) 100vw, 150px\" src=\"data:image\/svg+xml;base64,PHN2ZyB3aWR0aD0iMSIgaGVpZ2h0PSIxIiB4bWxucz0iaHR0cDovL3d3dy53My5vcmcvMjAwMC9zdmciPjwvc3ZnPg==\" style=\"--smush-placeholder-width: 150px; --smush-placeholder-aspect-ratio: 150\/150;\" \/><\/a>\n\t\t\t<\/div><\/li><li class='gallery-item'>\n\t\t\t<div class='gallery-icon landscape'>\n\t\t\t\t<a data-g1-lightbox=\"gallery-1496252489\" href='https:\/\/taskopru.bel.tr\/v1\/wp-content\/uploads\/2019\/07\/ta\u015fk\u00f6pr13.jpg'><img decoding=\"async\" width=\"150\" height=\"150\" data-src=\"https:\/\/taskopru.bel.tr\/v1\/wp-content\/uploads\/2019\/07\/ta\u015fk\u00f6pr13-150x150.jpg\" class=\"attachment-thumbnail size-thumbnail lazyload\" alt=\"\" data-srcset=\"https:\/\/taskopru.bel.tr\/v1\/wp-content\/uploads\/2019\/07\/ta\u015fk\u00f6pr13-150x150.jpg 150w, https:\/\/taskopru.bel.tr\/v1\/wp-content\/uploads\/2019\/07\/ta\u015fk\u00f6pr13-55x55.jpg 55w\" data-sizes=\"(max-width: 150px) 100vw, 150px\" src=\"data:image\/svg+xml;base64,PHN2ZyB3aWR0aD0iMSIgaGVpZ2h0PSIxIiB4bWxucz0iaHR0cDovL3d3dy53My5vcmcvMjAwMC9zdmciPjwvc3ZnPg==\" style=\"--smush-placeholder-width: 150px; --smush-placeholder-aspect-ratio: 150\/150;\" \/><\/a>\n\t\t\t<\/div><\/li><li class='gallery-item'>\n\t\t\t<div class='gallery-icon landscape'>\n\t\t\t\t<a data-g1-lightbox=\"gallery-1496252489\" href='https:\/\/taskopru.bel.tr\/v1\/wp-content\/uploads\/2019\/07\/ta\u015fk\u00f6pr17.jpg'><img decoding=\"async\" width=\"150\" height=\"150\" data-src=\"https:\/\/taskopru.bel.tr\/v1\/wp-content\/uploads\/2019\/07\/ta\u015fk\u00f6pr17-150x150.jpg\" class=\"attachment-thumbnail size-thumbnail lazyload\" alt=\"\" data-srcset=\"https:\/\/taskopru.bel.tr\/v1\/wp-content\/uploads\/2019\/07\/ta\u015fk\u00f6pr17-150x150.jpg 150w, https:\/\/taskopru.bel.tr\/v1\/wp-content\/uploads\/2019\/07\/ta\u015fk\u00f6pr17-55x55.jpg 55w\" data-sizes=\"(max-width: 150px) 100vw, 150px\" src=\"data:image\/svg+xml;base64,PHN2ZyB3aWR0aD0iMSIgaGVpZ2h0PSIxIiB4bWxucz0iaHR0cDovL3d3dy53My5vcmcvMjAwMC9zdmciPjwvc3ZnPg==\" style=\"--smush-placeholder-width: 150px; --smush-placeholder-aspect-ratio: 150\/150;\" \/><\/a>\n\t\t\t<\/div><\/li><li class='gallery-item'>\n\t\t\t<div class='gallery-icon landscape'>\n\t\t\t\t<a data-g1-lightbox=\"gallery-1496252489\" href='https:\/\/taskopru.bel.tr\/v1\/wp-content\/uploads\/2019\/07\/ta\u015fk\u00f6pr33.jpg'><img decoding=\"async\" width=\"150\" height=\"150\" data-src=\"https:\/\/taskopru.bel.tr\/v1\/wp-content\/uploads\/2019\/07\/ta\u015fk\u00f6pr33-150x150.jpg\" class=\"attachment-thumbnail size-thumbnail lazyload\" alt=\"\" data-srcset=\"https:\/\/taskopru.bel.tr\/v1\/wp-content\/uploads\/2019\/07\/ta\u015fk\u00f6pr33-150x150.jpg 150w, https:\/\/taskopru.bel.tr\/v1\/wp-content\/uploads\/2019\/07\/ta\u015fk\u00f6pr33-55x55.jpg 55w\" data-sizes=\"(max-width: 150px) 100vw, 150px\" src=\"data:image\/svg+xml;base64,PHN2ZyB3aWR0aD0iMSIgaGVpZ2h0PSIxIiB4bWxucz0iaHR0cDovL3d3dy53My5vcmcvMjAwMC9zdmciPjwvc3ZnPg==\" style=\"--smush-placeholder-width: 150px; --smush-placeholder-aspect-ratio: 150\/150;\" \/><\/a>\n\t\t\t<\/div><\/li><li class='gallery-item'>\n\t\t\t<div class='gallery-icon landscape'>\n\t\t\t\t<a data-g1-lightbox=\"gallery-1496252489\" href='https:\/\/taskopru.bel.tr\/v1\/wp-content\/uploads\/2019\/07\/ta\u015fk\u00f6pr34.jpg'><img decoding=\"async\" width=\"150\" height=\"150\" data-src=\"https:\/\/taskopru.bel.tr\/v1\/wp-content\/uploads\/2019\/07\/ta\u015fk\u00f6pr34-150x150.jpg\" class=\"attachment-thumbnail size-thumbnail lazyload\" alt=\"\" data-srcset=\"https:\/\/taskopru.bel.tr\/v1\/wp-content\/uploads\/2019\/07\/ta\u015fk\u00f6pr34-150x150.jpg 150w, https:\/\/taskopru.bel.tr\/v1\/wp-content\/uploads\/2019\/07\/ta\u015fk\u00f6pr34-55x55.jpg 55w\" data-sizes=\"(max-width: 150px) 100vw, 150px\" src=\"data:image\/svg+xml;base64,PHN2ZyB3aWR0aD0iMSIgaGVpZ2h0PSIxIiB4bWxucz0iaHR0cDovL3d3dy53My5vcmcvMjAwMC9zdmciPjwvc3ZnPg==\" style=\"--smush-placeholder-width: 150px; --smush-placeholder-aspect-ratio: 150\/150;\" \/><\/a>\n\t\t\t<\/div><\/li><li class='gallery-item'>\n\t\t\t<div class='gallery-icon landscape'>\n\t\t\t\t<a data-g1-lightbox=\"gallery-1496252489\" href='https:\/\/taskopru.bel.tr\/v1\/wp-content\/uploads\/2019\/07\/ta\u015fk\u00f6pr\u00fc_3.jpg'><img decoding=\"async\" width=\"150\" height=\"150\" data-src=\"https:\/\/taskopru.bel.tr\/v1\/wp-content\/uploads\/2019\/07\/ta\u015fk\u00f6pr\u00fc_3-150x150.jpg\" class=\"attachment-thumbnail size-thumbnail lazyload\" alt=\"\" data-srcset=\"https:\/\/taskopru.bel.tr\/v1\/wp-content\/uploads\/2019\/07\/ta\u015fk\u00f6pr\u00fc_3-150x150.jpg 150w, https:\/\/taskopru.bel.tr\/v1\/wp-content\/uploads\/2019\/07\/ta\u015fk\u00f6pr\u00fc_3-55x55.jpg 55w\" data-sizes=\"(max-width: 150px) 100vw, 150px\" src=\"data:image\/svg+xml;base64,PHN2ZyB3aWR0aD0iMSIgaGVpZ2h0PSIxIiB4bWxucz0iaHR0cDovL3d3dy53My5vcmcvMjAwMC9zdmciPjwvc3ZnPg==\" style=\"--smush-placeholder-width: 150px; --smush-placeholder-aspect-ratio: 150\/150;\" \/><\/a>\n\t\t\t<\/div><\/li><li class='gallery-item'>\n\t\t\t<div class='gallery-icon landscape'>\n\t\t\t\t<a data-g1-lightbox=\"gallery-1496252489\" href='https:\/\/taskopru.bel.tr\/v1\/wp-content\/uploads\/2019\/07\/ta\u015fk\u00f6pr\u00fc4.jpg'><img decoding=\"async\" width=\"150\" height=\"150\" data-src=\"https:\/\/taskopru.bel.tr\/v1\/wp-content\/uploads\/2019\/07\/ta\u015fk\u00f6pr\u00fc4-150x150.jpg\" class=\"attachment-thumbnail size-thumbnail lazyload\" alt=\"\" data-srcset=\"https:\/\/taskopru.bel.tr\/v1\/wp-content\/uploads\/2019\/07\/ta\u015fk\u00f6pr\u00fc4-150x150.jpg 150w, https:\/\/taskopru.bel.tr\/v1\/wp-content\/uploads\/2019\/07\/ta\u015fk\u00f6pr\u00fc4-55x55.jpg 55w\" data-sizes=\"(max-width: 150px) 100vw, 150px\" src=\"data:image\/svg+xml;base64,PHN2ZyB3aWR0aD0iMSIgaGVpZ2h0PSIxIiB4bWxucz0iaHR0cDovL3d3dy53My5vcmcvMjAwMC9zdmciPjwvc3ZnPg==\" style=\"--smush-placeholder-width: 150px; --smush-placeholder-aspect-ratio: 150\/150;\" \/><\/a>\n\t\t\t<\/div><\/li><li class='gallery-item'>\n\t\t\t<div class='gallery-icon landscape'>\n\t\t\t\t<a data-g1-lightbox=\"gallery-1496252489\" href='https:\/\/taskopru.bel.tr\/v1\/wp-content\/uploads\/2019\/07\/ta\u015fk\u00f6pr\u00fc5.jpg'><img decoding=\"async\" width=\"150\" height=\"150\" data-src=\"https:\/\/taskopru.bel.tr\/v1\/wp-content\/uploads\/2019\/07\/ta\u015fk\u00f6pr\u00fc5-150x150.jpg\" class=\"attachment-thumbnail size-thumbnail lazyload\" alt=\"\" data-srcset=\"https:\/\/taskopru.bel.tr\/v1\/wp-content\/uploads\/2019\/07\/ta\u015fk\u00f6pr\u00fc5-150x150.jpg 150w, https:\/\/taskopru.bel.tr\/v1\/wp-content\/uploads\/2019\/07\/ta\u015fk\u00f6pr\u00fc5-55x55.jpg 55w\" data-sizes=\"(max-width: 150px) 100vw, 150px\" src=\"data:image\/svg+xml;base64,PHN2ZyB3aWR0aD0iMSIgaGVpZ2h0PSIxIiB4bWxucz0iaHR0cDovL3d3dy53My5vcmcvMjAwMC9zdmciPjwvc3ZnPg==\" style=\"--smush-placeholder-width: 150px; --smush-placeholder-aspect-ratio: 150\/150;\" \/><\/a>\n\t\t\t<\/div><\/li><li class='gallery-item'>\n\t\t\t<div class='gallery-icon landscape'>\n\t\t\t\t<a data-g1-lightbox=\"gallery-1496252489\" href='https:\/\/taskopru.bel.tr\/v1\/wp-content\/uploads\/2019\/07\/t\u015fk\u00f6pr\u00fc_h\u00fck\u00fcmetkon.jpg'><img decoding=\"async\" width=\"150\" height=\"150\" data-src=\"https:\/\/taskopru.bel.tr\/v1\/wp-content\/uploads\/2019\/07\/t\u015fk\u00f6pr\u00fc_h\u00fck\u00fcmetkon-150x150.jpg\" class=\"attachment-thumbnail size-thumbnail lazyload\" alt=\"\" data-srcset=\"https:\/\/taskopru.bel.tr\/v1\/wp-content\/uploads\/2019\/07\/t\u015fk\u00f6pr\u00fc_h\u00fck\u00fcmetkon-150x150.jpg 150w, https:\/\/taskopru.bel.tr\/v1\/wp-content\/uploads\/2019\/07\/t\u015fk\u00f6pr\u00fc_h\u00fck\u00fcmetkon-55x55.jpg 55w\" data-sizes=\"(max-width: 150px) 100vw, 150px\" src=\"data:image\/svg+xml;base64,PHN2ZyB3aWR0aD0iMSIgaGVpZ2h0PSIxIiB4bWxucz0iaHR0cDovL3d3dy53My5vcmcvMjAwMC9zdmciPjwvc3ZnPg==\" style=\"--smush-placeholder-width: 150px; --smush-placeholder-aspect-ratio: 150\/150;\" \/><\/a>\n\t\t\t<\/div><\/li><li class='gallery-item'>\n\t\t\t<div class='gallery-icon landscape'>\n\t\t\t\t<a data-g1-lightbox=\"gallery-1496252489\" href='https:\/\/taskopru.bel.tr\/v1\/wp-content\/uploads\/2019\/07\/Untitled-11.jpg'><img decoding=\"async\" width=\"150\" height=\"150\" data-src=\"https:\/\/taskopru.bel.tr\/v1\/wp-content\/uploads\/2019\/07\/Untitled-11-150x150.jpg\" class=\"attachment-thumbnail size-thumbnail lazyload\" alt=\"\" data-srcset=\"https:\/\/taskopru.bel.tr\/v1\/wp-content\/uploads\/2019\/07\/Untitled-11-150x150.jpg 150w, https:\/\/taskopru.bel.tr\/v1\/wp-content\/uploads\/2019\/07\/Untitled-11-55x55.jpg 55w\" data-sizes=\"(max-width: 150px) 100vw, 150px\" src=\"data:image\/svg+xml;base64,PHN2ZyB3aWR0aD0iMSIgaGVpZ2h0PSIxIiB4bWxucz0iaHR0cDovL3d3dy53My5vcmcvMjAwMC9zdmciPjwvc3ZnPg==\" style=\"--smush-placeholder-width: 150px; --smush-placeholder-aspect-ratio: 150\/150;\" \/><\/a>\n\t\t\t<\/div><\/li>\n\t\t\t\n\t\t<\/ol><\/figure>\n","protected":false},"excerpt":{"rendered":"","protected":false},"author":1,"featured_media":0,"parent":0,"menu_order":0,"comment_status":"closed","ping_status":"closed","template":"g1_template_page_sidebar_right.php","meta":{"footnotes":""},"class_list":["post-2713","page","type-page","status-publish"],"_links":{"self":[{"href":"https:\/\/taskopru.bel.tr\/v1\/wp-json\/wp\/v2\/pages\/2713","targetHints":{"allow":["GET"]}}],"collection":[{"href":"https:\/\/taskopru.bel.tr\/v1\/wp-json\/wp\/v2\/pages"}],"about":[{"href":"https:\/\/taskopru.bel.tr\/v1\/wp-json\/wp\/v2\/types\/page"}],"author":[{"embeddable":true,"href":"https:\/\/taskopru.bel.tr\/v1\/wp-json\/wp\/v2\/users\/1"}],"replies":[{"embeddable":true,"href":"https:\/\/taskopru.bel.tr\/v1\/wp-json\/wp\/v2\/comments?post=2713"}],"version-history":[{"count":7,"href":"https:\/\/taskopru.bel.tr\/v1\/wp-json\/wp\/v2\/pages\/2713\/revisions"}],"predecessor-version":[{"id":10480,"href":"https:\/\/taskopru.bel.tr\/v1\/wp-json\/wp\/v2\/pages\/2713\/revisions\/10480"}],"wp:attachment":[{"href":"https:\/\/taskopru.bel.tr\/v1\/wp-json\/wp\/v2\/media?parent=2713"}],"curies":[{"name":"wp","href":"https:\/\/api.w.org\/{rel}","templated":true}]}}