{"id":2610,"date":"2019-06-23T01:40:30","date_gmt":"2019-06-22T22:40:30","guid":{"rendered":"http:\/\/taskopru.bel.tr\/v1\/?page_id=2610"},"modified":"2024-04-03T09:33:39","modified_gmt":"2024-04-03T06:33:39","slug":"belediye-baskanlarimiz","status":"publish","type":"page","link":"https:\/\/taskopru.bel.tr\/v1\/belediye-baskanlarimiz\/","title":{"rendered":"Belediye Ba\u015fkanlar\u0131m\u0131z"},"content":{"rendered":"<table width=\"628\">\n<tbody>\n<tr>\n<td width=\"29\"><\/td>\n<td colspan=\"2\" width=\"448\">KURULU\u015eUNDAN 1904 YILINA KADAR BELED\u0130YE BA\u015eKANLARI<\/td>\n<td width=\"87\"><\/td>\n<td width=\"64\"><\/td>\n<\/tr>\n<tr>\n<td><\/td>\n<td>\u0130S\u0130M<\/td>\n<td>G\u00d6REV TAR\u0130HLER\u0130<\/td>\n<td><\/td>\n<td><\/td>\n<\/tr>\n<tr>\n<td>1<\/td>\n<td>1869-Reis Hac\u0131 Abdullah A\u011fa<\/td>\n<td>1869<\/td>\n<td><\/td>\n<td><\/td>\n<\/tr>\n<tr>\n<td>2<\/td>\n<td>1871-Reis Hac\u0131 Mehmed A\u011fa<\/td>\n<td>1871<\/td>\n<td><\/td>\n<td><\/td>\n<\/tr>\n<tr>\n<td>3<\/td>\n<td>1874-Reis Arif A\u011fa<\/td>\n<td>1874<\/td>\n<td><\/td>\n<td><\/td>\n<\/tr>\n<tr>\n<td>4<\/td>\n<td>1875-Reis Mehmed Ali A\u011fa<\/td>\n<td>1875<\/td>\n<td><\/td>\n<td><\/td>\n<\/tr>\n<tr>\n<td>5<\/td>\n<td>1876-Reis \u0130brahim A\u011fa<\/td>\n<td>1876<\/td>\n<td><\/td>\n<td><\/td>\n<\/tr>\n<tr>\n<td>6<\/td>\n<td>1877-Reis Halil A\u011fa<\/td>\n<td>1877<\/td>\n<td><\/td>\n<td><\/td>\n<\/tr>\n<tr>\n<td>7<\/td>\n<td>1878-Reis Salih Efendi<\/td>\n<td>1878<\/td>\n<td><\/td>\n<td><\/td>\n<\/tr>\n<tr>\n<td>8<\/td>\n<td>1889-Reis Mehmed Tevfik Efendi<\/td>\n<td>1889<\/td>\n<td><\/td>\n<td><\/td>\n<\/tr>\n<tr>\n<td>9<\/td>\n<td>1893-Reis Mehmed Efendi<\/td>\n<td>1893<\/td>\n<td><\/td>\n<td><\/td>\n<\/tr>\n<tr>\n<td>10<\/td>\n<td>1894-Reis Halil H\u00e2z\u0131m Efendi<\/td>\n<td>1894<\/td>\n<td><\/td>\n<td><\/td>\n<\/tr>\n<tr>\n<td>11<\/td>\n<td>1895-Reis Halil Fehmi Efendi<\/td>\n<td>1895<\/td>\n<td><\/td>\n<td><\/td>\n<\/tr>\n<tr>\n<td>12<\/td>\n<td>1897-Reis Hac\u0131 Mehmed A\u011fa<\/td>\n<td>1897<\/td>\n<td><\/td>\n<td><\/td>\n<\/tr>\n<tr>\n<td>13<\/td>\n<td>1904-Reis Vekili Ahmed Hamdi Efendi<\/td>\n<td>1904<\/td>\n<td><\/td>\n<td><\/td>\n<\/tr>\n<tr>\n<td>14<\/td>\n<td>Hac\u0131 H\u00fcseyin A\u011fa<\/td>\n<td>1917 ve civar\u0131<\/td>\n<td><\/td>\n<td><\/td>\n<\/tr>\n<tr>\n<td><\/td>\n<td>1920 YILINDAN \u0130T\u0130BAREN BELED\u0130YE BA\u015eKANLARI<\/td>\n<td><\/td>\n<td><\/td>\n<td><\/td>\n<\/tr>\n<tr>\n<td>1<\/td>\n<td>TOPUZZ\u00c2DE HASAN EFEND\u0130<\/td>\n<td>03.01.1920<\/td>\n<td>26.03.1924<\/td>\n<td><\/td>\n<\/tr>\n<tr>\n<td>2<\/td>\n<td>HACI\u00d6MERZ\u00c2DE MEHMET Z\u00dcHT\u00dc EFEND\u0130<\/td>\n<td>26.03.1924<\/td>\n<td>01.03.1928<\/td>\n<td><\/td>\n<\/tr>\n<tr>\n<td>3<\/td>\n<td>BA\u015eA\u011eAZ\u00c2DE AL\u0130 RIZA EFEND\u0130<\/td>\n<td>01.03.1928<\/td>\n<td>09.06.1928<\/td>\n<td><\/td>\n<\/tr>\n<tr>\n<td>4<\/td>\n<td>YUSUFZ\u00c2DE ABDULLAH RAHM\u0130 EFEND\u0130<\/td>\n<td>09.06.1928<\/td>\n<td>20.12.1928<\/td>\n<td><\/td>\n<\/tr>\n<tr>\n<td>5<\/td>\n<td>TEKKES\u0130NZ\u00c2DE HACI SA\u0130T EFEND\u0130<\/td>\n<td>20.12.1928<\/td>\n<td>20.10.1930<\/td>\n<td><\/td>\n<\/tr>\n<tr>\n<td>6<\/td>\n<td>MEHMET T\u00dcRKMEN<\/td>\n<td>02.10.1930<\/td>\n<td>31.08.1946<\/td>\n<td><\/td>\n<\/tr>\n<tr>\n<td><\/td>\n<td><\/td>\n<td>01.09.1950<\/td>\n<td>27.02.1954<\/td>\n<td><\/td>\n<\/tr>\n<tr>\n<td><\/td>\n<td><\/td>\n<td>16.11.1955<\/td>\n<td>28.05.1958<\/td>\n<td><\/td>\n<\/tr>\n<tr>\n<td>7<\/td>\n<td>H\u00dcSN\u00dc AKDUMAN<\/td>\n<td>01.06.1946<\/td>\n<td>1947<\/td>\n<td><\/td>\n<\/tr>\n<tr>\n<td>8<\/td>\n<td>TEVF\u0130K \u00d6ZKERBA\u015e<\/td>\n<td>17.04.1947<\/td>\n<td>05.07.1950<\/td>\n<td><\/td>\n<\/tr>\n<tr>\n<td>9<\/td>\n<td>H\u00dcSN\u00dc KILI\u00c7ASLAN<\/td>\n<td>02.08.1950<\/td>\n<td>31.08.1950<\/td>\n<td><\/td>\n<\/tr>\n<tr>\n<td>10<\/td>\n<td>MUSTAFA YILMAZ<\/td>\n<td>15.03.1954<\/td>\n<td>16.11.1955<\/td>\n<td><\/td>\n<\/tr>\n<tr>\n<td>11<\/td>\n<td>\u015eAHABETT\u0130N SEZER<\/td>\n<td>25.06.1958<\/td>\n<td>27.05.1960<\/td>\n<td><\/td>\n<\/tr>\n<tr>\n<td><\/td>\n<td>KAYMAKAM SA\u0130T \u00d6ZT\u00dcRK<\/td>\n<td>27.05.1960<\/td>\n<td>04.04.1962<\/td>\n<td><\/td>\n<\/tr>\n<tr>\n<td><\/td>\n<td>KAYMAKAM M. EKREM SENAY<\/td>\n<td>15.10.1962<\/td>\n<td>1963<\/td>\n<td><\/td>\n<\/tr>\n<tr>\n<td>12<\/td>\n<td>MUSTAFA YILMAZ<\/td>\n<td>17.11.1963<\/td>\n<td>12.12.1977<\/td>\n<td><\/td>\n<\/tr>\n<tr>\n<td>13<\/td>\n<td>MEHMET \u00c7AMLICA<\/td>\n<td>12.12.1977<\/td>\n<td>30.09.1980<\/td>\n<td><\/td>\n<\/tr>\n<tr>\n<td><\/td>\n<td>KAYMAKAM REF\u0130K TEKEREK<\/td>\n<td>30.09.1980<\/td>\n<td>20.08.1981<\/td>\n<td><\/td>\n<\/tr>\n<tr>\n<td><\/td>\n<td>KAYMAKAM VEK\u0130L\u0130 \u00dcMMET ANDO\u011eAN<\/td>\n<td>20.08.1981<\/td>\n<td>13.11.1981<\/td>\n<td><\/td>\n<\/tr>\n<tr>\n<td><\/td>\n<td>KAYMAKAM CELALETT\u0130N \u00d6ZDAL<\/td>\n<td>13.11.1981<\/td>\n<td>17.12.1983<\/td>\n<td><\/td>\n<\/tr>\n<tr>\n<td><\/td>\n<td>KAYMAKAM VEK\u0130L\u0130 MEHMET \u00d6ZMEN<\/td>\n<td>17.12.1983<\/td>\n<td>25.03.1984<\/td>\n<td><\/td>\n<\/tr>\n<tr>\n<td>14<\/td>\n<td>MEHMET SERDARO\u011eLU<\/td>\n<td>25.03.1984<\/td>\n<td>31.08.1991<\/td>\n<td><\/td>\n<\/tr>\n<tr>\n<td>15<\/td>\n<td>\u0130SMA\u0130L NECAT\u0130 \u00c7\u0130L\u0130NG\u0130R<\/td>\n<td>31.08.1991<\/td>\n<td>08.12.1991<\/td>\n<td><\/td>\n<\/tr>\n<tr>\n<td>16<\/td>\n<td>HASAN ALTAN<\/td>\n<td>08.12.1991<\/td>\n<td>08.05.2007<\/td>\n<td><\/td>\n<\/tr>\n<tr>\n<td>17<\/td>\n<td>MUSTAFA G\u00dcNAY<\/td>\n<td>15.05.2007<\/td>\n<td>29.03.2009<\/td>\n<td><\/td>\n<\/tr>\n<tr>\n<td>18<\/td>\n<td>H\u00dcSEY\u0130N ARSLAN<\/td>\n<td>29.03.2009<\/td>\n<td>31.03.2019<\/td>\n<td><\/td>\n<\/tr>\n<tr>\n<td>19<\/td>\n<td>ABDULLAH \u00c7ATAL<\/td>\n<td>31.03.2019<\/td>\n<td>31.03.2024<\/td>\n<td><\/td>\n<\/tr>\n<tr>\n<td>20<\/td>\n<td>H\u00dcSEY\u0130N ARSLAN<\/td>\n<td>31.03.2024<\/td>\n<td>&#8230;.<\/td>\n<td><\/td>\n<\/tr>\n<\/tbody>\n<\/table>\n","protected":false},"excerpt":{"rendered":"<p>KURULU\u015eUNDAN 1904 YILINA KADAR BELED\u0130YE BA\u015eKANLARI \u0130S\u0130M G\u00d6REV TAR\u0130HLER\u0130 1 1869-Reis Hac\u0131 Abdullah A\u011fa 1869 2 1871-Reis Hac\u0131 Mehmed A\u011fa 1871 3 1874-Reis Arif A\u011fa 1874 4 1875-Reis Mehmed Ali A\u011fa 1875 5 1876-Reis \u0130brahim A\u011fa 1876 6 1877-Reis Halil A\u011fa 1877 7 1878-Reis Salih Efendi 1878 8 1889-Reis Mehmed Tevfik Efendi 1889 9 1893-Reis [&hellip;]<\/p>\n","protected":false},"author":1,"featured_media":0,"parent":0,"menu_order":0,"comment_status":"closed","ping_status":"closed","template":"g1_template_page_sidebar_right.php","meta":{"footnotes":""},"class_list":["post-2610","page","type-page","status-publish"],"_links":{"self":[{"href":"https:\/\/taskopru.bel.tr\/v1\/wp-json\/wp\/v2\/pages\/2610","targetHints":{"allow":["GET"]}}],"collection":[{"href":"https:\/\/taskopru.bel.tr\/v1\/wp-json\/wp\/v2\/pages"}],"about":[{"href":"https:\/\/taskopru.bel.tr\/v1\/wp-json\/wp\/v2\/types\/page"}],"author":[{"embeddable":true,"href":"https:\/\/taskopru.bel.tr\/v1\/wp-json\/wp\/v2\/users\/1"}],"replies":[{"embeddable":true,"href":"https:\/\/taskopru.bel.tr\/v1\/wp-json\/wp\/v2\/comments?post=2610"}],"version-history":[{"count":4,"href":"https:\/\/taskopru.bel.tr\/v1\/wp-json\/wp\/v2\/pages\/2610\/revisions"}],"predecessor-version":[{"id":9997,"href":"https:\/\/taskopru.bel.tr\/v1\/wp-json\/wp\/v2\/pages\/2610\/revisions\/9997"}],"wp:attachment":[{"href":"https:\/\/taskopru.bel.tr\/v1\/wp-json\/wp\/v2\/media?parent=2610"}],"curies":[{"name":"wp","href":"https:\/\/api.w.org\/{rel}","templated":true}]}}