{"id":2602,"date":"2019-06-20T00:44:58","date_gmt":"2019-06-19T21:44:58","guid":{"rendered":"http:\/\/taskopru.bel.tr\/v1\/?page_id=2602"},"modified":"2024-06-22T18:37:35","modified_gmt":"2024-06-22T15:37:35","slug":"belediye-meclis-uyeleri","status":"publish","type":"page","link":"https:\/\/taskopru.bel.tr\/v1\/belediye-meclis-uyeleri\/","title":{"rendered":"Belediye Meclis \u00dcyeleri"},"content":{"rendered":"<table style=\"height: 420px;\" width=\"781\">\n<tbody>\n<tr>\n<td rowspan=\"2\" width=\"44\">S.NO<\/td>\n<td rowspan=\"2\" width=\"265\">ADI SOYADI<\/td>\n<td colspan=\"2\" width=\"319\"><\/td>\n<td rowspan=\"2\" width=\"290\"><\/td>\n<\/tr>\n<tr>\n<td width=\"165\">Belediye Meclis \u00dcyesi<\/td>\n<td width=\"154\">Partisi<\/td>\n<\/tr>\n<tr>\n<td><\/td>\n<td><\/td>\n<td><\/td>\n<td><\/td>\n<td><\/td>\n<\/tr>\n<tr>\n<td>1<\/td>\n<td>Mehmet Emin DANA<\/td>\n<td>Meclis \u00dcyesi<\/td>\n<td>AK PART\u0130<\/td>\n<td><\/td>\n<\/tr>\n<tr>\n<td>2<\/td>\n<td>Ahmet ALAY<\/td>\n<td>Meclis \u00dcyesi<\/td>\n<td>AK PART\u0130<\/td>\n<td><\/td>\n<\/tr>\n<tr>\n<td>3<\/td>\n<td>\u015eahin AKDA\u011e<\/td>\n<td>Meclis \u00dcyesi<\/td>\n<td>AK PART\u0130<\/td>\n<td><\/td>\n<\/tr>\n<tr>\n<td>4<\/td>\n<td>Refika \u00c7INAR<\/td>\n<td>Meclis \u00dcyesi<\/td>\n<td>AK PART\u0130<\/td>\n<td><\/td>\n<\/tr>\n<tr>\n<td>5<\/td>\n<td>Necati \u015eEN<\/td>\n<td>Meclis \u00dcyesi<\/td>\n<td>AK PART\u0130<\/td>\n<td><\/td>\n<\/tr>\n<tr>\n<td>6<\/td>\n<td>Halim G\u00dcNAY<\/td>\n<td>Meclis \u00dcyesi<\/td>\n<td>AK PART\u0130<\/td>\n<td><\/td>\n<\/tr>\n<tr>\n<td>7<\/td>\n<td>Cemal \u015eERMET<\/td>\n<td>Meclis \u00dcyesi<\/td>\n<td>AK PART\u0130<\/td>\n<td><\/td>\n<\/tr>\n<tr>\n<td>8<\/td>\n<td>\u0130smail BERBER<\/td>\n<td>Meclis \u00dcyesi<\/td>\n<td>MHP<\/td>\n<td><\/td>\n<\/tr>\n<tr>\n<td>9<\/td>\n<td>Ali E\u015fref SEV\u0130M<\/td>\n<td>Meclis \u00dcyesi<\/td>\n<td>MHP<\/td>\n<td><\/td>\n<\/tr>\n<tr>\n<td>10<\/td>\n<td>Huriye BAYAR<\/td>\n<td>Meclis \u00dcyesi<\/td>\n<td>MHP<\/td>\n<td><\/td>\n<\/tr>\n<tr>\n<td>11<\/td>\n<td>Ali YAL\u00c7IN<\/td>\n<td>Meclis \u00dcyesi<\/td>\n<td>MHP<\/td>\n<td><\/td>\n<\/tr>\n<\/tbody>\n<\/table>\n","protected":false},"excerpt":{"rendered":"<p>S.NO ADI SOYADI Belediye Meclis \u00dcyesi Partisi 1 Mehmet Emin DANA Meclis \u00dcyesi AK PART\u0130 2 Ahmet ALAY Meclis \u00dcyesi AK PART\u0130 3 \u015eahin AKDA\u011e Meclis \u00dcyesi AK PART\u0130 4 Refika \u00c7INAR Meclis \u00dcyesi AK PART\u0130 5 Necati \u015eEN Meclis \u00dcyesi AK PART\u0130 6 Halim G\u00dcNAY Meclis \u00dcyesi AK PART\u0130 7 Cemal \u015eERMET Meclis \u00dcyesi [&hellip;]<\/p>\n","protected":false},"author":1,"featured_media":0,"parent":0,"menu_order":0,"comment_status":"closed","ping_status":"closed","template":"g1_template_page_sidebar_right.php","meta":{"footnotes":""},"class_list":["post-2602","page","type-page","status-publish"],"_links":{"self":[{"href":"https:\/\/taskopru.bel.tr\/v1\/wp-json\/wp\/v2\/pages\/2602","targetHints":{"allow":["GET"]}}],"collection":[{"href":"https:\/\/taskopru.bel.tr\/v1\/wp-json\/wp\/v2\/pages"}],"about":[{"href":"https:\/\/taskopru.bel.tr\/v1\/wp-json\/wp\/v2\/types\/page"}],"author":[{"embeddable":true,"href":"https:\/\/taskopru.bel.tr\/v1\/wp-json\/wp\/v2\/users\/1"}],"replies":[{"embeddable":true,"href":"https:\/\/taskopru.bel.tr\/v1\/wp-json\/wp\/v2\/comments?post=2602"}],"version-history":[{"count":10,"href":"https:\/\/taskopru.bel.tr\/v1\/wp-json\/wp\/v2\/pages\/2602\/revisions"}],"predecessor-version":[{"id":10453,"href":"https:\/\/taskopru.bel.tr\/v1\/wp-json\/wp\/v2\/pages\/2602\/revisions\/10453"}],"wp:attachment":[{"href":"https:\/\/taskopru.bel.tr\/v1\/wp-json\/wp\/v2\/media?parent=2602"}],"curies":[{"name":"wp","href":"https:\/\/api.w.org\/{rel}","templated":true}]}}