{"id":2355,"date":"2019-06-13T03:34:40","date_gmt":"2019-06-13T00:34:40","guid":{"rendered":"http:\/\/taskopru.bel.tr\/v1\/?page_id=2355"},"modified":"2019-06-13T23:41:47","modified_gmt":"2019-06-13T20:41:47","slug":"oyunlarimiz","status":"publish","type":"page","link":"https:\/\/taskopru.bel.tr\/v1\/oyunlarimiz\/","title":{"rendered":"Oyunlar\u0131m\u0131z"},"content":{"rendered":"<p>Harun Re\u015fit \u015e\u0130M\u015eEK*<\/p>\n<p>1. MET<br \/>\nDerleme Yeri : Ta\u015fk\u00f6pr\u00fc- Karadedeo\u011flu K\u00f6y\u00fc<br \/>\nDerleme Tarihi :14.06.2002<br \/>\nDerlemeyi Yapan : Harun Re\u015fit \u015eim\u015fek<br \/>\nKaynak Ki\u015fi : Recep \u015eim\u015fek \u2013 Nazmiye \u015eim\u015fek<\/p>\n<p>\u201c\u00c7ukur Met\u2019i\u201d ve \u201cKaz\u0131k Met\u2019i\u201d olmak \u00fczere iki \u00e7e\u015fit met oyunu vard\u0131r..Oyunda, oyuncu say\u0131s\u0131 serbesttir.<br \/>\nOyun alan\u0131n\u0131n ba\u015f\u0131na bir kaz\u0131k (dikme) \u00e7ak\u0131l\u0131r. \u00dcst\u00fc d\u00fczlenir. Kaz\u0131\u011f\u0131n \u00fczerine yatay olarak konulan bir met haz\u0131rlan\u0131r. Met, f\u0131nd\u0131k veya kiren a\u011fac\u0131ndan yap\u0131lan, 20 cm boyunda bir a\u011fa\u00e7 par\u00e7as\u0131d\u0131r. Oyun i\u00e7in bir ebe belirlenir ve ebeye G\u00fcdek\/G\u00fcdek\u00e7i ad\u0131 verilir. Dikmenin ba\u015f\u0131na bir oyuncu ge\u00e7er ve bu oyuncuya da Dikmeci denir. Dikmeci, elindeki sopayla met\u2019e vurur. Di\u011fer oyuncular, met\u2019in gidece\u011fi yere do\u011fru dizilirler. Dizilen oyuncular\u0131n ellerinde de birer adet \u00e7al\u0131, sopa veya ba\u015fka nesneler vard\u0131r ve bu nesnelerle met\u2019e dokunmaya \u00e7al\u0131\u015f\u0131rlar. Dokunabilirlerse, dikme ba\u015f\u0131na ge\u00e7erler; e\u011fer dokunamazlarsa, met\u2019in d\u00fc\u015ft\u00fc\u011f\u00fc yerde bulunan oyuncu ,met\u2019i dikmeye do\u011fru f\u0131rlat\u0131r. Ama\u00e7, dikmeyi vurmak veya bir sopa boyu kadar yak\u0131n\u0131na d\u00fc\u015f\u00fcrmektir.<br \/>\nDikme ba\u015f\u0131ndaki oyuncu da met\u2019i \u00e7elerek dikmeden uzak tutmaya \u00e7al\u0131\u015f\u0131r. Met\u2019i dikmeye atan oyuncunun \u00fc\u00e7 at\u0131\u015f hakk\u0131 vard\u0131r. \u00dc\u00e7 at\u0131\u015f sonunda met\u2019in bulundu\u011fu yer, dikmeye bir sopa boyu veya daha az uzakl\u0131kta ise Dikmeci de\u011fi\u015fir . Met uzakta kalm\u0131\u015f ise ka\u00e7 sopa boyu uzakl\u0131kta ise o kadar say\u0131 kazan\u0131r.<\/p>\n<p>2. DANA<br \/>\nDerleme Yeri : Ta\u015fk\u00f6pr\u00fc- Karadedeo\u011flu K\u00f6y\u00fc<br \/>\nDerleme Tarihi :14.06.2002<br \/>\nDerlemeyi Yapan : Harun Re\u015fit \u015eim\u015fek<br \/>\nKaynak Ki\u015fi : Recep \u015eim\u015fek \u2013 Nuri \u015eim\u015fek<\/p>\n<p>Dana oyununda da, oyuncu say\u0131s\u0131 serbesttir. Ortaya bir b\u00fcy\u00fck \u00e7ukur a\u00e7\u0131l\u0131r. Bu \u00e7ukur, danan\u0131n konulaca\u011f\u0131 \u00e7ukurdur. \u00c7ukura l\u00f6bben ad\u0131 verilir. Dana ise silindirik bir a\u011fa\u00e7 par\u00e7as\u0131d\u0131r.<br \/>\nB\u00fct\u00fcn oyuncular l\u00f6bben\u2019in etraf\u0131na oturarak bir daire olu\u015ftururlar. Her oyuncunun \u00f6n\u00fcne bir \u00e7ukur a\u00e7\u0131l\u0131r. B\u00fct\u00fcn oyuncular\u0131n elinde bir metre civar\u0131nda sopalar vard\u0131r.<br \/>\nOyuncular\u0131n ellerindeki sopalar\u0131n kal\u0131n taraflar\u0131, her oyuncunun \u00f6n\u00fcndeki \u00e7ukura gelecek \u015fekilde dik olarak tutulur. G\u00fcdek\u00e7i de elindeki sopa ile birlikte, oyuncular\u0131n aras\u0131ndad\u0131r. L\u00f6bben\u2019in i\u00e7ine koyulan dana\u2019ya oyuncular sopalar\u0131yla vurmaya \u00e7al\u0131\u015f\u0131rlar. Ayn\u0131 zamanda danaya vurmak i\u00e7in kald\u0131rd\u0131klar\u0131 sopalar\u0131n\u0131, \u00e7ukurlar\u0131na tekrar koymaya \u00e7al\u0131\u015f\u0131rlar. Bu arada, G\u00fcdek\u00e7i, a\u00e7\u0131lan \u00e7ukurlardan birine sopas\u0131n\u0131n ucunu yerle\u015ftirmeye \u00e7al\u0131\u015f\u0131r. Bunu ba\u015far\u0131rsa g\u00fcdekten kurtulur. \u00c7ukurunu kapt\u0131ran oyuncu G\u00fcdek\u00e7i olur. Oyun b\u00f6yle devam eder.<\/p>\n<p>3. TOT<br \/>\nDerleme Yeri : Ta\u015fk\u00f6pr\u00fc- Karadedeo\u011flu K\u00f6y\u00fc<br \/>\nDerleme Tarihi :14.06.2002<br \/>\nDerlemeyi Yapan : Harun Re\u015fit \u015eim\u015fek<br \/>\nKaynak Ki\u015fi : Recep \u015eim\u015fek \u2013 Nuri \u015eim\u015fek<\/p>\n<p>Oyun en az iki-\u00fc\u00e7 ki\u015filik iki tak\u0131m taraf\u0131ndan oynan\u0131r. Her oyuncunun elinde, 50 cm. uzunlu\u011funda birer sopa bulunur. Tot, ucu sivri, dibi d\u00fcz ve 6-7 cm. \u00e7ap\u0131nda bir a\u011fa\u00e7 par\u00e7as\u0131d\u0131r. Uzunlu\u011fu 10.15 cm. aras\u0131ndad\u0131r.<br \/>\nD\u00fcz bir ta\u015f \u00fczerine tot yerle\u015ftirilir. Tot\u2019un yerle\u015ftirildi\u011fi ta\u015fa: tot ta\u015f\u0131 denir. Tot ta\u015f\u0131n\u0131n 15-20 m. uza\u011f\u0131na bir \u00e7izgi \u00e7izilir. Tak\u0131mlar bu \u00e7izgi \u00fczerinde yerlerini al\u0131rlar. Hangi tak\u0131m\u0131n oyuna ba\u015flayaca\u011f\u0131na karar vermek i\u00e7in birer rakip oyuncu sopaya konarlar (Bir sopan\u0131n alttan ba\u015flayarak tutulmas\u0131. Oyuna ba\u015flayan tak\u0131m\u0131n oyuncular\u0131 ellerindeki sopayla tot\u2019u yerinden uza\u011fa d\u00fc\u015f\u00fcrmeye \u00e7al\u0131\u015f\u0131rlar .Bunu ba\u015farmak i\u00e7in her tak\u0131m\u0131n \u00fc\u00e7er at\u0131\u015f hakk\u0131 vard\u0131r. Ba\u015faramazlarsa G\u00fcdek s\u0131ras\u0131 de\u011fi\u015fir.<br \/>\nAt\u0131lan sopa, tot\u2019u yerinden uzakla\u015ft\u0131r\u0131rsa, sopay\u0131 atanlar, sopalar\u0131n\u0131 al\u0131p \u00e7izgilerine d\u00f6nmeye; G\u00fcdek\u00e7i ise tot\u2019u al\u0131p, tot ta\u015f\u0131n\u0131n \u00fcst\u00fcne koymaya \u00e7al\u0131\u015f\u0131r. Atanlar \u00e7izgilerine G\u00fcdek\u00e7i\u2019den \u00f6nce d\u00f6nerlerse, oyun devam eder .G\u00fcdek\u00e7i, tot\u2019u at\u0131c\u0131lardan \u00f6nce yerine koyar ve \u00e7izgiye d\u00f6nerse, G\u00fcdek s\u0131ras\u0131 de\u011fi\u015fir.<\/p>\n<p>4. ZEZE<br \/>\nDerleme Yeri : Ta\u015fk\u00f6pr\u00fc- Karadedeo\u011flu K\u00f6y\u00fc<br \/>\nDerleme Tarihi :14.06.2002<br \/>\nDerlemeyi Yapan : Harun Re\u015fit \u015eim\u015fek<br \/>\nKaynak Ki\u015fi : Recep \u015eim\u015fek \u2013 Nuri \u015eim\u015fek<\/p>\n<p>Zeze oyunu, yama\u00e7 bir yerde oynan\u0131r .Oyuncular\u0131n elinde, yere de\u011fdi\u011fi zaman esneyebilen birer sopa vard\u0131r. Sopalar tercihen kiren, f\u0131nd\u0131k veya ku\u015f burnu a\u011fac\u0131ndan olur. Elde bulunan sopalar, oturarak yerde yayland\u0131r\u0131larak ileri f\u0131rlat\u0131lmaya \u00e7al\u0131\u015f\u0131l\u0131r. Zeze bu sopalar\u0131n ismidir. \u0130lk at\u0131\u015flar G\u00fcdek\u00e7i\u2019yi belirlemek i\u00e7in yap\u0131l\u0131r. En geride kalan zeze\u2019nin sahibi G\u00fcdek\u00e7i olur .En \u00f6ndeki zeze\u2019nin sahibi ilk at\u0131\u015f\u0131 yapar. G\u00fcdek\u00e7i, kendi zeze\u2019sini d\u00fcz hatta oturan oyuncular\u0131n \u00f6n\u00fcne paralel olarak koyar .Ama\u00e7 zeze\u2019leri, G\u00fcdek\u00e7i zeze\u2019sine dokunarak ileri do\u011fru g\u00f6t\u00fcrmektir. At\u0131lan zeze, G\u00fcdek\u00e7i\u2019nin zeze\u2019sine ucu ile \u00e7arp\u0131p ileri iter veya alt\u0131na girerse at\u0131c\u0131 bir hak kazanm\u0131\u015f olur. Bu hakka da, \u201cc\u0131rt\u201d denir.<\/p>\n<p>*Ta\u015fk\u00f6pr\u00fc Halk E\u011fitimi Merkezi \u00d6\u011fretmeni<\/p>\n","protected":false},"excerpt":{"rendered":"<p>Harun Re\u015fit \u015e\u0130M\u015eEK* 1. MET Derleme Yeri : Ta\u015fk\u00f6pr\u00fc- Karadedeo\u011flu K\u00f6y\u00fc Derleme Tarihi :14.06.2002 Derlemeyi Yapan : Harun Re\u015fit \u015eim\u015fek Kaynak Ki\u015fi : Recep \u015eim\u015fek \u2013 Nazmiye \u015eim\u015fek \u201c\u00c7ukur Met\u2019i\u201d ve \u201cKaz\u0131k Met\u2019i\u201d olmak \u00fczere iki \u00e7e\u015fit met oyunu vard\u0131r..Oyunda, oyuncu say\u0131s\u0131 serbesttir. Oyun alan\u0131n\u0131n ba\u015f\u0131na bir kaz\u0131k (dikme) \u00e7ak\u0131l\u0131r. \u00dcst\u00fc d\u00fczlenir. Kaz\u0131\u011f\u0131n \u00fczerine yatay [&hellip;]<\/p>\n","protected":false},"author":1,"featured_media":0,"parent":0,"menu_order":0,"comment_status":"closed","ping_status":"closed","template":"g1_template_page_sidebar_right.php","meta":{"footnotes":""},"class_list":["post-2355","page","type-page","status-publish"],"_links":{"self":[{"href":"https:\/\/taskopru.bel.tr\/v1\/wp-json\/wp\/v2\/pages\/2355","targetHints":{"allow":["GET"]}}],"collection":[{"href":"https:\/\/taskopru.bel.tr\/v1\/wp-json\/wp\/v2\/pages"}],"about":[{"href":"https:\/\/taskopru.bel.tr\/v1\/wp-json\/wp\/v2\/types\/page"}],"author":[{"embeddable":true,"href":"https:\/\/taskopru.bel.tr\/v1\/wp-json\/wp\/v2\/users\/1"}],"replies":[{"embeddable":true,"href":"https:\/\/taskopru.bel.tr\/v1\/wp-json\/wp\/v2\/comments?post=2355"}],"version-history":[{"count":2,"href":"https:\/\/taskopru.bel.tr\/v1\/wp-json\/wp\/v2\/pages\/2355\/revisions"}],"predecessor-version":[{"id":2420,"href":"https:\/\/taskopru.bel.tr\/v1\/wp-json\/wp\/v2\/pages\/2355\/revisions\/2420"}],"wp:attachment":[{"href":"https:\/\/taskopru.bel.tr\/v1\/wp-json\/wp\/v2\/media?parent=2355"}],"curies":[{"name":"wp","href":"https:\/\/api.w.org\/{rel}","templated":true}]}}