{"id":2351,"date":"2019-06-13T03:34:14","date_gmt":"2019-06-13T00:34:14","guid":{"rendered":"http:\/\/taskopru.bel.tr\/v1\/?page_id=2351"},"modified":"2021-01-05T15:42:50","modified_gmt":"2021-01-05T12:42:50","slug":"lakaplarimiz","status":"publish","type":"page","link":"https:\/\/taskopru.bel.tr\/v1\/lakaplarimiz\/","title":{"rendered":"Lakaplar\u0131m\u0131z"},"content":{"rendered":"<p>Necati DO\u011eAN\u00c7*<br \/>\nHer sabah Ta\u015fk\u00f6pr\u00fc havas\u0131 ruhuma sar\u0131l\u0131r<br \/>\nLakab\u0131m\u0131 yazd\u0131n diye kimileri bana dar\u0131l\u0131r<br \/>\nDar\u0131lmay\u0131n a dostlar, ge\u00e7mi\u015fi unutmamak amac\u0131m\u0131z<br \/>\nHani derler ya \u201cYi\u011fit lakab\u0131yla an\u0131l\u0131r\u201d<\/p>\n<p>L\u00e2kap nedir? \u2018Bir kimseye veya bir aileye; kendi ad\u0131ndan ayr\u0131 olarak sonradan tak\u0131lan, o kimsenin veya o ailenin bir \u00f6zelli\u011finden kaynaklanan ad.\u2019 diye tarif ediliyor s\u00f6zl\u00fckte.<br \/>\nAmac\u0131m\u0131z elbette ki kimsenin onurunu k\u0131rmak de\u011fil y\u00fczy\u0131llar boyu s\u00fcre gelen lakap literat\u00fcr\u00fcn\u00fc gelecek ku\u015faklara aktarmak, var olan bir ger\u00e7e\u011fi \u00f6z k\u00fclt\u00fcr\u00fcm\u00fcz\u00fc unutturmamak.<br \/>\nK\u00fclt\u00fcr bak\u0131m\u0131ndan kendi k\u00fclt\u00fcr\u00fcn\u00fc koruyabilen ender yerle\u015fim merkezlerinden birisi g\u00fczel Ta\u015fk\u00f6pr\u00fc\u2019m, yerle\u015fik ahali y\u00fczy\u0131llardan beri oturduklar\u0131 evleri yaparken acele etmemi\u015f, iklim ko\u015fullar\u0131n\u0131 dikkate alarak kendi \u00f6z k\u00fclt\u00fcr\u00fcnden gelen zevkine hitap edecek tarzda evler in\u015fa etmi\u015fler. Bu yap\u0131lara yerle\u015fen ku\u015faklar yerlerini bir sonraki ku\u015faklara devrederek mekanlar\u0131ndaki ikametleri s\u00fcreklilik kazanm\u0131\u015ft\u0131r. Bu s\u00fcreklili\u011fin sonucu olarak aileler birer lakap kullanarak birbirlerinden ay\u0131rt edilme yolunu se\u00e7mi\u015fler. Ta\u015fk\u00f6pr\u00fc\u2019n\u00fcn yerlisi olan ailelerin istisnas\u0131z birer lakab\u0131 vard\u0131r.<br \/>\nSoyad\u0131 kanunun \u00e7\u0131kmas\u0131 bile Anadolu\u2019nun her yerinde oldu\u011fu gibi Ta\u015fk\u00f6pr\u00fc\u2019de de lakaplar\u0131n \u00f6nemini zay\u0131flatmam\u0131\u015f, hatta lakaplarla tan\u0131ma ve tan\u0131tma gelene\u011fi s\u00fcrd\u00fcr\u00fclm\u00fc\u015ft\u00fcr. Aileden olan insanlar i\u00e7in birer h\u00fcviyet niteli\u011findedir lakaplar. Bir k\u0131sm\u0131 ailenin nam\u0131n\u0131, \u015f\u00f6hretini simgelerken, bir k\u0131sm\u0131 da aile fertlerinin birinin veya bir b\u00f6l\u00fcm\u00fcn\u00fcn davran\u0131\u015flar\u0131 sonunda ortaya \u00e7\u0131km\u0131\u015ft\u0131r. Baz\u0131 lakaplarda temsil etti\u011fi ailenin Ta\u015fk\u00f6pr\u00fc\u2019ye geldikleri yer hakk\u0131nda bilgi vermektedir.<br \/>\nKi\u015filerin birileri taraf\u0131ndan iyi tan\u0131nd\u0131\u011f\u0131na delalet eden, oturmu\u015f, yerle\u015fmi\u015f bir ki\u015filik sahibi oldu\u011funu g\u00f6steren, \u00f6n\u00fcne geldi\u011fi isme a\u011f\u0131rl\u0131k kazand\u0131r\u0131r lakaplar.<\/p>\n<p>\u015eimdiden anlay\u0131\u015f\u0131n\u0131z i\u00e7in te\u015fekk\u00fcr ederiz.<br \/>\nA<br \/>\nABDURAHMANLAR<br \/>\nABICALAR<br \/>\nACUKLAR<br \/>\nAT\u00c7ALILAR<br \/>\nAGU\u015eLAR<br \/>\nA\u011eMANLAR<br \/>\nAHMATLAR<br \/>\nAK\u00c7AKARDE\u015eLER<br \/>\nAKMANLAR<br \/>\nALA\u00c7AMLAR<br \/>\nALLEP\u00c7OG\u0130L<br \/>\nAL\u0130\u015eLER<br \/>\nALVANLAR-ALVANOG\u0130L<br \/>\nARABACILAR<br \/>\nARABACI GARA MEMETLE<br \/>\nARABOLAR<br \/>\nARAPHASANLAR<br \/>\nAR\u0130FA\u011eALAR<br \/>\nA\u015eEVLER<br \/>\nA\u015eIKLA<br \/>\nATAB\u0130NENLER<br \/>\nATALA<br \/>\nAT\u0130KLE<br \/>\nAYRANCILA<br \/>\nB<br \/>\nBABUCUB\u00dcY\u00dcKLE<br \/>\nBA\u011eDATLILAR<br \/>\nBA\u011eIYELER<br \/>\nBAKIRCILAR<br \/>\nBALCILAR<br \/>\nBA\u015e\u00c7AVU\u015eLAR<br \/>\nBAYAKLAR<br \/>\nBERBEROG\u0130L<br \/>\nBICIMIKLAR<br \/>\nBI\u00c7AKLAR<br \/>\nBIDILAR<br \/>\nBITTILA<br \/>\nB\u00dcBERLE<br \/>\nBODURLAR<br \/>\nBO\u015eNAKLAR<br \/>\nBOYACILAR<br \/>\nBOYALILAR<br \/>\nB\u00d6YREKS\u0130ZLER<br \/>\nBULGURLAR<br \/>\nBURUNSUZLAR<br \/>\nB\u00dcK\u00dcC\u00dcLER<br \/>\nB\u00dcY\u00dcKHOCALAR<br \/>\nB\u00d6Y\u00dcKLER<br \/>\nC<br \/>\nCABACILA<br \/>\nCALAYLAR<br \/>\nCANDIRLAR<br \/>\nCANSIZLAR<br \/>\nCEL\u0130LLER<br \/>\nCER\u0130DOLAR<br \/>\nCERRAHLAR<br \/>\nCEV\u0130ZOG\u0130L<br \/>\nCINAHOCALAR<br \/>\nCIRTCIRTLAR<br \/>\nCOBURLAR<br \/>\nC\u00d6DD\u00dcR\u00dcLER<br \/>\nC\u00dcC\u00dcKLER<br \/>\n\u00c7<br \/>\n\u00c7AL\u00d4LAR<br \/>\n\u00c7AMUR \u015eEVKETLER<br \/>\n\u00c7APAA\u00d1 SEY\u0130N<br \/>\n\u00c7ARIK\u00c7ILAR<br \/>\n\u00c7ARKACILAR<br \/>\n\u00c7ATALLAR<br \/>\n\u00c7E\u00c7E MEMETLER<br \/>\n\u00c7IKI SEY\u0130N<br \/>\n\u00c7IPLAKLAR<br \/>\n\u00c7IRACILAR<br \/>\n\u00c7IRPICILAR<br \/>\n\u00c7ITAKLAR<br \/>\n\u00c7\u0130FTEHACILAR<br \/>\n\u00c7\u0130LA\u011eALA<br \/>\n\u00c7\u0130LGIZLAR<br \/>\n\u00c7\u0130T\u0130M\u0130S\u0130RLER<br \/>\n\u00c7\u0130TL\u0130LER<br \/>\n\u00c7\u0130V\u0130C\u0130LER<br \/>\n\u00c7OK\u00c7APANLAR<br \/>\n\u00c7OLAKLAR<br \/>\n\u00c7ONSUZLAR<br \/>\n\u00c7ORBACILA<br \/>\n\u00c7OR\u00c7ORLAR<br \/>\n\u00c7\u00d6MELE<br \/>\n\u00c7ULLULA<br \/>\n\u00c7\u00dcR\u00dcKLER<br \/>\nD<br \/>\nDADT\u0130R\u0130LER<br \/>\nDA\u011eLULA<br \/>\nDANACOLAR<br \/>\nDANALAR<br \/>\nDANASEY\u0130NLER<br \/>\nDANGALAKLAR<br \/>\nDANGALA\u011eI\u00d1 SEY\u0130N<br \/>\nDAVULCULAR<br \/>\nDAVUTLAR<br \/>\nDAYILAR<br \/>\nDEL\u0130 MAHMUTLAR<br \/>\nDEL\u0130BEYLER<br \/>\nDEL\u0130KABAKLAR<br \/>\nDEL\u0130SEY\u0130NLER<br \/>\nDELLER<br \/>\nDEREK\u00d6YL\u00dcLE<br \/>\nDIKGALAR<br \/>\nDIMBIRILAR<br \/>\nD\u0130\u00d1EKLER<br \/>\nDOLA\u015eIKLAR<br \/>\nDOMB\u0130LLER<br \/>\nDORAN\u0130KLER<br \/>\nDOTDOTLAR<br \/>\nD\u00d6NGELLER<br \/>\nD\u00dc\u011eELER<br \/>\nD\u00dc\u011eMELER<br \/>\nE<br \/>\nEB\u0130ZELER<br \/>\nEK\u0130ZLER<br \/>\nEKMEK\u00c7\u0130LER<br \/>\nELEK\u00c7\u0130LER<br \/>\nEN\u0130\u015eTEZAL\u0130LER<br \/>\nESK\u0130C\u0130LER<br \/>\nESK\u0130LER<br \/>\nEVL\u0130YALAR<br \/>\nEY\u0130BA\u011eALAR<br \/>\nEY\u015e\u0130LER<br \/>\nEY\u00dcPLER F<br \/>\nFAT\u0130LER<br \/>\nFELEKLER<br \/>\nF\u0130\u015eEKLER<br \/>\nF\u0130\u015eEK ZAL\u0130LE<br \/>\nG<br \/>\nGABA\u015eLAR<br \/>\nGADILA<br \/>\nGAD\u00d4LAR<br \/>\nGALLEC\u0130LER<br \/>\nGAND\u0130LOLA<br \/>\nGANOLAR<br \/>\nGAP\u00c7UKD\u0130\u015eLER<br \/>\nGARABACAK<br \/>\nGASPERLER<br \/>\nGEBE\u015eHASANLAR<br \/>\nGICIRLULAR<br \/>\nGI\u00c7BACAKLULAR<br \/>\nGILDIRGAVASLAR<br \/>\nGIL\u0130LER<br \/>\nGINAKLAR<br \/>\nGIYUK NAZIM<br \/>\nGOCAGULAKLAR<br \/>\nGODAKSUZLAR<br \/>\nGOL\u00dcK SA\u0130T<br \/>\nGONYALILAR<br \/>\nGOP\u00c7ACILAR<br \/>\nGOZAK SEY\u0130N<br \/>\nG\u00d6CENLER<br \/>\nG\u00d6KGEL\u0130NLE<br \/>\nG\u00d6KMENLER<br \/>\nG\u00d6T\u00dcYANIKLAR<br \/>\nGUYUMCU HAKGILA<br \/>\nG\u00dcCC\u00dcKLE<br \/>\nG\u00dcLL\u00dcLE<br \/>\nG\u00dcM\u00dc\u015e DEDELER<br \/>\nG\u00dcNBO\u011eALAR<br \/>\nG\u00dcRC\u00dcO\u011eLU<br \/>\nG\u00dcS\u00dcKLER<br \/>\nG\u00dcVELER<br \/>\nH<br \/>\nHACI\u011e\u0130L<br \/>\nHACIKAM\u0130LLER<br \/>\nHACILAR<br \/>\nHAMAMCILAR<br \/>\nHAMLACIG\u0130L<br \/>\nHAMLACILA<br \/>\nHAMURCULAR<br \/>\nHANCILAR<br \/>\nHASANG\u0130L<br \/>\nHA\u015e\u0130MLE<br \/>\nHA\u015e\u0130MLER<br \/>\nHATCEL\u0130LER<br \/>\nHATIPLA<br \/>\nHAZIRCILAR<br \/>\nHEK\u0130MLE<br \/>\nHIZARCILAR<br \/>\nHODULLA<br \/>\nHOROZOG\u0130L<br \/>\nHORUZLA<br \/>\nH\u00dcSN\u00dcA\u011eALAR<br \/>\nI-\u0130<br \/>\nISB\u00c2LAR<br \/>\n\u0130B\u0130\u015eLER<br \/>\n\u0130\u011eNEC\u0130LE<br \/>\n\u0130MAMG\u0130L<br \/>\n\u0130MAMLA<br \/>\n\u0130NCELER<br \/>\n\u0130PEKLER<br \/>\n\u0130RO\u011e\u00dcLL\u00dcLER<br \/>\nK<br \/>\nKABADAYILAR<br \/>\nKALAYCILAR<br \/>\nKALIN BACAKLAR<br \/>\nKAMBUR N\u0130YAZ\u0130LER<br \/>\nKAM\u0130LA\u011eAG\u0130L<br \/>\nKANDALLAR<br \/>\nKARA AHMETLER<br \/>\nKARA DEL\u0130LER<br \/>\nKARA MOLLAG\u0130L<br \/>\nKARA SA\u0130TLER<br \/>\nKARA SAKALLAR<br \/>\nKARA\u00c7AVU\u015eLAR<br \/>\nKARA\u011eALA<br \/>\nKARAKADILAR<br \/>\nKARAKEMALLE<br \/>\nKARAMEHMETLER<br \/>\nKARAME\u015eELER<br \/>\nKAT\u0130PO\u011eULLARI<br \/>\nKAVASLAR<br \/>\nKAYNAKLAR<br \/>\nKAYTAZLAR<br \/>\nKAZIM \u00c7AVU\u015eLA<br \/>\nKEBAP\u00c7ILAR<br \/>\nKEL AHMETLER<br \/>\nKEL \u00c7AVU\u015eLAR<br \/>\nKESELER<br \/>\nKESTANEC\u0130LER<br \/>\nKINALAR<br \/>\nKIRIK\u00c7ILAR<br \/>\nKIVRAKLAR<br \/>\nK\u0130BARLAR<br \/>\nK\u0130REM\u0130T\u00c7\u0130LER<br \/>\nK\u0130R\u0130KLER<br \/>\nK\u0130RP\u0130 AL\u0130LER<br \/>\nKOCA USTALAR<br \/>\nKONYALILAR<br \/>\nKOPUKLAR<br \/>\nKOSTENLER<br \/>\nK\u00d6PR\u00dcLOG\u0130L<br \/>\nK\u00d6SELE<br \/>\nKUDURUKLAR<br \/>\nKUL AHMETLER<br \/>\nKUNDURACILAR<br \/>\nKURT HASANLAR<br \/>\nK\u00dc\u00c7\u00dcKERLER<br \/>\nK\u00dcREL\u0130LER<br \/>\nK\u00dcRKL\u00dcLER<br \/>\nK\u00dcR\u00dcKLER<br \/>\nK\u00dcT SEY\u0130NLER<br \/>\nL<br \/>\nLAPLAPLAR<br \/>\nL\u00dcTF\u0130YELEM<br \/>\nMACILAR<br \/>\nMADANLAR<br \/>\nMANDALAR<br \/>\nMAN\u0130\u015eLER<br \/>\nMAST\u0130KLER<br \/>\nMATRACILAR<br \/>\nMAZARATLAR<br \/>\nMESKENLER<br \/>\nMICIKLAR<br \/>\nMIDIKLA<br \/>\nM\u0130CANLAR<br \/>\nM\u0130RASYED\u0130LER<br \/>\nMOLLALAR<br \/>\nMOYOLAR<br \/>\nMUHTARLA<br \/>\nMUHTARLAR<br \/>\nMUMCULAR<br \/>\nMUTUKLAR<br \/>\nMUTU\u015eLAR<br \/>\nM\u00dcFT\u00dcLER<br \/>\nM\u00dcGAY\u0130TLER<br \/>\nO-\u00d6<br \/>\nONBA\u015eILAR<br \/>\nORMANCILAR<br \/>\nOSMANG\u0130L<br \/>\n\u00d6C\u00dcLER<br \/>\n\u00d6K\u00dcZOG\u0130L<br \/>\n\u00d6L\u00c7\u00dcC\u00dcLER<br \/>\n\u00d6MERLER<\/p>\n<p>\u00d6M\u00dcRHASANLAR<br \/>\n\u00d6TEVL\u0130LER<br \/>\n\u00d6ZDEM\u0130RLER<br \/>\nP<br \/>\nPAMUK\u00c7ULAR<br \/>\nPA\u015eALAR<br \/>\nPATRON AHMETLER<br \/>\nPER\u0130KIZLAR<br \/>\nPIRASALAR<br \/>\nP\u0130CAMALILAR<br \/>\nP\u0130LAVCILAR<br \/>\nP\u0130LAV HASANLAR<br \/>\nP\u0130NL\u0130K AHMETLER<br \/>\nR<br \/>\nRESM\u0130YELER<br \/>\nSAAT\u00c7\u0130LER<br \/>\nSALLANBEYLER<br \/>\nSANDALCILAR<br \/>\nSARA\u00c7LAR<br \/>\nSATIRLAR<br \/>\nSEDEFLER<br \/>\nSEMERC\u0130LER<br \/>\nSEY\u0130NALA<br \/>\nSEYREK BASANLAR<br \/>\nSI\u00c7ANEMM\u0130LER<br \/>\nS\u0130B\u0130LLER<br \/>\nS-\u015e<br \/>\nS\u00dcNG\u00dcL\u00dcLER<br \/>\nS\u00dcSL\u00dc KASAPLAR<br \/>\nS\u00dcSL\u00dc MAH\u0130RLER<br \/>\nS\u00dcTL\u00dcA\u015eLAR<br \/>\n\u015eAK\u015eAKLAR<br \/>\n\u015eALGAMCILAR<br \/>\n\u015eALLILAR<br \/>\n\u015eAMCOLA<br \/>\n\u015eEKERC\u0130LER<br \/>\n\u015eEM\u015e\u0130TLER<br \/>\n\u015eEP\u00c7\u0130LER<br \/>\n\u015eIHLAR<br \/>\n\u015e\u0130\u015eMANI\u00d1 MUH\u0130TT\u0130N<br \/>\n\u015e\u00dcK\u00dcRLE<br \/>\nT<br \/>\nTABAKLAR<br \/>\nTABANLILAR<br \/>\nTAHTA KINLAR<br \/>\nTAR\u00c7INLAR<br \/>\nTARHANLAR(Yusuflar)<br \/>\nTARTARLAR<br \/>\nTATLID\u0130LO\u011eLU<br \/>\nTAZILAR<br \/>\nTEK \u00c7ARIKLAR<br \/>\nTEKAV\u00dcTLER<br \/>\nTEKELER<br \/>\nTEKEVL\u0130LER<br \/>\nTEKKEL\u0130LER<br \/>\nTELLAL A\u015eIKLAR<br \/>\nTEPEG\u00d6ZLER<br \/>\nTELL\u00dc ZAL\u0130LE<br \/>\nTEREC\u00dcKLE<br \/>\nTIKAYAKLA<br \/>\nTIKIRLA<br \/>\nTIKIR SEY\u0130NLER<br \/>\nT\u0130FT\u0130KLE<br \/>\nT\u0130FT\u0130KLER<br \/>\nT\u0130R\u0130LER<br \/>\nTOKUR AHMETLER<br \/>\nTOMA\u00c7LAR<br \/>\nTOP\u00c7ULAR<br \/>\nTOPUZLA<br \/>\nTOPUZLAR<br \/>\nT\u00d6R T\u00d6R BAYRAMLAR<br \/>\nTREN YUSUFLAR<br \/>\nTUR MEHMETLER<br \/>\nTUR\u015eUCULAR<br \/>\nT\u00dcRKMENLER<br \/>\nT\u00dcR\u00dcTLER<br \/>\nT\u00dcT\u00dcLER<br \/>\nU-\u00dc<br \/>\nUYURO\u011eULLARI<br \/>\nUYUZ EM\u0130NLER<br \/>\nUZUNG\u0130L<br \/>\n\u00dc\u00c7\u00dcNC\u00dcLER<br \/>\n\u00dc\u015e\u00dcMEZLER<br \/>\nV<br \/>\nVEZ\u0130RO\u011eLU<br \/>\nY<br \/>\nYA\u011e AL\u0130LER<br \/>\nYALAN B\u0130LMEZLER<br \/>\nYALIN AYAKLAR<br \/>\nYA\u011eAL\u0130LER<br \/>\nYAMALILAR<br \/>\nYAMB\u0130LLER<br \/>\nYANUKLA<br \/>\nYAYLU FAD\u0130MLE<br \/>\nYORGANCILAR<br \/>\nY\u00dcZ D\u0130REM HAFIZLA<br \/>\nZ<br \/>\nZARTACILAR<br \/>\nZEV\u00dcKLER<br \/>\nZEF\u00dcRELER<br \/>\nZEYBEKLER<br \/>\nZUHUR\u0130LER<br \/>\nZURNACILAR<br \/>\nZURNACOLAR<\/p>\n<p>*Ta\u015fk\u00f6pr\u00fc Halk E\u011fitimi Merkezi M\u00fcd\u00fcr\u00fc<\/p>\n","protected":false},"excerpt":{"rendered":"<p>Necati DO\u011eAN\u00c7* Her sabah Ta\u015fk\u00f6pr\u00fc havas\u0131 ruhuma sar\u0131l\u0131r Lakab\u0131m\u0131 yazd\u0131n diye kimileri bana dar\u0131l\u0131r Dar\u0131lmay\u0131n a dostlar, ge\u00e7mi\u015fi unutmamak amac\u0131m\u0131z Hani derler ya \u201cYi\u011fit lakab\u0131yla an\u0131l\u0131r\u201d L\u00e2kap nedir? \u2018Bir kimseye veya bir aileye; kendi ad\u0131ndan ayr\u0131 olarak sonradan tak\u0131lan, o kimsenin veya o ailenin bir \u00f6zelli\u011finden kaynaklanan ad.\u2019 diye tarif ediliyor s\u00f6zl\u00fckte. Amac\u0131m\u0131z elbette ki [&hellip;]<\/p>\n","protected":false},"author":1,"featured_media":0,"parent":0,"menu_order":0,"comment_status":"closed","ping_status":"closed","template":"g1_template_page_sidebar_right.php","meta":{"footnotes":""},"class_list":["post-2351","page","type-page","status-publish"],"_links":{"self":[{"href":"https:\/\/taskopru.bel.tr\/v1\/wp-json\/wp\/v2\/pages\/2351","targetHints":{"allow":["GET"]}}],"collection":[{"href":"https:\/\/taskopru.bel.tr\/v1\/wp-json\/wp\/v2\/pages"}],"about":[{"href":"https:\/\/taskopru.bel.tr\/v1\/wp-json\/wp\/v2\/types\/page"}],"author":[{"embeddable":true,"href":"https:\/\/taskopru.bel.tr\/v1\/wp-json\/wp\/v2\/users\/1"}],"replies":[{"embeddable":true,"href":"https:\/\/taskopru.bel.tr\/v1\/wp-json\/wp\/v2\/comments?post=2351"}],"version-history":[{"count":4,"href":"https:\/\/taskopru.bel.tr\/v1\/wp-json\/wp\/v2\/pages\/2351\/revisions"}],"predecessor-version":[{"id":5902,"href":"https:\/\/taskopru.bel.tr\/v1\/wp-json\/wp\/v2\/pages\/2351\/revisions\/5902"}],"wp:attachment":[{"href":"https:\/\/taskopru.bel.tr\/v1\/wp-json\/wp\/v2\/media?parent=2351"}],"curies":[{"name":"wp","href":"https:\/\/api.w.org\/{rel}","templated":true}]}}