{"id":2333,"date":"2019-06-13T03:21:30","date_gmt":"2019-06-13T00:21:30","guid":{"rendered":"http:\/\/taskopru.bel.tr\/v1\/?page_id=2333"},"modified":"2024-08-01T16:53:04","modified_gmt":"2024-08-01T13:53:04","slug":"etik-komisyonu","status":"publish","type":"page","link":"https:\/\/taskopru.bel.tr\/v1\/etik-komisyonu\/","title":{"rendered":"Etik Komisyonu"},"content":{"rendered":"<p><strong>TA\u015eK\u00d6PR\u00dc \u00a0BELED\u0130YE BA\u015eKANLI\u011eI\u00a0ET\u0130K KOM\u0130SYONU<\/strong><\/p>\n<p>5176 Say\u0131l\u0131 Kanuna dayan\u0131larak haz\u0131rlanan ve 13.04.2005 tarihinde y\u00fcr\u00fcrl\u00fc\u011fe giren Kamu G\u00f6revlileri Etik Davran\u0131\u015f \u0130lkeleri \u0130le Ba\u015fvuru Usul ve Esaslar\u0131 Hakk\u0131nda Y\u00f6netmeli\u011fin 29. Maddesi gere\u011fince Kurum ve kurulu\u015flarda etik k\u00fclt\u00fcr\u00fcn\u00fc yerle\u015ftirmek ve geli\u015ftirmek, personelin etik davran\u0131\u015f ilkeleri konusunda kar\u015f\u0131la\u015ft\u0131klar\u0131 sorunlarla ilgili olarak tavsiyelerde ve y\u00f6nlendirmelerde bulunmak ve etik uygulamalar\u0131 de\u011ferlendirmek \u00fczere, 17.05.2019 tarih, 465 say\u0131l\u0131 Ba\u015fkanl\u0131\u011f\u0131m\u0131zca idari g\u00f6revliler aras\u0131ndan a\u015fa\u011f\u0131daki personelden Ta\u015fk\u00f6pr\u00fc Belediye Ba\u015fkanl\u0131\u011f\u0131 Etik Komisyonu olu\u015fturulmu\u015ftur.<\/p>\n<p><strong>FAAL\u0130YETLER<\/strong><\/p>\n<p>Kamu G\u00f6revlileri Etik Davran\u0131\u015f \u0130lkeleri \u0130le Ba\u015fvuru Usul ve Esaslar\u0131 Hakk\u0131ndaki Y\u00f6netmelik y\u00fcr\u00fcrl\u00fc\u011fe girdi\u011fi tarihten sonra Kamu G\u00f6revlileri Etik S\u00f6zle\u015fmesi t\u00fcm personele imzalat\u0131larak \u00f6zl\u00fck dosyalar\u0131na konulmu\u015ftur. G\u00f6reve yeni ba\u015flayan personellere de g\u00f6revlerine ba\u015flad\u0131klar\u0131 tarihten itibaren imzalat\u0131larak \u00f6zl\u00fck dosyalar\u0131na konulmaya devam edilmektedir. Hizmet i\u00e7i e\u011fitim programlar\u0131na etik konular\u0131n dahil edilmesine karar verilmi\u015ftir.<\/p>\n<p><strong>ET\u0130K KOM\u0130SYON \u00dcYELER\u0130<\/strong><\/p>\n<p>Ba\u015fkan\u00a0\u00a0\u00a0\u00a0\u00a0\u00a0\u00a0\u00a0\u00a0\u00a0\u00a0\u00a0\u00a0\u00a0\u00a0\u00a0\u00a0\u00a0\u00a0\u00a0\u00a0 :\u00a0 (Ba\u015fkan Yard\u0131mc\u0131s\u0131)<br \/>\nTelefon\u00a0 \u00a0 \u00a0 \u00a0 \u00a0 \u00a0 \u00a0 \u00a0 \u00a0 \u00a0 \u00a0 : 0366 417 10 58 \/ 201<\/p>\n<p>Komisyon \u00dcyesi\u00a0 \u00a0 \u00a0 :<br \/>\nTelefon\u00a0 \u00a0 \u00a0 \u00a0 \u00a0 \u00a0 \u00a0 \u00a0 \u00a0 \u00a0 \u00a0 : 0366 417 10 58 \/ 324<\/p>\n<p>Komisyon \u00dcyesi\u00a0 \u00a0 \u00a0 :<\/p>\n<p><strong>\u00a0<\/strong><\/p>\n<p><strong>MEVZUAT<\/strong><\/p>\n<ul>\n<li>5176 Say\u0131l\u0131 Kamu G\u00f6revlileri Etik Kurulu Kurulmas\u0131 ve Baz\u0131 Kanunlarda De\u011fi\u015fiklik Yap\u0131lmas\u0131 Hakk\u0131nda Kanun (08.06.2004 tarihli Resmi Gazete)<\/li>\n<li>Kamu G\u00f6revlileri Etik Davran\u0131\u015f \u0130lkeleri ile Ba\u015fvuru Usul ve Esaslar\u0131 Hakk\u0131nda Y\u00f6netmelik (Y\u00fcr\u00fcrl\u00fck tarihi 13\/04\/2005)<\/li>\n<\/ul>\n","protected":false},"excerpt":{"rendered":"<p>TA\u015eK\u00d6PR\u00dc \u00a0BELED\u0130YE BA\u015eKANLI\u011eI\u00a0ET\u0130K KOM\u0130SYONU 5176 Say\u0131l\u0131 Kanuna dayan\u0131larak haz\u0131rlanan ve 13.04.2005 tarihinde y\u00fcr\u00fcrl\u00fc\u011fe giren Kamu G\u00f6revlileri Etik Davran\u0131\u015f \u0130lkeleri \u0130le Ba\u015fvuru Usul ve Esaslar\u0131 Hakk\u0131nda Y\u00f6netmeli\u011fin 29. Maddesi gere\u011fince Kurum ve kurulu\u015flarda etik k\u00fclt\u00fcr\u00fcn\u00fc yerle\u015ftirmek ve geli\u015ftirmek, personelin etik davran\u0131\u015f ilkeleri konusunda kar\u015f\u0131la\u015ft\u0131klar\u0131 sorunlarla ilgili olarak tavsiyelerde ve y\u00f6nlendirmelerde bulunmak ve etik uygulamalar\u0131 de\u011ferlendirmek \u00fczere, [&hellip;]<\/p>\n","protected":false},"author":1,"featured_media":0,"parent":0,"menu_order":0,"comment_status":"closed","ping_status":"closed","template":"g1_template_page_sidebar_right.php","meta":{"footnotes":""},"class_list":["post-2333","page","type-page","status-publish"],"_links":{"self":[{"href":"https:\/\/taskopru.bel.tr\/v1\/wp-json\/wp\/v2\/pages\/2333","targetHints":{"allow":["GET"]}}],"collection":[{"href":"https:\/\/taskopru.bel.tr\/v1\/wp-json\/wp\/v2\/pages"}],"about":[{"href":"https:\/\/taskopru.bel.tr\/v1\/wp-json\/wp\/v2\/types\/page"}],"author":[{"embeddable":true,"href":"https:\/\/taskopru.bel.tr\/v1\/wp-json\/wp\/v2\/users\/1"}],"replies":[{"embeddable":true,"href":"https:\/\/taskopru.bel.tr\/v1\/wp-json\/wp\/v2\/comments?post=2333"}],"version-history":[{"count":7,"href":"https:\/\/taskopru.bel.tr\/v1\/wp-json\/wp\/v2\/pages\/2333\/revisions"}],"predecessor-version":[{"id":11169,"href":"https:\/\/taskopru.bel.tr\/v1\/wp-json\/wp\/v2\/pages\/2333\/revisions\/11169"}],"wp:attachment":[{"href":"https:\/\/taskopru.bel.tr\/v1\/wp-json\/wp\/v2\/media?parent=2333"}],"curies":[{"name":"wp","href":"https:\/\/api.w.org\/{rel}","templated":true}]}}