{"id":2327,"date":"2019-06-13T03:19:47","date_gmt":"2019-06-13T00:19:47","guid":{"rendered":"http:\/\/taskopru.bel.tr\/v1\/?page_id=2327"},"modified":"2019-06-27T15:23:12","modified_gmt":"2019-06-27T12:23:12","slug":"misyon-vizyon","status":"publish","type":"page","link":"https:\/\/taskopru.bel.tr\/v1\/misyon-vizyon\/","title":{"rendered":"Misyon &#038; Vizyon"},"content":{"rendered":"<p><strong>Misyon<\/strong><strong>umuz<\/strong>: \u201cKendini ve Kentini Geli\u015ftiren Belediye\u201d slogan\u0131yla yola \u00e7\u0131km\u0131\u015f, \u00f6nce insan anlay\u0131\u015f\u0131n\u0131 kendine ilke edinmi\u015f, hizmette adalet ve e\u015fitli\u011fi g\u00f6zeterek tarihi, k\u00fclt\u00fcrel ve \u00e7evresel de\u011ferlere sahip \u00e7\u0131kan\u00a0 sa\u011fl\u0131k, refah ve huzur i\u00e7inde ya\u015fanabilir bir kent olu\u015fturmak.<\/p>\n<p><strong>Viz<\/strong><strong>yon<\/strong><strong>umuz<\/strong>: Sahip oldu\u011fumuz t\u00fcm de\u011ferleri gelecek nesillere aktarmak, insan\u0131m\u0131z\u0131n ekonomik, k\u00fclt\u00fcrel, sosyal standartlar\u0131n\u0131 ve hayat kalitesini art\u0131rarak muas\u0131r medeniyetler seviyesine geli\u015fimde lider bir kent olarak \u00e7\u0131kartmak.<\/p>\n","protected":false},"excerpt":{"rendered":"<p>Misyonumuz: \u201cKendini ve Kentini Geli\u015ftiren Belediye\u201d slogan\u0131yla yola \u00e7\u0131km\u0131\u015f, \u00f6nce insan anlay\u0131\u015f\u0131n\u0131 kendine ilke edinmi\u015f, hizmette adalet ve e\u015fitli\u011fi g\u00f6zeterek tarihi, k\u00fclt\u00fcrel ve \u00e7evresel de\u011ferlere sahip \u00e7\u0131kan\u00a0 sa\u011fl\u0131k, refah ve huzur i\u00e7inde ya\u015fanabilir bir kent olu\u015fturmak. Vizyonumuz: Sahip oldu\u011fumuz t\u00fcm de\u011ferleri gelecek nesillere aktarmak, insan\u0131m\u0131z\u0131n ekonomik, k\u00fclt\u00fcrel, sosyal standartlar\u0131n\u0131 ve hayat kalitesini art\u0131rarak muas\u0131r medeniyetler [&hellip;]<\/p>\n","protected":false},"author":1,"featured_media":0,"parent":0,"menu_order":0,"comment_status":"closed","ping_status":"closed","template":"g1_template_page_sidebar_right.php","meta":{"footnotes":""},"class_list":["post-2327","page","type-page","status-publish"],"_links":{"self":[{"href":"https:\/\/taskopru.bel.tr\/v1\/wp-json\/wp\/v2\/pages\/2327","targetHints":{"allow":["GET"]}}],"collection":[{"href":"https:\/\/taskopru.bel.tr\/v1\/wp-json\/wp\/v2\/pages"}],"about":[{"href":"https:\/\/taskopru.bel.tr\/v1\/wp-json\/wp\/v2\/types\/page"}],"author":[{"embeddable":true,"href":"https:\/\/taskopru.bel.tr\/v1\/wp-json\/wp\/v2\/users\/1"}],"replies":[{"embeddable":true,"href":"https:\/\/taskopru.bel.tr\/v1\/wp-json\/wp\/v2\/comments?post=2327"}],"version-history":[{"count":2,"href":"https:\/\/taskopru.bel.tr\/v1\/wp-json\/wp\/v2\/pages\/2327\/revisions"}],"predecessor-version":[{"id":2634,"href":"https:\/\/taskopru.bel.tr\/v1\/wp-json\/wp\/v2\/pages\/2327\/revisions\/2634"}],"wp:attachment":[{"href":"https:\/\/taskopru.bel.tr\/v1\/wp-json\/wp\/v2\/media?parent=2327"}],"curies":[{"name":"wp","href":"https:\/\/api.w.org\/{rel}","templated":true}]}}