{"id":2315,"date":"2019-06-13T02:51:00","date_gmt":"2019-06-12T23:51:00","guid":{"rendered":"http:\/\/taskopru.bel.tr\/v1\/?page_id=2315"},"modified":"2024-04-03T10:23:13","modified_gmt":"2024-04-03T07:23:13","slug":"ozgecmisi","status":"publish","type":"page","link":"https:\/\/taskopru.bel.tr\/v1\/ozgecmisi\/","title":{"rendered":"\u00d6zge\u00e7mi\u015fi"},"content":{"rendered":"<p><strong>\u00d6ZGE\u00c7M\u0130\u015e<\/strong><\/p>\n<p>5 Ocak 1956 tarihinde Ta\u015fk\u00f6pr\u00fc il\u00e7esinin A\u015fa\u011f\u0131 \u00c7ay\u0131rc\u0131k K\u00f6y\u00fc&#8217;nde d\u00fcnyaya geldi. E\u011fitim hayat\u0131na Ta\u015fk\u00f6pr\u00fc&#8217;de ba\u015flayan Arslan, \u0130stanbul Vefa Lisesi&#8217;nde 2 y\u0131l e\u011fitim ald\u0131ktan sonra Ta\u015fk\u00f6pr\u00fc Lisesi&#8217;nden mezun oldu. 1977 y\u0131l\u0131nda Kastamonu Meslek Y\u00fcksekokulu \u0130n\u015faat B\u00f6l\u00fcm\u00fc&#8217;nden mezun olan Arslan, 1982 y\u0131l\u0131ndan itibaren in\u015faat sekt\u00f6r\u00fcnde aktif olarak \u00e7al\u0131\u015fmaya ba\u015flad\u0131.<\/p>\n<p><strong>Sivil Toplum ve Y\u00f6neticilik<\/strong><\/p>\n<p>H\u00fcseyin Arslan, Ta\u015fk\u00f6pr\u00fcspor ve Kastamonuspor kul\u00fcplerinde y\u00f6netim kurulu \u00fcyeli\u011fi yapt\u0131. Ayr\u0131ca, 1991-2009 y\u0131llar\u0131 aras\u0131nda Ta\u015fk\u00f6pr\u00fc Ticaret ve Sanayi Odas\u0131 Meclis Ba\u015fkanl\u0131\u011f\u0131 g\u00f6revini \u00fcstlendi. \u00d6zel sekt\u00f6rde de y\u00f6neticilik deneyimi bulunan Arslan, 1999-2001 y\u0131llar\u0131nda bir \u015firketin y\u00f6netim kurulu ba\u015fkanl\u0131\u011f\u0131n\u0131 yapt\u0131.<\/p>\n<p><strong>Siyasi Kariyeri<\/strong><\/p>\n<p>H\u00fcseyin Arslan, AK Parti&#8217;nin Kastamonu Ta\u015fk\u00f6pr\u00fc Belediye Ba\u015fkan aday\u0131 olarak g\u00f6sterildi ve se\u00e7imleri kazanarak Ta\u015fk\u00f6pr\u00fc Belediye Ba\u015fkan\u0131 oldu. \u00d6ncesinde 2009 ve 2014 yerel se\u00e7imlerinde de Ta\u015fk\u00f6pr\u00fc Belediye Ba\u015fkanl\u0131\u011f\u0131 g\u00f6revini \u00fcstlenen Arslan, <strong>31 Mart 2024 yerel se\u00e7imleri sonras\u0131nda tekrar <a class=\"internal_link\" title=\"belediye ba\u015fkan\u0131\" href=\"https:\/\/www.taskoprupostasi.com\/haberleri\/belediye-baskani\" target=\"_blank\" rel=\"noopener\">belediye ba\u015fkan\u0131<\/a> se\u00e7ildi.<\/strong><\/p>\n<p><strong>\u00d6zel Hayat\u0131<\/strong><\/p>\n<p>Evli ve \u00fc\u00e7 \u00e7ocuk babas\u0131 olan H\u00fcseyin Arslan, 2005 y\u0131l\u0131nda kurulan T\u00fcrkiye Kontrplak \u00dcreticileri Derne\u011fi&#8217;nde y\u00f6netim kurulu \u00fcyeli\u011fi ve ikinci ba\u015fkanl\u0131k g\u00f6revlerini y\u00fcr\u00fctmektedir.<\/p>\n","protected":false},"excerpt":{"rendered":"<p>\u00d6ZGE\u00c7M\u0130\u015e 5 Ocak 1956 tarihinde Ta\u015fk\u00f6pr\u00fc il\u00e7esinin A\u015fa\u011f\u0131 \u00c7ay\u0131rc\u0131k K\u00f6y\u00fc&#8217;nde d\u00fcnyaya geldi. E\u011fitim hayat\u0131na Ta\u015fk\u00f6pr\u00fc&#8217;de ba\u015flayan Arslan, \u0130stanbul Vefa Lisesi&#8217;nde 2 y\u0131l e\u011fitim ald\u0131ktan sonra Ta\u015fk\u00f6pr\u00fc Lisesi&#8217;nden mezun oldu. 1977 y\u0131l\u0131nda Kastamonu Meslek Y\u00fcksekokulu \u0130n\u015faat B\u00f6l\u00fcm\u00fc&#8217;nden mezun olan Arslan, 1982 y\u0131l\u0131ndan itibaren in\u015faat sekt\u00f6r\u00fcnde aktif olarak \u00e7al\u0131\u015fmaya ba\u015flad\u0131. Sivil Toplum ve Y\u00f6neticilik H\u00fcseyin Arslan, Ta\u015fk\u00f6pr\u00fcspor [&hellip;]<\/p>\n","protected":false},"author":1,"featured_media":0,"parent":0,"menu_order":0,"comment_status":"closed","ping_status":"closed","template":"g1_template_page_sidebar_right.php","meta":{"footnotes":""},"class_list":["post-2315","page","type-page","status-publish"],"_links":{"self":[{"href":"https:\/\/taskopru.bel.tr\/v1\/wp-json\/wp\/v2\/pages\/2315","targetHints":{"allow":["GET"]}}],"collection":[{"href":"https:\/\/taskopru.bel.tr\/v1\/wp-json\/wp\/v2\/pages"}],"about":[{"href":"https:\/\/taskopru.bel.tr\/v1\/wp-json\/wp\/v2\/types\/page"}],"author":[{"embeddable":true,"href":"https:\/\/taskopru.bel.tr\/v1\/wp-json\/wp\/v2\/users\/1"}],"replies":[{"embeddable":true,"href":"https:\/\/taskopru.bel.tr\/v1\/wp-json\/wp\/v2\/comments?post=2315"}],"version-history":[{"count":4,"href":"https:\/\/taskopru.bel.tr\/v1\/wp-json\/wp\/v2\/pages\/2315\/revisions"}],"predecessor-version":[{"id":10006,"href":"https:\/\/taskopru.bel.tr\/v1\/wp-json\/wp\/v2\/pages\/2315\/revisions\/10006"}],"wp:attachment":[{"href":"https:\/\/taskopru.bel.tr\/v1\/wp-json\/wp\/v2\/media?parent=2315"}],"curies":[{"name":"wp","href":"https:\/\/api.w.org\/{rel}","templated":true}]}}