{"id":2299,"date":"2019-06-13T02:42:35","date_gmt":"2019-06-12T23:42:35","guid":{"rendered":"http:\/\/taskopru.bel.tr\/v1\/?page_id=2299"},"modified":"2019-06-13T23:26:32","modified_gmt":"2019-06-13T20:26:32","slug":"koyler","status":"publish","type":"page","link":"https:\/\/taskopru.bel.tr\/v1\/koyler\/","title":{"rendered":"K\u00f6yler"},"content":{"rendered":"<p><strong>TA\u015eK\u00d6PR\u00dc\u2019N\u00dcN K\u00d6YLER\u0130<br \/>\n<\/strong><strong>K\u00f6ylerin toplam n\u00fcfusu: 27.567<br \/>\n<\/strong><strong>\u0130l\u00e7e Merkezi: 16.836<br \/>\n<\/strong><strong>Genel n\u00fcfus toplam\u0131: 44.403<br \/>\n<\/strong><strong>K\u00f6ylerin toplam\u0131: 127<\/strong><\/p>\n<table border=\"0\" width=\"100%\" cellspacing=\"0\" cellpadding=\"0\">\n<tbody>\n<tr>\n<td><strong>K\u00f6y\u00fcn ad\u0131<\/strong><\/td>\n<td><strong>N\u00fcfusu<\/strong><\/td>\n<td><strong>K\u00f6y\u00fcn ad\u0131<\/strong><\/td>\n<td><strong>N\u00fcfusu<\/strong><\/td>\n<\/tr>\n<tr>\n<td>Abay<\/td>\n<td>304<\/td>\n<td>\u00c7iftk\u0131ran<\/td>\n<td>222<\/td>\n<\/tr>\n<tr>\n<td>Abdalhasan<\/td>\n<td>130<\/td>\n<td>\u00c7it<\/td>\n<td>298<\/td>\n<\/tr>\n<tr>\n<td>Af\u015far<\/td>\n<td>344<\/td>\n<td>Da\u011fbel\u00f6ren<\/td>\n<td>124<\/td>\n<\/tr>\n<tr>\n<td>Ak\u00e7akese<\/td>\n<td>232<\/td>\n<td>Dere K\u00f6y\u00fc<\/td>\n<td>209<\/td>\n<\/tr>\n<tr>\n<td>Akde\u011firmen<\/td>\n<td>445<\/td>\n<td>Derebeysibey<\/td>\n<td>218<\/td>\n<\/tr>\n<tr>\n<td>Akdo\u011fan<\/td>\n<td>214<\/td>\n<td>Derekaraa\u011fa\u00e7<\/td>\n<td>52<\/td>\n<\/tr>\n<tr>\n<td>Akdo\u011fantekke<\/td>\n<td>281<\/td>\n<td>Dilek<\/td>\n<td>39<\/td>\n<\/tr>\n<tr>\n<td>Akseki<\/td>\n<td>81<\/td>\n<td>donalar<\/td>\n<td>352<\/td>\n<\/tr>\n<tr>\n<td>Alamabatak<\/td>\n<td>172<\/td>\n<td>Doymu\u015f<\/td>\n<td>79<\/td>\n<\/tr>\n<tr>\n<td>Alamakay\u0131\u015f<\/td>\n<td>168<\/td>\n<td>Duruca<\/td>\n<td>239<\/td>\n<\/tr>\n<tr>\n<td>Alama\u015fi\u015fli<\/td>\n<td>196<\/td>\n<td>Ersil<\/td>\n<td>402<\/td>\n<\/tr>\n<tr>\n<td>Alas\u00f6k\u00fc<\/td>\n<td>54<\/td>\n<td>Erik<\/td>\n<td>110<\/td>\n<\/tr>\n<tr>\n<td>Alatarla<\/td>\n<td>1270<\/td>\n<td>Esenlik<\/td>\n<td>313<\/td>\n<\/tr>\n<tr>\n<td>Alibe\u015fe<\/td>\n<td>216<\/td>\n<td>Eskiat\u00e7a<\/td>\n<td>111<\/td>\n<\/tr>\n<tr>\n<td>Alisaray<\/td>\n<td>165<\/td>\n<td>Eskio\u011flu<\/td>\n<td>45<\/td>\n<\/tr>\n<tr>\n<td>Armutlu<\/td>\n<td>141<\/td>\n<td>Garip\u015fah<\/td>\n<td>177<\/td>\n<\/tr>\n<tr>\n<td>Arslanl\u0131<\/td>\n<td>113<\/td>\n<td>G\u00fcndo\u011fdu<\/td>\n<td>54<\/td>\n<\/tr>\n<tr>\n<td>A.\u00e7ay\u0131rc\u0131k<\/td>\n<td>300<\/td>\n<td>G\u00fcneykal\u0131nkese<\/td>\n<td>198<\/td>\n<\/tr>\n<tr>\n<td>A.Emerce<\/td>\n<td>307<\/td>\n<td>Hac\u0131ali<\/td>\n<td>49<\/td>\n<\/tr>\n<tr>\n<td>A.\u00c7it<\/td>\n<td>160<\/td>\n<td>Hamzao\u011flu<\/td>\n<td>382<\/td>\n<\/tr>\n<tr>\n<td>A. \u015eehir\u00f6ren<\/td>\n<td>85<\/td>\n<td>Hasanl\u0131<\/td>\n<td>52<\/td>\n<\/tr>\n<tr>\n<td>Ayval\u0131<\/td>\n<td>614<\/td>\n<td>Hoca<\/td>\n<td>140<\/td>\n<\/tr>\n<tr>\n<td>Badembekdemir<\/td>\n<td>156<\/td>\n<td>\u0130mamo\u011flu<\/td>\n<td>114<\/td>\n<\/tr>\n<tr>\n<td>Bademci<\/td>\n<td>218<\/td>\n<td>\u0130ncesu<\/td>\n<td>386<\/td>\n<\/tr>\n<tr>\n<td>Bekirli<\/td>\n<td>134<\/td>\n<td>Kabalar<\/td>\n<td>83<\/td>\n<\/tr>\n<tr>\n<td>Bekdemirek\u015fi<\/td>\n<td>363<\/td>\n<td>Kad\u0131<\/td>\n<td>98<\/td>\n<\/tr>\n<tr>\n<td>Bey K\u00f6y\u00fc<\/td>\n<td>525<\/td>\n<td>Kapakl\u0131<\/td>\n<td>52<\/td>\n<\/tr>\n<tr>\n<td>Boyundurcak<\/td>\n<td>421<\/td>\n<td>Karacakaya<\/td>\n<td>62<\/td>\n<\/tr>\n<tr>\n<td>Bozarmut<\/td>\n<td>312<\/td>\n<td>Karadedeo\u011flu<\/td>\n<td>53<\/td>\n<\/tr>\n<tr>\n<td>B\u00f6c\u00fc<\/td>\n<td>182<\/td>\n<td>Karacao\u011flu<\/td>\n<td>196<\/td>\n<\/tr>\n<tr>\n<td>B\u00fck k\u00f6y\u00fc<\/td>\n<td>473<\/td>\n<td>Karap\u00fcr\u00e7ek<\/td>\n<td>332<\/td>\n<\/tr>\n<tr>\n<td>Celep<\/td>\n<td>258<\/td>\n<td>Karn\u0131a\u00e7\u0131k<\/td>\n<td>224<\/td>\n<\/tr>\n<tr>\n<td>\u00c7amba\u015f\u0131<\/td>\n<td>133<\/td>\n<td>Kar\u015f\u0131<\/td>\n<td>199<\/td>\n<\/tr>\n<tr>\n<td>\u00c7aycevher<\/td>\n<td>417<\/td>\n<td>Kayadibi<\/td>\n<td>185<\/td>\n<\/tr>\n<tr>\n<td>\u00c7aykirpi<\/td>\n<td>205<\/td>\n<td>Kayap\u0131nar<\/td>\n<td>82<\/td>\n<\/tr>\n<tr>\n<td>\u00c7aylaklar<\/td>\n<td>155<\/td>\n<td>Kaygunca<\/td>\n<td>278<\/td>\n<\/tr>\n<tr>\n<td>\u00c7eki\u00e7<\/td>\n<td>69<\/td>\n<td>Kese<\/td>\n<td>122<\/td>\n<\/tr>\n<tr>\n<td>\u00c7etmi<\/td>\n<td>981<\/td>\n<td>K\u0131l\u0131\u00e7l\u0131<\/td>\n<td>107<\/td>\n<\/tr>\n<tr>\n<td>\u00c7evik<\/td>\n<td>166<\/td>\n<td>K\u0131ran<\/td>\n<td>210<\/td>\n<\/tr>\n<tr>\n<td>\u00c7iftlik<\/td>\n<td>237<\/td>\n<td>K\u0131rha<\/td>\n<td>132<\/td>\n<\/tr>\n<tr>\n<td>\u00c7oru\u011flu<\/td>\n<td>267<\/td>\n<td>K\u0131z\u0131lca\u00f6ren<\/td>\n<td>209<\/td>\n<\/tr>\n<tr>\n<td>\u00c7\u00f6rd\u00fck<\/td>\n<td>368<\/td>\n<td>K\u0131z\u0131lca\u00f6ren<\/td>\n<td>215<\/td>\n<\/tr>\n<\/tbody>\n<\/table>\n<table border=\"0\" width=\"664\" cellspacing=\"0\" cellpadding=\"0\">\n<tbody>\n<tr>\n<td><strong>K\u00f6y\u00fcn ad\u0131<\/strong><\/td>\n<td><strong>N\u00fcfusu<\/strong><\/td>\n<td><strong>K\u00f6y\u00fcn ad\u0131<\/strong><\/td>\n<td colspan=\"2\"><strong>N\u00fcfusu<\/strong><\/td>\n<\/tr>\n<tr>\n<td>K\u0131z\u0131lcakese<\/td>\n<td>89<\/td>\n<td>Kirazc\u0131k<\/td>\n<td colspan=\"2\">115<\/td>\n<\/tr>\n<tr>\n<td>Ko\u00e7anl\u0131<\/td>\n<td>137<\/td>\n<td>Kornapa<\/td>\n<td colspan=\"2\">422<\/td>\n<\/tr>\n<tr>\n<td>K\u00f6\u00e7ekli<\/td>\n<td>216<\/td>\n<td>Kuylu\u015f<\/td>\n<td colspan=\"2\">138<\/td>\n<\/tr>\n<tr>\n<td>Kuzkal\u0131nkese<\/td>\n<td>105<\/td>\n<td>K\u00fc\u00e7\u00fcksu<\/td>\n<td colspan=\"2\">243<\/td>\n<\/tr>\n<tr>\n<td>Masatlar<\/td>\n<td>280<\/td>\n<td>Obrucak<\/td>\n<td colspan=\"2\">262<\/td>\n<\/tr>\n<tr>\n<td>Olukba\u015f\u0131<\/td>\n<td>250<\/td>\n<td>Orta<\/td>\n<td colspan=\"2\">418<\/td>\n<\/tr>\n<tr>\n<td>Orta\u00f6z<\/td>\n<td>62<\/td>\n<td>Oymaa\u011fa\u00e7s\u00f6k\u00fc<\/td>\n<td colspan=\"2\">117<\/td>\n<\/tr>\n<tr>\n<td>\u00d6merli<\/td>\n<td>70<\/td>\n<td>\u00d6rhen<\/td>\n<td colspan=\"2\">195<\/td>\n<\/tr>\n<tr>\n<td>\u00d6rhenli<\/td>\n<td>96<\/td>\n<td>Pa\u015fa<\/td>\n<td colspan=\"2\">161<\/td>\n<\/tr>\n<tr>\n<td>Pirahmetli<\/td>\n<td>109<\/td>\n<td>Samanl\u0131\u00f6ren<\/td>\n<td colspan=\"2\">236<\/td>\n<\/tr>\n<tr>\n<td>Sar\u0131kavak<\/td>\n<td>104<\/td>\n<td>Sar\u0131seki<\/td>\n<td colspan=\"2\">109<\/td>\n<\/tr>\n<tr>\n<td>Sarpun<\/td>\n<td>158<\/td>\n<td>\u015eahin\u00e7at\u0131<\/td>\n<td colspan=\"2\">100<\/td>\n<\/tr>\n<tr>\n<td>\u015eehir\u00f6ren<\/td>\n<td>55<\/td>\n<td>Ta\u015f\u00e7\u0131lar<\/td>\n<td colspan=\"2\">132<\/td>\n<\/tr>\n<tr>\n<td>Tavuk\u00e7uo\u011flu<\/td>\n<td>85<\/td>\n<td>Tekeo\u011flu<\/td>\n<td colspan=\"2\">255<\/td>\n<\/tr>\n<tr>\n<td>Tepedelik<\/td>\n<td>248<\/td>\n<td>Toka\u015f<\/td>\n<td colspan=\"2\">62<\/td>\n<\/tr>\n<tr>\n<td>Urganc\u0131<\/td>\n<td>271<\/td>\n<td>Uzunkavak<\/td>\n<td colspan=\"2\">519<\/td>\n<\/tr>\n<tr>\n<td>Vak\u0131fbel\u00f6ren<\/td>\n<td>291<\/td>\n<td>Yavu\u00e7<\/td>\n<td colspan=\"2\">391<\/td>\n<\/tr>\n<tr>\n<td>Yavu\u00e7kuzuca\u011f\u0131<\/td>\n<td>192<\/td>\n<td>Yaz\u0131hamit<\/td>\n<td colspan=\"2\">286<\/td>\n<\/tr>\n<tr>\n<td>Yeniler<\/td>\n<td>132<\/td>\n<td>Ye\u015filyurt<\/td>\n<td colspan=\"2\">187<\/td>\n<\/tr>\n<tr>\n<td>Yo\u011funoluk<\/td>\n<td>92<\/td>\n<td>Y.\u00c7ay\u0131rc\u0131k<\/td>\n<td colspan=\"2\">224<\/td>\n<\/tr>\n<tr>\n<td>Y.Emerce<\/td>\n<td>200<\/td>\n<td>Y.\u015eehir\u00f6ren<\/td>\n<td colspan=\"2\">73<\/td>\n<\/tr>\n<\/tbody>\n<\/table>\n<h3>K\u00f6ylerin toplam n\u00fcfusu 27.567<br \/>\n\u0130l\u00e7e Merkezi 16.836<br \/>\nGenel n\u00fcfus toplam\u0131 44.403<br \/>\nK\u00f6ylerin toplam\u0131 127<\/h3>\n","protected":false},"excerpt":{"rendered":"<p>TA\u015eK\u00d6PR\u00dc\u2019N\u00dcN K\u00d6YLER\u0130 K\u00f6ylerin toplam n\u00fcfusu: 27.567 \u0130l\u00e7e Merkezi: 16.836 Genel n\u00fcfus toplam\u0131: 44.403 K\u00f6ylerin toplam\u0131: 127 K\u00f6y\u00fcn ad\u0131 N\u00fcfusu K\u00f6y\u00fcn ad\u0131 N\u00fcfusu Abay 304 \u00c7iftk\u0131ran 222 Abdalhasan 130 \u00c7it 298 Af\u015far 344 Da\u011fbel\u00f6ren 124 Ak\u00e7akese 232 Dere K\u00f6y\u00fc 209 Akde\u011firmen 445 Derebeysibey 218 Akdo\u011fan 214 Derekaraa\u011fa\u00e7 52 Akdo\u011fantekke 281 Dilek 39 Akseki 81 donalar 352 [&hellip;]<\/p>\n","protected":false},"author":1,"featured_media":0,"parent":0,"menu_order":0,"comment_status":"closed","ping_status":"closed","template":"g1_template_page_sidebar_right.php","meta":{"footnotes":""},"class_list":["post-2299","page","type-page","status-publish"],"_links":{"self":[{"href":"https:\/\/taskopru.bel.tr\/v1\/wp-json\/wp\/v2\/pages\/2299","targetHints":{"allow":["GET"]}}],"collection":[{"href":"https:\/\/taskopru.bel.tr\/v1\/wp-json\/wp\/v2\/pages"}],"about":[{"href":"https:\/\/taskopru.bel.tr\/v1\/wp-json\/wp\/v2\/types\/page"}],"author":[{"embeddable":true,"href":"https:\/\/taskopru.bel.tr\/v1\/wp-json\/wp\/v2\/users\/1"}],"replies":[{"embeddable":true,"href":"https:\/\/taskopru.bel.tr\/v1\/wp-json\/wp\/v2\/comments?post=2299"}],"version-history":[{"count":7,"href":"https:\/\/taskopru.bel.tr\/v1\/wp-json\/wp\/v2\/pages\/2299\/revisions"}],"predecessor-version":[{"id":2405,"href":"https:\/\/taskopru.bel.tr\/v1\/wp-json\/wp\/v2\/pages\/2299\/revisions\/2405"}],"wp:attachment":[{"href":"https:\/\/taskopru.bel.tr\/v1\/wp-json\/wp\/v2\/media?parent=2299"}],"curies":[{"name":"wp","href":"https:\/\/api.w.org\/{rel}","templated":true}]}}