{"id":12099,"date":"2024-11-06T12:12:27","date_gmt":"2024-11-06T09:12:27","guid":{"rendered":"https:\/\/taskopru.bel.tr\/v1\/?page_id=12099"},"modified":"2024-11-12T17:32:50","modified_gmt":"2024-11-12T14:32:50","slug":"asevi-bagis-banka-hesap-numarasi","status":"publish","type":"page","link":"https:\/\/taskopru.bel.tr\/v1\/asevi-bagis-banka-hesap-numarasi\/","title":{"rendered":"A\u015fevi Ba\u011f\u0131\u015f Banka Hesap Numaras\u0131"},"content":{"rendered":"<h4><strong>A\u015fevimize yapaca\u011f\u0131n\u0131z ba\u011f\u0131\u015flar\u0131n\u0131z i\u00e7in\u00a0 banka hesap numaram\u0131z;<\/strong><\/h4>\n<h4>Ta\u015fk\u00f6pr\u00fc Belediye Ba\u015fkanl\u0131\u011f\u0131 A\u015fevi Hesab\u0131:<\/h4>\n<h4>TR250001200948400007000055<\/h4>\n","protected":false},"excerpt":{"rendered":"<p>A\u015fevimize yapaca\u011f\u0131n\u0131z ba\u011f\u0131\u015flar\u0131n\u0131z i\u00e7in\u00a0 banka hesap numaram\u0131z; Ta\u015fk\u00f6pr\u00fc Belediye Ba\u015fkanl\u0131\u011f\u0131 A\u015fevi Hesab\u0131: TR250001200948400007000055<\/p>\n","protected":false},"author":1,"featured_media":0,"parent":0,"menu_order":0,"comment_status":"closed","ping_status":"closed","template":"","meta":{"footnotes":""},"class_list":["post-12099","page","type-page","status-publish"],"_links":{"self":[{"href":"https:\/\/taskopru.bel.tr\/v1\/wp-json\/wp\/v2\/pages\/12099","targetHints":{"allow":["GET"]}}],"collection":[{"href":"https:\/\/taskopru.bel.tr\/v1\/wp-json\/wp\/v2\/pages"}],"about":[{"href":"https:\/\/taskopru.bel.tr\/v1\/wp-json\/wp\/v2\/types\/page"}],"author":[{"embeddable":true,"href":"https:\/\/taskopru.bel.tr\/v1\/wp-json\/wp\/v2\/users\/1"}],"replies":[{"embeddable":true,"href":"https:\/\/taskopru.bel.tr\/v1\/wp-json\/wp\/v2\/comments?post=12099"}],"version-history":[{"count":3,"href":"https:\/\/taskopru.bel.tr\/v1\/wp-json\/wp\/v2\/pages\/12099\/revisions"}],"predecessor-version":[{"id":12145,"href":"https:\/\/taskopru.bel.tr\/v1\/wp-json\/wp\/v2\/pages\/12099\/revisions\/12145"}],"wp:attachment":[{"href":"https:\/\/taskopru.bel.tr\/v1\/wp-json\/wp\/v2\/media?parent=12099"}],"curies":[{"name":"wp","href":"https:\/\/api.w.org\/{rel}","templated":true}]}}