{"id":11006,"date":"2024-07-30T12:22:34","date_gmt":"2024-07-30T09:22:34","guid":{"rendered":"https:\/\/taskopru.bel.tr\/v1\/?page_id=11006"},"modified":"2024-07-31T11:34:07","modified_gmt":"2024-07-31T08:34:07","slug":"cami-ve-turbeler","status":"publish","type":"page","link":"https:\/\/taskopru.bel.tr\/v1\/cami-ve-turbeler\/","title":{"rendered":"Cami ve T\u00fcrbeler"},"content":{"rendered":"<h4><a href=\"https:\/\/taskopru.bel.tr\/v1\/kara-mustafa-pasa-tas-camii\/\"><img decoding=\"async\" class=\"alignnone wp-image-11121 size-medium lazyload\" data-src=\"https:\/\/taskopru.bel.tr\/v1\/wp-content\/uploads\/2024\/07\/Tas-Cami2-300x169.jpg\" alt=\"\" width=\"300\" height=\"169\" data-srcset=\"https:\/\/taskopru.bel.tr\/v1\/wp-content\/uploads\/2024\/07\/Tas-Cami2-300x169.jpg 300w, https:\/\/taskopru.bel.tr\/v1\/wp-content\/uploads\/2024\/07\/Tas-Cami2-1024x577.jpg 1024w, https:\/\/taskopru.bel.tr\/v1\/wp-content\/uploads\/2024\/07\/Tas-Cami2-768x433.jpg 768w, https:\/\/taskopru.bel.tr\/v1\/wp-content\/uploads\/2024\/07\/Tas-Cami2-1536x866.jpg 1536w, https:\/\/taskopru.bel.tr\/v1\/wp-content\/uploads\/2024\/07\/Tas-Cami2-968x546.jpg 968w, https:\/\/taskopru.bel.tr\/v1\/wp-content\/uploads\/2024\/07\/Tas-Cami2-636x359.jpg 636w, https:\/\/taskopru.bel.tr\/v1\/wp-content\/uploads\/2024\/07\/Tas-Cami2-482x271.jpg 482w, https:\/\/taskopru.bel.tr\/v1\/wp-content\/uploads\/2024\/07\/Tas-Cami2-320x180.jpg 320w, https:\/\/taskopru.bel.tr\/v1\/wp-content\/uploads\/2024\/07\/Tas-Cami2-239x135.jpg 239w, https:\/\/taskopru.bel.tr\/v1\/wp-content\/uploads\/2024\/07\/Tas-Cami2.jpg 1600w\" data-sizes=\"(max-width: 300px) 100vw, 300px\" src=\"data:image\/svg+xml;base64,PHN2ZyB3aWR0aD0iMSIgaGVpZ2h0PSIxIiB4bWxucz0iaHR0cDovL3d3dy53My5vcmcvMjAwMC9zdmciPjwvc3ZnPg==\" style=\"--smush-placeholder-width: 300px; --smush-placeholder-aspect-ratio: 300\/169;\" \/> \u00a0 <\/a><a href=\"https:\/\/taskopru.bel.tr\/v1\/wp-content\/uploads\/2024\/07\/taskopru-tabakhane-cami-1024x576-1.jpg\"><img decoding=\"async\" class=\"alignnone size-medium wp-image-11143 lazyload\" data-src=\"https:\/\/taskopru.bel.tr\/v1\/wp-content\/uploads\/2024\/07\/taskopru-tabakhane-cami-1024x576-1-300x169.jpg\" alt=\"\" width=\"300\" height=\"169\" data-srcset=\"https:\/\/taskopru.bel.tr\/v1\/wp-content\/uploads\/2024\/07\/taskopru-tabakhane-cami-1024x576-1-300x169.jpg 300w, https:\/\/taskopru.bel.tr\/v1\/wp-content\/uploads\/2024\/07\/taskopru-tabakhane-cami-1024x576-1-768x432.jpg 768w, https:\/\/taskopru.bel.tr\/v1\/wp-content\/uploads\/2024\/07\/taskopru-tabakhane-cami-1024x576-1-968x545.jpg 968w, https:\/\/taskopru.bel.tr\/v1\/wp-content\/uploads\/2024\/07\/taskopru-tabakhane-cami-1024x576-1-636x358.jpg 636w, https:\/\/taskopru.bel.tr\/v1\/wp-content\/uploads\/2024\/07\/taskopru-tabakhane-cami-1024x576-1-482x271.jpg 482w, https:\/\/taskopru.bel.tr\/v1\/wp-content\/uploads\/2024\/07\/taskopru-tabakhane-cami-1024x576-1-320x180.jpg 320w, https:\/\/taskopru.bel.tr\/v1\/wp-content\/uploads\/2024\/07\/taskopru-tabakhane-cami-1024x576-1-239x134.jpg 239w, https:\/\/taskopru.bel.tr\/v1\/wp-content\/uploads\/2024\/07\/taskopru-tabakhane-cami-1024x576-1.jpg 1024w\" data-sizes=\"(max-width: 300px) 100vw, 300px\" src=\"data:image\/svg+xml;base64,PHN2ZyB3aWR0aD0iMSIgaGVpZ2h0PSIxIiB4bWxucz0iaHR0cDovL3d3dy53My5vcmcvMjAwMC9zdmciPjwvc3ZnPg==\" style=\"--smush-placeholder-width: 300px; --smush-placeholder-aspect-ratio: 300\/169;\" \/><\/a> \u00a0 <a href=\"https:\/\/taskopru.bel.tr\/v1\/wp-content\/uploads\/2024\/07\/taskopru-seyh-husameddin-tekke-cami-1024x576-1.jpg\"><img decoding=\"async\" class=\"alignnone size-medium wp-image-11144 lazyload\" data-src=\"https:\/\/taskopru.bel.tr\/v1\/wp-content\/uploads\/2024\/07\/taskopru-seyh-husameddin-tekke-cami-1024x576-1-300x169.jpg\" alt=\"\" width=\"300\" height=\"169\" data-srcset=\"https:\/\/taskopru.bel.tr\/v1\/wp-content\/uploads\/2024\/07\/taskopru-seyh-husameddin-tekke-cami-1024x576-1-300x169.jpg 300w, https:\/\/taskopru.bel.tr\/v1\/wp-content\/uploads\/2024\/07\/taskopru-seyh-husameddin-tekke-cami-1024x576-1-768x432.jpg 768w, https:\/\/taskopru.bel.tr\/v1\/wp-content\/uploads\/2024\/07\/taskopru-seyh-husameddin-tekke-cami-1024x576-1-968x545.jpg 968w, https:\/\/taskopru.bel.tr\/v1\/wp-content\/uploads\/2024\/07\/taskopru-seyh-husameddin-tekke-cami-1024x576-1-636x358.jpg 636w, https:\/\/taskopru.bel.tr\/v1\/wp-content\/uploads\/2024\/07\/taskopru-seyh-husameddin-tekke-cami-1024x576-1-482x271.jpg 482w, https:\/\/taskopru.bel.tr\/v1\/wp-content\/uploads\/2024\/07\/taskopru-seyh-husameddin-tekke-cami-1024x576-1-320x180.jpg 320w, https:\/\/taskopru.bel.tr\/v1\/wp-content\/uploads\/2024\/07\/taskopru-seyh-husameddin-tekke-cami-1024x576-1-239x134.jpg 239w, https:\/\/taskopru.bel.tr\/v1\/wp-content\/uploads\/2024\/07\/taskopru-seyh-husameddin-tekke-cami-1024x576-1.jpg 1024w\" data-sizes=\"(max-width: 300px) 100vw, 300px\" src=\"data:image\/svg+xml;base64,PHN2ZyB3aWR0aD0iMSIgaGVpZ2h0PSIxIiB4bWxucz0iaHR0cDovL3d3dy53My5vcmcvMjAwMC9zdmciPjwvc3ZnPg==\" style=\"--smush-placeholder-width: 300px; --smush-placeholder-aspect-ratio: 300\/169;\" \/><\/a><\/h4>\n<h4 class=\"post-title entry-title h1\" style=\"text-align: left;\">Kara Mustafa Pa\u015fa (Ta\u015f) Camii\u00a0\u00a0\u00a0\u00a0\u00a0\u00a0\u00a0\u00a0\u00a0\u00a0\u00a0\u00a0\u00a0\u00a0\u00a0 Ta\u015fk\u00f6pr\u00fc Tabakhane Camii\u00a0\u00a0\u00a0\u00a0\u00a0\u00a0\u00a0\u00a0\u00a0\u00a0\u00a0\u00a0\u00a0\u00a0\u00a0\u00a0\u00a0\u00a0\u00a0\u00a0\u00a0\u00a0 \u015eeyh H\u00fcsamettin Tekke Camii<\/h4>\n<p><a href=\"https:\/\/taskopru.bel.tr\/v1\/wp-content\/uploads\/2024\/07\/taskopru-recep-gazi-gizlice-cami-1024x576-1.jpg\"><img decoding=\"async\" class=\"alignnone wp-image-11145 lazyload\" data-src=\"https:\/\/taskopru.bel.tr\/v1\/wp-content\/uploads\/2024\/07\/taskopru-recep-gazi-gizlice-cami-1024x576-1-300x169.jpg\" alt=\"\" width=\"298\" height=\"168\" data-srcset=\"https:\/\/taskopru.bel.tr\/v1\/wp-content\/uploads\/2024\/07\/taskopru-recep-gazi-gizlice-cami-1024x576-1-300x169.jpg 300w, https:\/\/taskopru.bel.tr\/v1\/wp-content\/uploads\/2024\/07\/taskopru-recep-gazi-gizlice-cami-1024x576-1-768x432.jpg 768w, https:\/\/taskopru.bel.tr\/v1\/wp-content\/uploads\/2024\/07\/taskopru-recep-gazi-gizlice-cami-1024x576-1-968x545.jpg 968w, https:\/\/taskopru.bel.tr\/v1\/wp-content\/uploads\/2024\/07\/taskopru-recep-gazi-gizlice-cami-1024x576-1-636x358.jpg 636w, https:\/\/taskopru.bel.tr\/v1\/wp-content\/uploads\/2024\/07\/taskopru-recep-gazi-gizlice-cami-1024x576-1-482x271.jpg 482w, https:\/\/taskopru.bel.tr\/v1\/wp-content\/uploads\/2024\/07\/taskopru-recep-gazi-gizlice-cami-1024x576-1-320x180.jpg 320w, https:\/\/taskopru.bel.tr\/v1\/wp-content\/uploads\/2024\/07\/taskopru-recep-gazi-gizlice-cami-1024x576-1-239x134.jpg 239w, https:\/\/taskopru.bel.tr\/v1\/wp-content\/uploads\/2024\/07\/taskopru-recep-gazi-gizlice-cami-1024x576-1.jpg 1024w\" data-sizes=\"(max-width: 298px) 100vw, 298px\" src=\"data:image\/svg+xml;base64,PHN2ZyB3aWR0aD0iMSIgaGVpZ2h0PSIxIiB4bWxucz0iaHR0cDovL3d3dy53My5vcmcvMjAwMC9zdmciPjwvc3ZnPg==\" style=\"--smush-placeholder-width: 298px; --smush-placeholder-aspect-ratio: 298\/168;\" \/>\u00a0\u00a0<\/a><\/p>\n<h4>Recep Gazi Gizlice Camii<\/h4>\n","protected":false},"excerpt":{"rendered":"<p>\u00a0 \u00a0 Kara Mustafa Pa\u015fa (Ta\u015f) Camii\u00a0\u00a0\u00a0\u00a0\u00a0\u00a0\u00a0\u00a0\u00a0\u00a0\u00a0\u00a0\u00a0\u00a0\u00a0 Ta\u015fk\u00f6pr\u00fc Tabakhane Camii\u00a0\u00a0\u00a0\u00a0\u00a0\u00a0\u00a0\u00a0\u00a0\u00a0\u00a0\u00a0\u00a0\u00a0\u00a0\u00a0\u00a0\u00a0\u00a0\u00a0\u00a0\u00a0 \u015eeyh H\u00fcsamettin Tekke Camii \u00a0\u00a0 Recep Gazi Gizlice Camii<\/p>\n","protected":false},"author":1,"featured_media":0,"parent":0,"menu_order":0,"comment_status":"closed","ping_status":"closed","template":"","meta":{"footnotes":""},"class_list":["post-11006","page","type-page","status-publish"],"_links":{"self":[{"href":"https:\/\/taskopru.bel.tr\/v1\/wp-json\/wp\/v2\/pages\/11006","targetHints":{"allow":["GET"]}}],"collection":[{"href":"https:\/\/taskopru.bel.tr\/v1\/wp-json\/wp\/v2\/pages"}],"about":[{"href":"https:\/\/taskopru.bel.tr\/v1\/wp-json\/wp\/v2\/types\/page"}],"author":[{"embeddable":true,"href":"https:\/\/taskopru.bel.tr\/v1\/wp-json\/wp\/v2\/users\/1"}],"replies":[{"embeddable":true,"href":"https:\/\/taskopru.bel.tr\/v1\/wp-json\/wp\/v2\/comments?post=11006"}],"version-history":[{"count":13,"href":"https:\/\/taskopru.bel.tr\/v1\/wp-json\/wp\/v2\/pages\/11006\/revisions"}],"predecessor-version":[{"id":11156,"href":"https:\/\/taskopru.bel.tr\/v1\/wp-json\/wp\/v2\/pages\/11006\/revisions\/11156"}],"wp:attachment":[{"href":"https:\/\/taskopru.bel.tr\/v1\/wp-json\/wp\/v2\/media?parent=11006"}],"curies":[{"name":"wp","href":"https:\/\/api.w.org\/{rel}","templated":true}]}}