{"id":10896,"date":"2024-07-10T14:52:30","date_gmt":"2024-07-10T11:52:30","guid":{"rendered":"https:\/\/taskopru.bel.tr\/v1\/?page_id=10896"},"modified":"2024-07-10T14:55:34","modified_gmt":"2024-07-10T11:55:34","slug":"derbederler-hamami","status":"publish","type":"page","link":"https:\/\/taskopru.bel.tr\/v1\/derbederler-hamami\/","title":{"rendered":"DERBEDERLER HAMAMI"},"content":{"rendered":"<h3><strong>DERBEDERLER HAMAMI (T\u00dcRKMENO\u011eLU HAMAMI)<\/strong><\/h3>\n<p>Muzaffereddin Gazi Yeni Camii kar\u015f\u0131s\u0131nda bulunan;Derbederler Hamam\u0131 veya T\u00fcrkmeno\u011flu Hamam\u0131 olarak isimlendirilen hamam, Mehmet T\u00fcrkmeno\u011flu taraf\u0131ndan yapt\u0131r\u0131lm\u0131\u015ft\u0131r. Halim T\u00fcrkmen taraf\u0131ndan bir s\u00fcre i\u015fletilen hamam bize d\u00f6nemin hamam k\u00fclt\u00fcr\u00fc ve sosyal hayat\u0131 a\u00e7\u0131s\u0131ndan bilgi vermesinden dolay\u0131 \u00f6nemlidir. Halim T\u00fcrkmen\u2019in erkekler k\u0131sm\u0131na, Rabia T\u00fcrkmen\u2019in ise bayanlar k\u0131sm\u0131na hizmet etti\u011fi hamamda iki \u00e7al\u0131\u015fan nat\u0131r bulunuyordu. Bayanlara bakan Nat\u0131r Aliye Han\u0131m idi. Erkeklere ise Muhittin Bey hizmet ederdi. Nat\u0131rlar pe\u015ftamal verir, temizlik yapard\u0131. Halim Bey\u2019in torunu olan Mustafa T\u00fcrkmen, 14 ya\u015f\u0131ndan itibaren bu hamamda \u00e7al\u0131\u015ft\u0131. Hamam eskiden odunla \u0131s\u0131t\u0131l\u0131r idi. Odunlar\u0131 k\u0131ran ve hamam\u0131n g\u00fcney cephesinde bulunan alt k\u0131sm\u0131ndan (k\u00fclhan) yakarak ate\u015f ve duman ile hamam\u0131 \u0131s\u0131tan Mustafa Bey bu hamam ile ilgili; Babam Salih Zeki T\u00fcrkmen<br \/>\nPTT\u2019de memur oldu\u011fu i\u00e7in bizimle \u00e7al\u0131\u015fmazd\u0131. Ben dedemin yan\u0131nda \u00e7al\u0131\u015f\u0131rd\u0131m. \u015eu an s\u00fcr\u00fcc\u00fc kursu bulunan yer (eskiden Emniyet M\u00fcd\u00fcrl\u00fc\u011f\u00fc) hamam\u0131n bo\u015f arsas\u0131 idi. Hamam\u0131n \u00e7evresi \u015fu anki gibi de\u011fil bo\u015f arsalar vard\u0131. Hamama so\u011fuk su do\u011fal yoldan gelirdi. Taksimat denilen yerde su \u00fc\u00e7e ayr\u0131l\u0131r. Bir tanesi direkt bizim hamam\u0131n i\u00e7ine girer. Birisi \u015fu anki Ta\u015fk\u00f6pr\u00fc Belediyesinin binas\u0131n\u0131n kar\u015f\u0131s\u0131nda eskiden bulunan \u00e7e\u015fmeye (yani Cumhuriyet Meydan\u0131\u2019na) ve bir tanesi de sanayi taraf\u0131na giderdi. Hamam\u0131n ortas\u0131nda direk yoktu. Kubbe d\u00f6rt direk \u00fczerine oturtulmu\u015ftu. Orta meydan\u0131nda g\u00f6bek ta\u015f\u0131 vard\u0131. S\u0131rf mermerdendi. S\u0131cak ve so\u011fuk su depolar\u0131 vard\u0131. 1967-1968 y\u0131llar\u0131nda i\u015fletmeyi Dedem Halim T\u00fcrkmen b\u0131rakt\u0131. Hamam k\u00fclt\u00fcr\u00fcn\u00fcn yava\u015f yava\u015f kalkmas\u0131 ve benzeri sebeplerden hamam zamanla kapand\u0131. Bug\u00fcn halen tarihi hamam yerindedir. Ancak viran haldedir. Halim T\u00fcrkmen\u2019in di\u011fer torunu Hakan Halim T\u00fcrkmen\u2019in beyan\u0131ndan; Hamam\u0131n 2 g\u00fcn (\u00c7ar\u015famba ve Pazar g\u00fcnleri) erkeklere tam g\u00fcn hizmet verdi\u011fi, di\u011fer g\u00fcnler sabah: 05.00- 09.00 aras\u0131 erkekler, 09.00\u2019dan sonra ise bayanlar taraf\u0131ndan kullan\u0131ld\u0131\u011f\u0131, Dini Bayramlar\u0131n Arefe<br \/>\ng\u00fcnleri, Cuma g\u00fcn\u00fc k\u00f6ylerden gelenlerden dolay\u0131, panay\u0131r ve festival gibi \u00f6zel g\u00fcnlerde \u00e7ok yo\u011fun oldu\u011fu, yine maddi durumu yerinde olan ailelerin Pazartesi g\u00fcnleri Gelin Hamam\u0131 yapt\u0131klar\u0131 hamamlar\u0131n sosyal hayattaki etkileri y\u00f6n\u00fcnden de Ta\u015fk\u00f6pr\u00fc i\u00e7in hamamlar\u0131n ne denli \u00f6nemli oldu\u011funun g\u00f6stergesidir.<\/p>\n<p><a href=\"https:\/\/taskopru.bel.tr\/v1\/wp-content\/uploads\/2024\/07\/derbederler-hamami.jpg\"><img decoding=\"async\" class=\"alignnone wp-image-10659 lazyload\" data-src=\"https:\/\/taskopru.bel.tr\/v1\/wp-content\/uploads\/2024\/07\/derbederler-hamami.jpg\" alt=\"\" width=\"581\" height=\"463\" data-srcset=\"https:\/\/taskopru.bel.tr\/v1\/wp-content\/uploads\/2024\/07\/derbederler-hamami.jpg 484w, https:\/\/taskopru.bel.tr\/v1\/wp-content\/uploads\/2024\/07\/derbederler-hamami-300x239.jpg 300w, https:\/\/taskopru.bel.tr\/v1\/wp-content\/uploads\/2024\/07\/derbederler-hamami-320x255.jpg 320w, https:\/\/taskopru.bel.tr\/v1\/wp-content\/uploads\/2024\/07\/derbederler-hamami-239x191.jpg 239w\" data-sizes=\"(max-width: 581px) 100vw, 581px\" src=\"data:image\/svg+xml;base64,PHN2ZyB3aWR0aD0iMSIgaGVpZ2h0PSIxIiB4bWxucz0iaHR0cDovL3d3dy53My5vcmcvMjAwMC9zdmciPjwvc3ZnPg==\" style=\"--smush-placeholder-width: 581px; --smush-placeholder-aspect-ratio: 581\/463;\" \/><\/a><\/p>\n<p><a href=\"https:\/\/taskopru.bel.tr\/v1\/wp-content\/uploads\/2024\/07\/derbederler2.jpg\"><img decoding=\"async\" class=\"alignnone wp-image-10897 lazyload\" data-src=\"https:\/\/taskopru.bel.tr\/v1\/wp-content\/uploads\/2024\/07\/derbederler2.jpg\" alt=\"\" width=\"581\" height=\"387\" data-srcset=\"https:\/\/taskopru.bel.tr\/v1\/wp-content\/uploads\/2024\/07\/derbederler2.jpg 534w, https:\/\/taskopru.bel.tr\/v1\/wp-content\/uploads\/2024\/07\/derbederler2-300x200.jpg 300w, https:\/\/taskopru.bel.tr\/v1\/wp-content\/uploads\/2024\/07\/derbederler2-320x213.jpg 320w, https:\/\/taskopru.bel.tr\/v1\/wp-content\/uploads\/2024\/07\/derbederler2-239x159.jpg 239w\" data-sizes=\"(max-width: 581px) 100vw, 581px\" src=\"data:image\/svg+xml;base64,PHN2ZyB3aWR0aD0iMSIgaGVpZ2h0PSIxIiB4bWxucz0iaHR0cDovL3d3dy53My5vcmcvMjAwMC9zdmciPjwvc3ZnPg==\" style=\"--smush-placeholder-width: 581px; --smush-placeholder-aspect-ratio: 581\/387;\" \/><\/a><\/p>\n<p><a href=\"https:\/\/taskopru.bel.tr\/v1\/wp-content\/uploads\/2024\/07\/derbederler1.png\"><img decoding=\"async\" class=\"alignnone wp-image-10898 lazyload\" data-src=\"https:\/\/taskopru.bel.tr\/v1\/wp-content\/uploads\/2024\/07\/derbederler1.png\" alt=\"\" width=\"580\" height=\"386\" data-srcset=\"https:\/\/taskopru.bel.tr\/v1\/wp-content\/uploads\/2024\/07\/derbederler1.png 718w, https:\/\/taskopru.bel.tr\/v1\/wp-content\/uploads\/2024\/07\/derbederler1-300x200.png 300w, https:\/\/taskopru.bel.tr\/v1\/wp-content\/uploads\/2024\/07\/derbederler1-636x423.png 636w, https:\/\/taskopru.bel.tr\/v1\/wp-content\/uploads\/2024\/07\/derbederler1-320x213.png 320w, https:\/\/taskopru.bel.tr\/v1\/wp-content\/uploads\/2024\/07\/derbederler1-239x159.png 239w\" data-sizes=\"(max-width: 580px) 100vw, 580px\" src=\"data:image\/svg+xml;base64,PHN2ZyB3aWR0aD0iMSIgaGVpZ2h0PSIxIiB4bWxucz0iaHR0cDovL3d3dy53My5vcmcvMjAwMC9zdmciPjwvc3ZnPg==\" style=\"--smush-placeholder-width: 580px; --smush-placeholder-aspect-ratio: 580\/386;\" \/><\/a><\/p>\n","protected":false},"excerpt":{"rendered":"<p>DERBEDERLER HAMAMI (T\u00dcRKMENO\u011eLU HAMAMI) Muzaffereddin Gazi Yeni Camii kar\u015f\u0131s\u0131nda bulunan;Derbederler Hamam\u0131 veya T\u00fcrkmeno\u011flu Hamam\u0131 olarak isimlendirilen hamam, Mehmet T\u00fcrkmeno\u011flu taraf\u0131ndan yapt\u0131r\u0131lm\u0131\u015ft\u0131r. Halim T\u00fcrkmen taraf\u0131ndan bir s\u00fcre i\u015fletilen hamam bize d\u00f6nemin hamam k\u00fclt\u00fcr\u00fc ve sosyal hayat\u0131 a\u00e7\u0131s\u0131ndan bilgi vermesinden dolay\u0131 \u00f6nemlidir. Halim T\u00fcrkmen\u2019in erkekler k\u0131sm\u0131na, Rabia T\u00fcrkmen\u2019in ise bayanlar k\u0131sm\u0131na hizmet etti\u011fi hamamda iki \u00e7al\u0131\u015fan nat\u0131r [&hellip;]<\/p>\n","protected":false},"author":1,"featured_media":0,"parent":0,"menu_order":0,"comment_status":"closed","ping_status":"closed","template":"","meta":{"footnotes":""},"class_list":["post-10896","page","type-page","status-publish"],"_links":{"self":[{"href":"https:\/\/taskopru.bel.tr\/v1\/wp-json\/wp\/v2\/pages\/10896","targetHints":{"allow":["GET"]}}],"collection":[{"href":"https:\/\/taskopru.bel.tr\/v1\/wp-json\/wp\/v2\/pages"}],"about":[{"href":"https:\/\/taskopru.bel.tr\/v1\/wp-json\/wp\/v2\/types\/page"}],"author":[{"embeddable":true,"href":"https:\/\/taskopru.bel.tr\/v1\/wp-json\/wp\/v2\/users\/1"}],"replies":[{"embeddable":true,"href":"https:\/\/taskopru.bel.tr\/v1\/wp-json\/wp\/v2\/comments?post=10896"}],"version-history":[{"count":1,"href":"https:\/\/taskopru.bel.tr\/v1\/wp-json\/wp\/v2\/pages\/10896\/revisions"}],"predecessor-version":[{"id":10899,"href":"https:\/\/taskopru.bel.tr\/v1\/wp-json\/wp\/v2\/pages\/10896\/revisions\/10899"}],"wp:attachment":[{"href":"https:\/\/taskopru.bel.tr\/v1\/wp-json\/wp\/v2\/media?parent=10896"}],"curies":[{"name":"wp","href":"https:\/\/api.w.org\/{rel}","templated":true}]}}