{"id":10877,"date":"2024-07-10T14:19:52","date_gmt":"2024-07-10T11:19:52","guid":{"rendered":"https:\/\/taskopru.bel.tr\/v1\/?page_id=10877"},"modified":"2024-07-10T14:20:57","modified_gmt":"2024-07-10T11:20:57","slug":"kent-tarihi-muzesi","status":"publish","type":"page","link":"https:\/\/taskopru.bel.tr\/v1\/kent-tarihi-muzesi\/","title":{"rendered":"Kent Tarihi M\u00fczesi"},"content":{"rendered":"<h3><strong>Kent Tarihi M\u00fczesi (Redif Taburu Binas\u0131) <\/strong><\/h3>\n<p>Kent M\u00fczesine ev sahipli\u011fi yapan bina,1850\u2019lerde Redif Taburu binas\u0131 olarak in\u015fa edilmi\u015ftir. Sultan II. Mahmud 1826\u2019da Yeni\u00e7eri Oca\u011f\u0131\u2019n\u0131 kald\u0131r\u0131p As\u00e2kir-i Mans\u00fbre-i Muhammediye isimli yeni bir ordu kurarak Osmanl\u0131 ordusunu yeniden yap\u0131land\u0131rm\u0131\u015f, ancak bu ordu Osmanl\u0131 \u0130mparatorlu\u011fu\u2019nun<br \/>\ngeni\u015f s\u0131n\u0131rlar\u0131n\u0131 korumakta yetersiz kalm\u0131\u015ft\u0131r. Bu durumda tar\u0131ma dayal\u0131 Osmanl\u0131 ekonomisi de sekteye u\u011fratmadan g\u00fcvenli\u011fin sa\u011flanabilmesi i\u00e7in d\u00fczenli orduya destek olacak, yar\u0131 zamanl\u0131 bir askeri te\u015fkilat tasarlanm\u0131\u015ft\u0131r. B\u00f6ylece 1834 y\u0131l\u0131nda Redif Birlikleri olu\u015fturulmu\u015ftur. 1912\u2019den sonra Osmanl\u0131 ordusunun yeniden yap\u0131lanmas\u0131 nedeniyle Redif Birlikleri kald\u0131r\u0131l\u0131nca, Redif Taburu Binas\u0131 uzun bir s\u00fcre daha askerlik hizmetleri i\u00e7in kullan\u0131l\u0131p sonras\u0131nda Sa\u011fl\u0131k Bakanl\u0131\u011f\u0131 dispanserine d\u00f6n\u00fc\u015ft\u00fcr\u00fclm\u00fc\u015ft\u00fcr. Dispanser kapat\u0131l\u0131nca bina 2007 y\u0131l\u0131nda Ta\u015fk\u00f6pr\u00fc Belediyesi\u2019ne devredilmi\u015f ve restore edilip 2017 y\u0131l\u0131nda Kent Tarihi M\u00fczesi olarak tekrar halka a\u00e7\u0131lm\u0131\u015ft\u0131r. Mustafa Kemal Atat\u00fcrk 29 A\u011fustos 1925\u2019te \u015eapka \u0130nk\u0131lab\u0131 s\u0131ras\u0131nda Ta\u015fk\u00f6pr\u00fc\u2019ye gelerek Redif Taburu binas\u0131n\u0131 da ziyaret etmi\u015ftir.<\/p>\n<p><a href=\"https:\/\/taskopru.bel.tr\/v1\/wp-content\/uploads\/2024\/07\/muzebinasi-1.jpg\"><img decoding=\"async\" class=\"alignnone wp-image-10878 size-full lazyload\" data-src=\"https:\/\/taskopru.bel.tr\/v1\/wp-content\/uploads\/2024\/07\/muzebinasi-1.jpg\" alt=\"\" width=\"600\" height=\"754\" data-srcset=\"https:\/\/taskopru.bel.tr\/v1\/wp-content\/uploads\/2024\/07\/muzebinasi-1.jpg 600w, https:\/\/taskopru.bel.tr\/v1\/wp-content\/uploads\/2024\/07\/muzebinasi-1-239x300.jpg 239w, https:\/\/taskopru.bel.tr\/v1\/wp-content\/uploads\/2024\/07\/muzebinasi-1-320x402.jpg 320w\" data-sizes=\"(max-width: 600px) 100vw, 600px\" src=\"data:image\/svg+xml;base64,PHN2ZyB3aWR0aD0iMSIgaGVpZ2h0PSIxIiB4bWxucz0iaHR0cDovL3d3dy53My5vcmcvMjAwMC9zdmciPjwvc3ZnPg==\" style=\"--smush-placeholder-width: 600px; --smush-placeholder-aspect-ratio: 600\/754;\" \/><\/a><\/p>\n","protected":false},"excerpt":{"rendered":"<p>Kent Tarihi M\u00fczesi (Redif Taburu Binas\u0131) Kent M\u00fczesine ev sahipli\u011fi yapan bina,1850\u2019lerde Redif Taburu binas\u0131 olarak in\u015fa edilmi\u015ftir. Sultan II. Mahmud 1826\u2019da Yeni\u00e7eri Oca\u011f\u0131\u2019n\u0131 kald\u0131r\u0131p As\u00e2kir-i Mans\u00fbre-i Muhammediye isimli yeni bir ordu kurarak Osmanl\u0131 ordusunu yeniden yap\u0131land\u0131rm\u0131\u015f, ancak bu ordu Osmanl\u0131 \u0130mparatorlu\u011fu\u2019nun geni\u015f s\u0131n\u0131rlar\u0131n\u0131 korumakta yetersiz kalm\u0131\u015ft\u0131r. Bu durumda tar\u0131ma dayal\u0131 Osmanl\u0131 ekonomisi de sekteye [&hellip;]<\/p>\n","protected":false},"author":1,"featured_media":0,"parent":0,"menu_order":0,"comment_status":"closed","ping_status":"closed","template":"","meta":{"footnotes":""},"class_list":["post-10877","page","type-page","status-publish"],"_links":{"self":[{"href":"https:\/\/taskopru.bel.tr\/v1\/wp-json\/wp\/v2\/pages\/10877","targetHints":{"allow":["GET"]}}],"collection":[{"href":"https:\/\/taskopru.bel.tr\/v1\/wp-json\/wp\/v2\/pages"}],"about":[{"href":"https:\/\/taskopru.bel.tr\/v1\/wp-json\/wp\/v2\/types\/page"}],"author":[{"embeddable":true,"href":"https:\/\/taskopru.bel.tr\/v1\/wp-json\/wp\/v2\/users\/1"}],"replies":[{"embeddable":true,"href":"https:\/\/taskopru.bel.tr\/v1\/wp-json\/wp\/v2\/comments?post=10877"}],"version-history":[{"count":1,"href":"https:\/\/taskopru.bel.tr\/v1\/wp-json\/wp\/v2\/pages\/10877\/revisions"}],"predecessor-version":[{"id":10879,"href":"https:\/\/taskopru.bel.tr\/v1\/wp-json\/wp\/v2\/pages\/10877\/revisions\/10879"}],"wp:attachment":[{"href":"https:\/\/taskopru.bel.tr\/v1\/wp-json\/wp\/v2\/media?parent=10877"}],"curies":[{"name":"wp","href":"https:\/\/api.w.org\/{rel}","templated":true}]}}