{"id":10867,"date":"2024-07-10T14:08:55","date_gmt":"2024-07-10T11:08:55","guid":{"rendered":"https:\/\/taskopru.bel.tr\/v1\/?page_id=10867"},"modified":"2024-07-30T17:13:03","modified_gmt":"2024-07-30T14:13:03","slug":"belediye-binasi","status":"publish","type":"page","link":"https:\/\/taskopru.bel.tr\/v1\/belediye-binasi\/","title":{"rendered":"Belediye Binas\u0131"},"content":{"rendered":"<h3><strong> Belediye Binas\u0131<\/strong><\/h3>\n<p>1868 y\u0131l\u0131nda il\u00e7e olan Ta\u015fk\u00f6pr\u00fc\u2019de, Belediye Te\u015fkilat\u0131 1869 y\u0131l\u0131nda kurulmu\u015ftur. 1927 y\u0131l\u0131nda b\u00fcy\u00fck bir yang\u0131n ge\u00e7iren il\u00e7ede bu yang\u0131ndan sonra kadastro \u00e7al\u0131\u015fmas\u0131 uygulanm\u0131\u015f ve geni\u015f caddeler a\u00e7\u0131larak modern yap\u0131lar in\u015fa edilmi\u015ftir. Ta\u015fk\u00f6pr\u00fc Belediye Binas\u0131 da 2004 y\u0131l\u0131nda yap\u0131lan restorasyon \u00e7al\u0131\u015fmas\u0131yla il\u00e7enin tarihi dokusunu yans\u0131t\u0131r bir g\u00f6r\u00fcn\u00fcme kavu\u015fmu\u015ftur. Bu \u00e7al\u0131\u015fma 2004 y\u0131l\u0131nda Tarihi Kentler Birli\u011fi taraf\u0131ndan da \u00d6zendirme \u00d6d\u00fcl\u00fc\u2019ne lay\u0131k g\u00f6r\u00fclm\u00fc\u015ft\u00fcr.<\/p>\n<p><a href=\"https:\/\/taskopru.bel.tr\/v1\/wp-content\/uploads\/2024\/07\/belediye-binasi1.jpg\"><img decoding=\"async\" class=\"alignnone wp-image-10868 size-full lazyload\" data-src=\"https:\/\/taskopru.bel.tr\/v1\/wp-content\/uploads\/2024\/07\/belediye-binasi1.jpg\" alt=\"\" width=\"2040\" height=\"1072\" data-srcset=\"https:\/\/taskopru.bel.tr\/v1\/wp-content\/uploads\/2024\/07\/belediye-binasi1.jpg 2040w, https:\/\/taskopru.bel.tr\/v1\/wp-content\/uploads\/2024\/07\/belediye-binasi1-300x158.jpg 300w, https:\/\/taskopru.bel.tr\/v1\/wp-content\/uploads\/2024\/07\/belediye-binasi1-1024x538.jpg 1024w, https:\/\/taskopru.bel.tr\/v1\/wp-content\/uploads\/2024\/07\/belediye-binasi1-768x404.jpg 768w, https:\/\/taskopru.bel.tr\/v1\/wp-content\/uploads\/2024\/07\/belediye-binasi1-1536x807.jpg 1536w, https:\/\/taskopru.bel.tr\/v1\/wp-content\/uploads\/2024\/07\/belediye-binasi1-968x509.jpg 968w, https:\/\/taskopru.bel.tr\/v1\/wp-content\/uploads\/2024\/07\/belediye-binasi1-636x334.jpg 636w, https:\/\/taskopru.bel.tr\/v1\/wp-content\/uploads\/2024\/07\/belediye-binasi1-320x168.jpg 320w, https:\/\/taskopru.bel.tr\/v1\/wp-content\/uploads\/2024\/07\/belediye-binasi1-239x126.jpg 239w\" data-sizes=\"(max-width: 2040px) 100vw, 2040px\" src=\"data:image\/svg+xml;base64,PHN2ZyB3aWR0aD0iMSIgaGVpZ2h0PSIxIiB4bWxucz0iaHR0cDovL3d3dy53My5vcmcvMjAwMC9zdmciPjwvc3ZnPg==\" style=\"--smush-placeholder-width: 2040px; --smush-placeholder-aspect-ratio: 2040\/1072;\" \/><\/a><\/p>\n<p><a href=\"https:\/\/taskopru.bel.tr\/v1\/wp-content\/uploads\/2024\/07\/belediyesarayi1.jpg\"><img decoding=\"async\" class=\"alignnone wp-image-11110 lazyload\" data-src=\"https:\/\/taskopru.bel.tr\/v1\/wp-content\/uploads\/2024\/07\/belediyesarayi1-300x213.jpg\" alt=\"\" width=\"458\" height=\"325\" data-srcset=\"https:\/\/taskopru.bel.tr\/v1\/wp-content\/uploads\/2024\/07\/belediyesarayi1-300x213.jpg 300w, https:\/\/taskopru.bel.tr\/v1\/wp-content\/uploads\/2024\/07\/belediyesarayi1-1024x727.jpg 1024w, https:\/\/taskopru.bel.tr\/v1\/wp-content\/uploads\/2024\/07\/belediyesarayi1-768x545.jpg 768w, https:\/\/taskopru.bel.tr\/v1\/wp-content\/uploads\/2024\/07\/belediyesarayi1-968x687.jpg 968w, https:\/\/taskopru.bel.tr\/v1\/wp-content\/uploads\/2024\/07\/belediyesarayi1-636x451.jpg 636w, https:\/\/taskopru.bel.tr\/v1\/wp-content\/uploads\/2024\/07\/belediyesarayi1-320x227.jpg 320w, https:\/\/taskopru.bel.tr\/v1\/wp-content\/uploads\/2024\/07\/belediyesarayi1-239x170.jpg 239w, https:\/\/taskopru.bel.tr\/v1\/wp-content\/uploads\/2024\/07\/belediyesarayi1.jpg 1339w\" data-sizes=\"(max-width: 458px) 100vw, 458px\" src=\"data:image\/svg+xml;base64,PHN2ZyB3aWR0aD0iMSIgaGVpZ2h0PSIxIiB4bWxucz0iaHR0cDovL3d3dy53My5vcmcvMjAwMC9zdmciPjwvc3ZnPg==\" style=\"--smush-placeholder-width: 458px; --smush-placeholder-aspect-ratio: 458\/325;\" \/><\/a><a href=\"https:\/\/taskopru.bel.tr\/v1\/wp-content\/uploads\/2024\/07\/belediyesarayi2.jpg\"> \u00a0 \u00a0 <img decoding=\"async\" class=\"alignnone wp-image-11109 lazyload\" data-src=\"https:\/\/taskopru.bel.tr\/v1\/wp-content\/uploads\/2024\/07\/belediyesarayi2-300x212.jpg\" alt=\"\" width=\"460\" height=\"325\" data-srcset=\"https:\/\/taskopru.bel.tr\/v1\/wp-content\/uploads\/2024\/07\/belediyesarayi2-300x212.jpg 300w, https:\/\/taskopru.bel.tr\/v1\/wp-content\/uploads\/2024\/07\/belediyesarayi2-1024x722.jpg 1024w, https:\/\/taskopru.bel.tr\/v1\/wp-content\/uploads\/2024\/07\/belediyesarayi2-768x542.jpg 768w, https:\/\/taskopru.bel.tr\/v1\/wp-content\/uploads\/2024\/07\/belediyesarayi2-968x683.jpg 968w, https:\/\/taskopru.bel.tr\/v1\/wp-content\/uploads\/2024\/07\/belediyesarayi2-636x449.jpg 636w, https:\/\/taskopru.bel.tr\/v1\/wp-content\/uploads\/2024\/07\/belediyesarayi2-320x226.jpg 320w, https:\/\/taskopru.bel.tr\/v1\/wp-content\/uploads\/2024\/07\/belediyesarayi2-239x169.jpg 239w, https:\/\/taskopru.bel.tr\/v1\/wp-content\/uploads\/2024\/07\/belediyesarayi2.jpg 1294w\" data-sizes=\"(max-width: 460px) 100vw, 460px\" src=\"data:image\/svg+xml;base64,PHN2ZyB3aWR0aD0iMSIgaGVpZ2h0PSIxIiB4bWxucz0iaHR0cDovL3d3dy53My5vcmcvMjAwMC9zdmciPjwvc3ZnPg==\" style=\"--smush-placeholder-width: 460px; --smush-placeholder-aspect-ratio: 460\/325;\" \/><\/a><\/p>\n","protected":false},"excerpt":{"rendered":"<p>Belediye Binas\u0131 1868 y\u0131l\u0131nda il\u00e7e olan Ta\u015fk\u00f6pr\u00fc\u2019de, Belediye Te\u015fkilat\u0131 1869 y\u0131l\u0131nda kurulmu\u015ftur. 1927 y\u0131l\u0131nda b\u00fcy\u00fck bir yang\u0131n ge\u00e7iren il\u00e7ede bu yang\u0131ndan sonra kadastro \u00e7al\u0131\u015fmas\u0131 uygulanm\u0131\u015f ve geni\u015f caddeler a\u00e7\u0131larak modern yap\u0131lar in\u015fa edilmi\u015ftir. Ta\u015fk\u00f6pr\u00fc Belediye Binas\u0131 da 2004 y\u0131l\u0131nda yap\u0131lan restorasyon \u00e7al\u0131\u015fmas\u0131yla il\u00e7enin tarihi dokusunu yans\u0131t\u0131r bir g\u00f6r\u00fcn\u00fcme kavu\u015fmu\u015ftur. Bu \u00e7al\u0131\u015fma 2004 y\u0131l\u0131nda Tarihi Kentler [&hellip;]<\/p>\n","protected":false},"author":1,"featured_media":0,"parent":0,"menu_order":0,"comment_status":"closed","ping_status":"closed","template":"","meta":{"footnotes":""},"class_list":["post-10867","page","type-page","status-publish"],"_links":{"self":[{"href":"https:\/\/taskopru.bel.tr\/v1\/wp-json\/wp\/v2\/pages\/10867","targetHints":{"allow":["GET"]}}],"collection":[{"href":"https:\/\/taskopru.bel.tr\/v1\/wp-json\/wp\/v2\/pages"}],"about":[{"href":"https:\/\/taskopru.bel.tr\/v1\/wp-json\/wp\/v2\/types\/page"}],"author":[{"embeddable":true,"href":"https:\/\/taskopru.bel.tr\/v1\/wp-json\/wp\/v2\/users\/1"}],"replies":[{"embeddable":true,"href":"https:\/\/taskopru.bel.tr\/v1\/wp-json\/wp\/v2\/comments?post=10867"}],"version-history":[{"count":10,"href":"https:\/\/taskopru.bel.tr\/v1\/wp-json\/wp\/v2\/pages\/10867\/revisions"}],"predecessor-version":[{"id":11118,"href":"https:\/\/taskopru.bel.tr\/v1\/wp-json\/wp\/v2\/pages\/10867\/revisions\/11118"}],"wp:attachment":[{"href":"https:\/\/taskopru.bel.tr\/v1\/wp-json\/wp\/v2\/media?parent=10867"}],"curies":[{"name":"wp","href":"https:\/\/api.w.org\/{rel}","templated":true}]}}