{"id":10710,"date":"2024-07-04T11:47:12","date_gmt":"2024-07-04T08:47:12","guid":{"rendered":"https:\/\/taskopru.bel.tr\/v1\/?page_id=10710"},"modified":"2024-07-09T08:38:42","modified_gmt":"2024-07-09T05:38:42","slug":"seymenli-mesire-yeri-ve-at-meydani","status":"publish","type":"page","link":"https:\/\/taskopru.bel.tr\/v1\/seymenli-mesire-yeri-ve-at-meydani\/","title":{"rendered":"Seymenli Mesire yeri ve At Meydan\u0131"},"content":{"rendered":"<h3><strong>Seymenli Mesire yeri ve At Meydan\u0131<\/strong><\/h3>\n<p>\u0130l\u00e7eye 22 km uzakl\u0131kta, Ta\u015fk\u00f6pr\u00fc &#8211; \u00c7iftlik K\u00f6y\u00fc yolu \u00fczerinde, ormanla kapl\u0131, so\u011fuk suyu, e\u011flence ve yemek yeme yerleri bulunan bir dinlenme yeridir.<\/p>\n<p><a href=\"https:\/\/taskopru.bel.tr\/v1\/wp-content\/uploads\/2024\/07\/Screenshot-2024-07-04-at-11-13-47-Taskopru-Ici-001-216-Baski-.pdf.png\" target=\"_blank\" rel=\"noopener\"><img decoding=\"async\" class=\"aligncenter wp-image-10690 size-full lazyload\" data-src=\"https:\/\/taskopru.bel.tr\/v1\/wp-content\/uploads\/2024\/07\/Screenshot-2024-07-04-at-11-13-47-Taskopru-Ici-001-216-Baski-.pdf.png\" alt=\"\" width=\"599\" height=\"375\" data-srcset=\"https:\/\/taskopru.bel.tr\/v1\/wp-content\/uploads\/2024\/07\/Screenshot-2024-07-04-at-11-13-47-Taskopru-Ici-001-216-Baski-.pdf.png 599w, https:\/\/taskopru.bel.tr\/v1\/wp-content\/uploads\/2024\/07\/Screenshot-2024-07-04-at-11-13-47-Taskopru-Ici-001-216-Baski-.pdf-300x188.png 300w, https:\/\/taskopru.bel.tr\/v1\/wp-content\/uploads\/2024\/07\/Screenshot-2024-07-04-at-11-13-47-Taskopru-Ici-001-216-Baski-.pdf-320x200.png 320w, https:\/\/taskopru.bel.tr\/v1\/wp-content\/uploads\/2024\/07\/Screenshot-2024-07-04-at-11-13-47-Taskopru-Ici-001-216-Baski-.pdf-239x150.png 239w\" data-sizes=\"(max-width: 599px) 100vw, 599px\" src=\"data:image\/svg+xml;base64,PHN2ZyB3aWR0aD0iMSIgaGVpZ2h0PSIxIiB4bWxucz0iaHR0cDovL3d3dy53My5vcmcvMjAwMC9zdmciPjwvc3ZnPg==\" style=\"--smush-placeholder-width: 599px; --smush-placeholder-aspect-ratio: 599\/375;\" \/><\/a><\/p>\n","protected":false},"excerpt":{"rendered":"<p>Seymenli Mesire yeri ve At Meydan\u0131 \u0130l\u00e7eye 22 km uzakl\u0131kta, Ta\u015fk\u00f6pr\u00fc &#8211; \u00c7iftlik K\u00f6y\u00fc yolu \u00fczerinde, ormanla kapl\u0131, so\u011fuk suyu, e\u011flence ve yemek yeme yerleri bulunan bir dinlenme yeridir.<\/p>\n","protected":false},"author":1,"featured_media":0,"parent":0,"menu_order":0,"comment_status":"closed","ping_status":"closed","template":"","meta":{"footnotes":""},"class_list":["post-10710","page","type-page","status-publish"],"_links":{"self":[{"href":"https:\/\/taskopru.bel.tr\/v1\/wp-json\/wp\/v2\/pages\/10710","targetHints":{"allow":["GET"]}}],"collection":[{"href":"https:\/\/taskopru.bel.tr\/v1\/wp-json\/wp\/v2\/pages"}],"about":[{"href":"https:\/\/taskopru.bel.tr\/v1\/wp-json\/wp\/v2\/types\/page"}],"author":[{"embeddable":true,"href":"https:\/\/taskopru.bel.tr\/v1\/wp-json\/wp\/v2\/users\/1"}],"replies":[{"embeddable":true,"href":"https:\/\/taskopru.bel.tr\/v1\/wp-json\/wp\/v2\/comments?post=10710"}],"version-history":[{"count":4,"href":"https:\/\/taskopru.bel.tr\/v1\/wp-json\/wp\/v2\/pages\/10710\/revisions"}],"predecessor-version":[{"id":10775,"href":"https:\/\/taskopru.bel.tr\/v1\/wp-json\/wp\/v2\/pages\/10710\/revisions\/10775"}],"wp:attachment":[{"href":"https:\/\/taskopru.bel.tr\/v1\/wp-json\/wp\/v2\/media?parent=10710"}],"curies":[{"name":"wp","href":"https:\/\/api.w.org\/{rel}","templated":true}]}}