{"id":10652,"date":"2024-07-03T15:12:45","date_gmt":"2024-07-03T12:12:45","guid":{"rendered":"https:\/\/taskopru.bel.tr\/v1\/?page_id=10652"},"modified":"2024-07-31T10:03:02","modified_gmt":"2024-07-31T07:03:02","slug":"gezi-rehberi","status":"publish","type":"page","link":"https:\/\/taskopru.bel.tr\/v1\/gezi-rehberi\/","title":{"rendered":"Gezi Rehberi"},"content":{"rendered":"<p><a href=\"https:\/\/taskopru.bel.tr\/v1\/wp-content\/uploads\/2024\/07\/Screenshot-2024-07-04-at-11-07-15-Taskopru-Ici-001-216-Baski-.pdf.png\"><img decoding=\"async\" class=\"alignnone wp-image-10693 lazyload\" data-src=\"https:\/\/taskopru.bel.tr\/v1\/wp-content\/uploads\/2024\/07\/Screenshot-2024-07-04-at-11-07-15-Taskopru-Ici-001-216-Baski-.pdf-300x237.png\" alt=\"\" width=\"199\" height=\"157\" data-srcset=\"https:\/\/taskopru.bel.tr\/v1\/wp-content\/uploads\/2024\/07\/Screenshot-2024-07-04-at-11-07-15-Taskopru-Ici-001-216-Baski-.pdf-300x237.png 300w, https:\/\/taskopru.bel.tr\/v1\/wp-content\/uploads\/2024\/07\/Screenshot-2024-07-04-at-11-07-15-Taskopru-Ici-001-216-Baski-.pdf-768x608.png 768w, https:\/\/taskopru.bel.tr\/v1\/wp-content\/uploads\/2024\/07\/Screenshot-2024-07-04-at-11-07-15-Taskopru-Ici-001-216-Baski-.pdf-636x503.png 636w, https:\/\/taskopru.bel.tr\/v1\/wp-content\/uploads\/2024\/07\/Screenshot-2024-07-04-at-11-07-15-Taskopru-Ici-001-216-Baski-.pdf-320x253.png 320w, https:\/\/taskopru.bel.tr\/v1\/wp-content\/uploads\/2024\/07\/Screenshot-2024-07-04-at-11-07-15-Taskopru-Ici-001-216-Baski-.pdf-239x189.png 239w, https:\/\/taskopru.bel.tr\/v1\/wp-content\/uploads\/2024\/07\/Screenshot-2024-07-04-at-11-07-15-Taskopru-Ici-001-216-Baski-.pdf.png 810w\" data-sizes=\"(max-width: 199px) 100vw, 199px\" src=\"data:image\/svg+xml;base64,PHN2ZyB3aWR0aD0iMSIgaGVpZ2h0PSIxIiB4bWxucz0iaHR0cDovL3d3dy53My5vcmcvMjAwMC9zdmciPjwvc3ZnPg==\" style=\"--smush-placeholder-width: 199px; --smush-placeholder-aspect-ratio: 199\/157;\" \/><\/a><a href=\"https:\/\/taskopru.bel.tr\/v1\/wp-content\/uploads\/2024\/07\/sarimsak-heykeli.jpg\"> \u00a0 \u00a0 \u00a0 \u00a0<\/a> <a href=\"https:\/\/taskopru.bel.tr\/v1\/cami-ve-turbeler\/\"><img decoding=\"async\" class=\"alignnone wp-image-10658 lazyload\" data-src=\"https:\/\/taskopru.bel.tr\/v1\/wp-content\/uploads\/2024\/07\/kastamonu-taskopru-kara-mustafa-pasa-tas-camii-300x169.jpg\" alt=\"\" width=\"255\" height=\"144\" data-srcset=\"https:\/\/taskopru.bel.tr\/v1\/wp-content\/uploads\/2024\/07\/kastamonu-taskopru-kara-mustafa-pasa-tas-camii-300x169.jpg 300w, https:\/\/taskopru.bel.tr\/v1\/wp-content\/uploads\/2024\/07\/kastamonu-taskopru-kara-mustafa-pasa-tas-camii-636x359.jpg 636w, https:\/\/taskopru.bel.tr\/v1\/wp-content\/uploads\/2024\/07\/kastamonu-taskopru-kara-mustafa-pasa-tas-camii-482x271.jpg 482w, https:\/\/taskopru.bel.tr\/v1\/wp-content\/uploads\/2024\/07\/kastamonu-taskopru-kara-mustafa-pasa-tas-camii-320x181.jpg 320w, https:\/\/taskopru.bel.tr\/v1\/wp-content\/uploads\/2024\/07\/kastamonu-taskopru-kara-mustafa-pasa-tas-camii-239x135.jpg 239w, https:\/\/taskopru.bel.tr\/v1\/wp-content\/uploads\/2024\/07\/kastamonu-taskopru-kara-mustafa-pasa-tas-camii.jpg 640w\" data-sizes=\"(max-width: 255px) 100vw, 255px\" src=\"data:image\/svg+xml;base64,PHN2ZyB3aWR0aD0iMSIgaGVpZ2h0PSIxIiB4bWxucz0iaHR0cDovL3d3dy53My5vcmcvMjAwMC9zdmciPjwvc3ZnPg==\" style=\"--smush-placeholder-width: 255px; --smush-placeholder-aspect-ratio: 255\/144;\" \/><\/a> \u00a0 \u00a0 \u00a0 \u00a0 \u00a0 \u00a0\u00a0 <a href=\"https:\/\/taskopru.bel.tr\/v1\/hanlar-hamamlar\/\"><img decoding=\"async\" class=\"alignnone wp-image-10659 lazyload\" data-src=\"https:\/\/taskopru.bel.tr\/v1\/wp-content\/uploads\/2024\/07\/derbederler-hamami-300x239.jpg\" alt=\"\" width=\"190\" height=\"152\" data-srcset=\"https:\/\/taskopru.bel.tr\/v1\/wp-content\/uploads\/2024\/07\/derbederler-hamami-300x239.jpg 300w, https:\/\/taskopru.bel.tr\/v1\/wp-content\/uploads\/2024\/07\/derbederler-hamami-320x255.jpg 320w, https:\/\/taskopru.bel.tr\/v1\/wp-content\/uploads\/2024\/07\/derbederler-hamami-239x191.jpg 239w, https:\/\/taskopru.bel.tr\/v1\/wp-content\/uploads\/2024\/07\/derbederler-hamami.jpg 484w\" data-sizes=\"(max-width: 190px) 100vw, 190px\" src=\"data:image\/svg+xml;base64,PHN2ZyB3aWR0aD0iMSIgaGVpZ2h0PSIxIiB4bWxucz0iaHR0cDovL3d3dy53My5vcmcvMjAwMC9zdmciPjwvc3ZnPg==\" style=\"--smush-placeholder-width: 190px; --smush-placeholder-aspect-ratio: 190\/152;\" \/><\/a><\/p>\n<p>An\u0131tlar\u00a0\u00a0\u00a0\u00a0\u00a0\u00a0\u00a0\u00a0\u00a0\u00a0\u00a0\u00a0\u00a0\u00a0\u00a0\u00a0\u00a0\u00a0\u00a0\u00a0\u00a0\u00a0\u00a0\u00a0\u00a0\u00a0\u00a0\u00a0\u00a0\u00a0\u00a0\u00a0\u00a0\u00a0\u00a0\u00a0\u00a0\u00a0\u00a0\u00a0\u00a0\u00a0\u00a0 \u00a0 \u00a0 \u00a0 \u00a0\u00a0 Cami ve T\u00fcrbeler \u00a0\u00a0\u00a0\u00a0\u00a0\u00a0\u00a0\u00a0\u00a0\u00a0\u00a0\u00a0\u00a0\u00a0\u00a0\u00a0\u00a0\u00a0\u00a0\u00a0\u00a0\u00a0\u00a0\u00a0\u00a0\u00a0\u00a0\u00a0\u00a0\u00a0\u00a0\u00a0\u00a0\u00a0\u00a0\u00a0\u00a0\u00a0\u00a0 \u00a0 \u00a0 \u00a0\u00a0\u00a0\u00a0\u00a0\u00a0 Hanlar Hamamlar<\/p>\n<p>&nbsp;<\/p>\n<p><a href=\"https:\/\/taskopru.bel.tr\/v1\/konaklar\/\"><img decoding=\"async\" class=\"alignnone wp-image-10660 lazyload\" data-src=\"https:\/\/taskopru.bel.tr\/v1\/wp-content\/uploads\/2024\/07\/delibeyoglu-konagi-300x221.jpg\" alt=\"\" width=\"205\" height=\"151\" data-srcset=\"https:\/\/taskopru.bel.tr\/v1\/wp-content\/uploads\/2024\/07\/delibeyoglu-konagi-300x221.jpg 300w, https:\/\/taskopru.bel.tr\/v1\/wp-content\/uploads\/2024\/07\/delibeyoglu-konagi-1024x753.jpg 1024w, https:\/\/taskopru.bel.tr\/v1\/wp-content\/uploads\/2024\/07\/delibeyoglu-konagi-768x564.jpg 768w, https:\/\/taskopru.bel.tr\/v1\/wp-content\/uploads\/2024\/07\/delibeyoglu-konagi-1536x1129.jpg 1536w, https:\/\/taskopru.bel.tr\/v1\/wp-content\/uploads\/2024\/07\/delibeyoglu-konagi-968x711.jpg 968w, https:\/\/taskopru.bel.tr\/v1\/wp-content\/uploads\/2024\/07\/delibeyoglu-konagi-636x467.jpg 636w, https:\/\/taskopru.bel.tr\/v1\/wp-content\/uploads\/2024\/07\/delibeyoglu-konagi-320x235.jpg 320w, https:\/\/taskopru.bel.tr\/v1\/wp-content\/uploads\/2024\/07\/delibeyoglu-konagi-239x176.jpg 239w, https:\/\/taskopru.bel.tr\/v1\/wp-content\/uploads\/2024\/07\/delibeyoglu-konagi.jpg 1600w\" data-sizes=\"(max-width: 205px) 100vw, 205px\" src=\"data:image\/svg+xml;base64,PHN2ZyB3aWR0aD0iMSIgaGVpZ2h0PSIxIiB4bWxucz0iaHR0cDovL3d3dy53My5vcmcvMjAwMC9zdmciPjwvc3ZnPg==\" style=\"--smush-placeholder-width: 205px; --smush-placeholder-aspect-ratio: 205\/151;\" \/><\/a> \u00a0 \u00a0\u00a0 <a href=\"https:\/\/taskopru.bel.tr\/v1\/kulturel-ve-idari-binalar\/\"><img decoding=\"async\" class=\"alignnone wp-image-10663 lazyload\" data-src=\"https:\/\/taskopru.bel.tr\/v1\/wp-content\/uploads\/2024\/07\/belediye-binasi-300x183.jpeg\" alt=\"\" width=\"249\" height=\"152\" data-srcset=\"https:\/\/taskopru.bel.tr\/v1\/wp-content\/uploads\/2024\/07\/belediye-binasi-300x183.jpeg 300w, https:\/\/taskopru.bel.tr\/v1\/wp-content\/uploads\/2024\/07\/belediye-binasi-636x387.jpeg 636w, https:\/\/taskopru.bel.tr\/v1\/wp-content\/uploads\/2024\/07\/belediye-binasi-320x195.jpeg 320w, https:\/\/taskopru.bel.tr\/v1\/wp-content\/uploads\/2024\/07\/belediye-binasi-239x145.jpeg 239w, https:\/\/taskopru.bel.tr\/v1\/wp-content\/uploads\/2024\/07\/belediye-binasi.jpeg 715w\" data-sizes=\"(max-width: 249px) 100vw, 249px\" src=\"data:image\/svg+xml;base64,PHN2ZyB3aWR0aD0iMSIgaGVpZ2h0PSIxIiB4bWxucz0iaHR0cDovL3d3dy53My5vcmcvMjAwMC9zdmciPjwvc3ZnPg==\" style=\"--smush-placeholder-width: 249px; --smush-placeholder-aspect-ratio: 249\/152;\" \/><\/a><a href=\"https:\/\/taskopru.bel.tr\/v1\/wp-content\/uploads\/2024\/07\/kucuksu.jpg\">\u00a0 \u00a0 \u00a0 \u00a0 \u00a0 <\/a><a href=\"https:\/\/taskopru.bel.tr\/v1\/mesire-alanlari\/\"><img decoding=\"async\" class=\"alignnone wp-image-10664 lazyload\" data-src=\"https:\/\/taskopru.bel.tr\/v1\/wp-content\/uploads\/2024\/07\/kucuksu-300x225.jpg\" alt=\"\" width=\"204\" height=\"153\" data-srcset=\"https:\/\/taskopru.bel.tr\/v1\/wp-content\/uploads\/2024\/07\/kucuksu-300x225.jpg 300w, https:\/\/taskopru.bel.tr\/v1\/wp-content\/uploads\/2024\/07\/kucuksu-636x477.jpg 636w, https:\/\/taskopru.bel.tr\/v1\/wp-content\/uploads\/2024\/07\/kucuksu-320x240.jpg 320w, https:\/\/taskopru.bel.tr\/v1\/wp-content\/uploads\/2024\/07\/kucuksu-239x179.jpg 239w, https:\/\/taskopru.bel.tr\/v1\/wp-content\/uploads\/2024\/07\/kucuksu.jpg 720w\" data-sizes=\"(max-width: 204px) 100vw, 204px\" src=\"data:image\/svg+xml;base64,PHN2ZyB3aWR0aD0iMSIgaGVpZ2h0PSIxIiB4bWxucz0iaHR0cDovL3d3dy53My5vcmcvMjAwMC9zdmciPjwvc3ZnPg==\" style=\"--smush-placeholder-width: 204px; --smush-placeholder-aspect-ratio: 204\/153;\" \/><\/a><a href=\"https:\/\/taskopru.bel.tr\/v1\/wp-content\/uploads\/2024\/07\/belediye-binasi.jpeg\">\u00a0<\/a><\/p>\n<p>Konaklar\u00a0\u00a0\u00a0\u00a0\u00a0\u00a0\u00a0\u00a0\u00a0\u00a0\u00a0\u00a0\u00a0\u00a0\u00a0\u00a0\u00a0\u00a0\u00a0\u00a0\u00a0\u00a0\u00a0\u00a0\u00a0\u00a0\u00a0\u00a0\u00a0\u00a0\u00a0\u00a0\u00a0\u00a0\u00a0\u00a0\u00a0\u00a0\u00a0\u00a0\u00a0\u00a0\u00a0\u00a0\u00a0\u00a0\u00a0\u00a0\u00a0\u00a0 K\u00fclt\u00fcrel ve \u0130dari Binalar\u00a0\u00a0\u00a0\u00a0\u00a0\u00a0\u00a0\u00a0\u00a0\u00a0\u00a0\u00a0\u00a0\u00a0\u00a0\u00a0\u00a0\u00a0\u00a0\u00a0\u00a0\u00a0\u00a0\u00a0\u00a0\u00a0\u00a0 \u00a0 \u00a0 \u00a0 \u00a0 \u00a0\u00a0 Mesire Alanlar\u0131<\/p>\n<p>&nbsp;<\/p>\n<p><a href=\"https:\/\/taskopru.bel.tr\/v1\/wp-content\/uploads\/2024\/07\/donalar-kaya-mezari.jpg\"><img decoding=\"async\" class=\"alignnone wp-image-10666 lazyload\" data-src=\"https:\/\/taskopru.bel.tr\/v1\/wp-content\/uploads\/2024\/07\/donalar-kaya-mezari-300x200.jpg\" alt=\"\" width=\"190\" height=\"126\" data-srcset=\"https:\/\/taskopru.bel.tr\/v1\/wp-content\/uploads\/2024\/07\/donalar-kaya-mezari-300x200.jpg 300w, https:\/\/taskopru.bel.tr\/v1\/wp-content\/uploads\/2024\/07\/donalar-kaya-mezari-768x512.jpg 768w, https:\/\/taskopru.bel.tr\/v1\/wp-content\/uploads\/2024\/07\/donalar-kaya-mezari-968x646.jpg 968w, https:\/\/taskopru.bel.tr\/v1\/wp-content\/uploads\/2024\/07\/donalar-kaya-mezari-636x424.jpg 636w, https:\/\/taskopru.bel.tr\/v1\/wp-content\/uploads\/2024\/07\/donalar-kaya-mezari-320x213.jpg 320w, https:\/\/taskopru.bel.tr\/v1\/wp-content\/uploads\/2024\/07\/donalar-kaya-mezari-239x159.jpg 239w, https:\/\/taskopru.bel.tr\/v1\/wp-content\/uploads\/2024\/07\/donalar-kaya-mezari.jpg 1000w\" data-sizes=\"(max-width: 190px) 100vw, 190px\" src=\"data:image\/svg+xml;base64,PHN2ZyB3aWR0aD0iMSIgaGVpZ2h0PSIxIiB4bWxucz0iaHR0cDovL3d3dy53My5vcmcvMjAwMC9zdmciPjwvc3ZnPg==\" style=\"--smush-placeholder-width: 190px; --smush-placeholder-aspect-ratio: 190\/126;\" \/><\/a><\/p>\n<p>Kaya Mezarlar\u0131<\/p>\n","protected":false},"excerpt":{"rendered":"<p>\u00a0 \u00a0 \u00a0 \u00a0 \u00a0 \u00a0 \u00a0 \u00a0 \u00a0 \u00a0\u00a0 An\u0131tlar\u00a0\u00a0\u00a0\u00a0\u00a0\u00a0\u00a0\u00a0\u00a0\u00a0\u00a0\u00a0\u00a0\u00a0\u00a0\u00a0\u00a0\u00a0\u00a0\u00a0\u00a0\u00a0\u00a0\u00a0\u00a0\u00a0\u00a0\u00a0\u00a0\u00a0\u00a0\u00a0\u00a0\u00a0\u00a0\u00a0\u00a0\u00a0\u00a0\u00a0\u00a0\u00a0\u00a0 \u00a0 \u00a0 \u00a0 \u00a0\u00a0 Cami ve T\u00fcrbeler \u00a0\u00a0\u00a0\u00a0\u00a0\u00a0\u00a0\u00a0\u00a0\u00a0\u00a0\u00a0\u00a0\u00a0\u00a0\u00a0\u00a0\u00a0\u00a0\u00a0\u00a0\u00a0\u00a0\u00a0\u00a0\u00a0\u00a0\u00a0\u00a0\u00a0\u00a0\u00a0\u00a0\u00a0\u00a0\u00a0\u00a0\u00a0\u00a0 \u00a0 \u00a0 \u00a0\u00a0\u00a0\u00a0\u00a0\u00a0 Hanlar Hamamlar &nbsp; \u00a0 \u00a0\u00a0 \u00a0 \u00a0 \u00a0 \u00a0 \u00a0 \u00a0 Konaklar\u00a0\u00a0\u00a0\u00a0\u00a0\u00a0\u00a0\u00a0\u00a0\u00a0\u00a0\u00a0\u00a0\u00a0\u00a0\u00a0\u00a0\u00a0\u00a0\u00a0\u00a0\u00a0\u00a0\u00a0\u00a0\u00a0\u00a0\u00a0\u00a0\u00a0\u00a0\u00a0\u00a0\u00a0\u00a0\u00a0\u00a0\u00a0\u00a0\u00a0\u00a0\u00a0\u00a0\u00a0\u00a0\u00a0\u00a0\u00a0\u00a0\u00a0 K\u00fclt\u00fcrel ve \u0130dari Binalar\u00a0\u00a0\u00a0\u00a0\u00a0\u00a0\u00a0\u00a0\u00a0\u00a0\u00a0\u00a0\u00a0\u00a0\u00a0\u00a0\u00a0\u00a0\u00a0\u00a0\u00a0\u00a0\u00a0\u00a0\u00a0\u00a0\u00a0 \u00a0 \u00a0 \u00a0 \u00a0 \u00a0\u00a0 Mesire Alanlar\u0131 &nbsp; Kaya Mezarlar\u0131<\/p>\n","protected":false},"author":1,"featured_media":0,"parent":0,"menu_order":0,"comment_status":"closed","ping_status":"closed","template":"","meta":{"footnotes":""},"class_list":["post-10652","page","type-page","status-publish"],"_links":{"self":[{"href":"https:\/\/taskopru.bel.tr\/v1\/wp-json\/wp\/v2\/pages\/10652","targetHints":{"allow":["GET"]}}],"collection":[{"href":"https:\/\/taskopru.bel.tr\/v1\/wp-json\/wp\/v2\/pages"}],"about":[{"href":"https:\/\/taskopru.bel.tr\/v1\/wp-json\/wp\/v2\/types\/page"}],"author":[{"embeddable":true,"href":"https:\/\/taskopru.bel.tr\/v1\/wp-json\/wp\/v2\/users\/1"}],"replies":[{"embeddable":true,"href":"https:\/\/taskopru.bel.tr\/v1\/wp-json\/wp\/v2\/comments?post=10652"}],"version-history":[{"count":24,"href":"https:\/\/taskopru.bel.tr\/v1\/wp-json\/wp\/v2\/pages\/10652\/revisions"}],"predecessor-version":[{"id":11141,"href":"https:\/\/taskopru.bel.tr\/v1\/wp-json\/wp\/v2\/pages\/10652\/revisions\/11141"}],"wp:attachment":[{"href":"https:\/\/taskopru.bel.tr\/v1\/wp-json\/wp\/v2\/media?parent=10652"}],"curies":[{"name":"wp","href":"https:\/\/api.w.org\/{rel}","templated":true}]}}