{"id":10462,"date":"2024-06-24T08:41:49","date_gmt":"2024-06-24T05:41:49","guid":{"rendered":"https:\/\/taskopru.bel.tr\/v1\/?page_id=10462"},"modified":"2024-11-06T12:13:12","modified_gmt":"2024-11-06T09:13:12","slug":"as-evi","status":"publish","type":"page","link":"https:\/\/taskopru.bel.tr\/v1\/as-evi\/","title":{"rendered":"A\u015fevi"},"content":{"rendered":"<h4><strong>Sofralar bir, g\u00f6n\u00fcller bir\u2026<\/strong><\/h4>\n<h4><strong>Hay\u0131rsever vatanda\u015flar\u0131m\u0131z ile ihtiya\u00e7 sahiplerini bulu\u015fturuyoruz.<\/strong><\/h4>\n<h4><strong>Belediyemiz b\u00fcnyesinde bulunan a\u015fevinde her g\u00fcn \u00e7orbam\u0131z kayn\u0131yor, yemeklerimiz sevgiyle pi\u015fiyor. <\/strong><br \/>\n<strong>G\u00f6nl\u00fc zengin vatanda\u015flar\u0131m\u0131z\u0131n destekleriyle, evinde yemek yapma imkan\u0131 olmayan ihtiya\u00e7 sahiplerine her g\u00fcn iki \u00f6\u011f\u00fcn s\u0131cak yemek ula\u015ft\u0131r\u0131yoruz. Siz de ba\u011f\u0131\u015f yaparak bu iyilik sofras\u0131na katk\u0131da bulunabilirsiniz.<\/strong><\/h4>\n<h4><strong>Daha fazla bilgi almak ve ba\u011f\u0131\u015fta bulunmak i\u00e7in <span style=\"color: #ff0000;\">0366 417 10 58<\/span> numaral\u0131 hatt\u0131m\u0131zdan bize ula\u015fabilirsiniz.<\/strong><\/h4>\n<h4><strong>Sizden gelen ba\u011f\u0131\u015flarla sofralara a\u015f, g\u00f6n\u00fcllere huzur olal\u0131m.<\/strong><\/h4>\n<h4><strong> Banka Hesap <a href=\"https:\/\/taskopru.bel.tr\/v1\/asevi-bagis-banka-hesap-numarasi\/\">Numaralar\u0131m\u0131z<\/a><\/strong><\/h4>\n<h4><strong>Ta\u015fk\u00f6pr\u00fc Belediye Ba\u015fkanl\u0131\u011f\u0131<\/strong><\/h4>\n<h4>\n<div id=\"rev_slider_2_1_wrapper\" class=\"rev_slider_wrapper fullwidthbanner-container\" data-source=\"gallery\" style=\"margin:0px auto;background:transparent;padding:0px;margin-top:0px;margin-bottom:0px;\">\n<!-- START REVOLUTION SLIDER 5.4.7.3 fullwidth mode -->\n\t<div id=\"rev_slider_2_1\" class=\"rev_slider fullwidthabanner\" style=\"display:none;\" data-version=\"5.4.7.3\">\n<ul>\t<!-- SLIDE  -->\n\t<li data-index=\"rs-21\" data-transition=\"fade\" data-slotamount=\"default\" data-hideafterloop=\"0\" data-hideslideonmobile=\"off\"  data-easein=\"default\" data-easeout=\"default\" data-masterspeed=\"300\"  data-thumb=\"https:\/\/img.youtube.com\/vi\/https:\/\/www.youtube.com\/watch?v=LxXWKdQpeaU\/maxresdefault.jpg\"  data-delay=\"12800\"  data-rotate=\"0\"  data-fstransition=\"fade\" data-fsmasterspeed=\"1500\" data-fsslotamount=\"7\" data-saveperformance=\"off\"  data-title=\"Slide\" data-param1=\"\" data-param2=\"\" data-param3=\"\" data-param4=\"\" data-param5=\"\" data-param6=\"\" data-param7=\"\" data-param8=\"\" data-param9=\"\" data-param10=\"\" data-description=\"\">\n\t\t<!-- MAIN IMAGE -->\n\t\t<img decoding=\"async\" src=\"https:\/\/taskopru.bel.tr\/v1\/wp-content\/plugins\/revslider\/admin\/assets\/images\/dummy.png\"  alt=\"\" title=\"A\u015fevi\"  data-lazyload=\"https:\/\/img.youtube.com\/vi\/https:\/\/www.youtube.com\/watch?v=LxXWKdQpeaU\/maxresdefault.jpg\" data-bgposition=\"center center\" data-bgfit=\"cover\" data-bgrepeat=\"no-repeat\" data-bgparallax=\"off\" class=\"rev-slidebg\" data-no-retina>\n\t\t<!-- LAYERS -->\n\t\t<div id=\"rrzt_21\" class=\"rev_row_zone rev_row_zone_top\" style=\"z-index: 6;\">\n\n\t\t<!-- LAYER NR. 1 -->\n\t\t<div class=\"tp-caption  \" \n\t\t\t id=\"slide-21-layer-3\" \n\t\t\t data-x=\"100\" \n\t\t\t data-y=\"100\" \n\t\t\t\t\t\tdata-width=\"['auto']\"\n\t\t\tdata-height=\"['auto']\"\n \n\t\t\tdata-type=\"row\" \n\t\t\tdata-columnbreak=\"3\" \n\t\t\tdata-responsive_offset=\"on\" \n\t\t\tdata-responsive=\"off\"\n\t\t\tdata-frames='[{\"delay\":0,\"speed\":300,\"frame\":\"0\",\"from\":\"opacity:0;\",\"to\":\"o:1;\",\"ease\":\"Power3.easeInOut\"},{\"delay\":\"wait\",\"speed\":300,\"frame\":\"999\",\"to\":\"opacity:0;\",\"ease\":\"Power3.easeInOut\"}]'\n\t\t\tdata-margintop=\"[0,0,0,0]\"\n\t\t\tdata-marginright=\"[0,0,0,0]\"\n\t\t\tdata-marginbottom=\"[0,0,0,0]\"\n\t\t\tdata-marginleft=\"[0,0,0,0]\"\n\t\t\tdata-textAlign=\"['inherit','inherit','inherit','inherit']\"\n\t\t\tdata-paddingtop=\"[0,0,0,0]\"\n\t\t\tdata-paddingright=\"[0,0,0,0]\"\n\t\t\tdata-paddingbottom=\"[0,0,0,0]\"\n\t\t\tdata-paddingleft=\"[0,0,0,0]\"\n\n\t\t\tstyle=\"z-index: 6; white-space: nowrap; font-size: 20px; line-height: 22px; font-weight: 400; color: #ffffff; letter-spacing: 0px;\">\n\t\t<!-- LAYER NR. 2 -->\n\t\t<div class=\"tp-caption  \" \n\t\t\t id=\"slide-21-layer-4\" \n\t\t\t data-x=\"100\" \n\t\t\t data-y=\"100\" \n\t\t\t\t\t\tdata-width=\"['auto']\"\n\t\t\tdata-height=\"['auto']\"\n \n\t\t\tdata-type=\"column\" \n\t\t\tdata-responsive_offset=\"on\" \n\t\t\tdata-responsive=\"off\"\n\t\t\tdata-frames='[{\"delay\":0,\"speed\":300,\"frame\":\"0\",\"from\":\"opacity:0;\",\"to\":\"o:1;\",\"ease\":\"Power3.easeInOut\"},{\"delay\":\"wait\",\"speed\":300,\"frame\":\"999\",\"to\":\"opacity:0;\",\"ease\":\"Power3.easeInOut\"}]'\n data-columnwidth=\"50%\"\n data-verticalalign=\"top\"\n\t\t\tdata-margintop=\"[0,0,0,0]\"\n\t\t\tdata-marginright=\"[0,0,0,0]\"\n\t\t\tdata-marginbottom=\"[0,0,0,0]\"\n\t\t\tdata-marginleft=\"[0,0,0,0]\"\n\t\t\tdata-textAlign=\"['inherit','inherit','inherit','inherit']\"\n\t\t\tdata-paddingtop=\"[0,0,0,0]\"\n\t\t\tdata-paddingright=\"[0,0,0,0]\"\n\t\t\tdata-paddingbottom=\"[0,0,0,0]\"\n\t\t\tdata-paddingleft=\"[0,0,0,0]\"\n\n\t\t\tstyle=\"z-index: 7; width: 100%;\">\t\t\t\t<\/div>\n\n\t\t<!-- LAYER NR. 3 -->\n\t\t<div class=\"tp-caption  \" \n\t\t\t id=\"slide-21-layer-5\" \n\t\t\t data-x=\"100\" \n\t\t\t data-y=\"100\" \n\t\t\t\t\t\tdata-width=\"['auto']\"\n\t\t\tdata-height=\"['auto']\"\n \n\t\t\tdata-type=\"column\" \n\t\t\tdata-responsive_offset=\"on\" \n\t\t\tdata-responsive=\"off\"\n\t\t\tdata-frames='[{\"delay\":0,\"speed\":300,\"frame\":\"0\",\"from\":\"opacity:0;\",\"to\":\"o:1;\",\"ease\":\"Power3.easeInOut\"},{\"delay\":\"wait\",\"speed\":300,\"frame\":\"999\",\"to\":\"opacity:0;\",\"ease\":\"Power3.easeInOut\"}]'\n data-columnwidth=\"50%\"\n data-verticalalign=\"top\"\n\t\t\tdata-margintop=\"[0,0,0,0]\"\n\t\t\tdata-marginright=\"[0,0,0,0]\"\n\t\t\tdata-marginbottom=\"[0,0,0,0]\"\n\t\t\tdata-marginleft=\"[0,0,0,0]\"\n\t\t\tdata-textAlign=\"['inherit','inherit','inherit','inherit']\"\n\t\t\tdata-paddingtop=\"[0,0,0,0]\"\n\t\t\tdata-paddingright=\"[0,0,0,0]\"\n\t\t\tdata-paddingbottom=\"[0,0,0,0]\"\n\t\t\tdata-paddingleft=\"[0,0,0,0]\"\n\n\t\t\tstyle=\"z-index: 8; width: 100%;\">\t\t\t\t<\/div>\n\t\t\t<\/div>\n\t\t<\/div>\n\n\t\t<!-- LAYER NR. 4 -->\n\t\t<div class=\"tp-caption     rev_group\" \n\t\t\t id=\"slide-21-layer-2\" \n\t\t\t data-x=\"100\" \n\t\t\t data-y=\"100\" \n\t\t\t\t\t\tdata-width=\"['200']\"\n\t\t\tdata-height=\"['200']\"\n \n\t\t\tdata-type=\"group\" \n\t\t\tdata-responsive_offset=\"on\" \n\n\t\t\tdata-frames='[{\"delay\":0,\"speed\":300,\"frame\":\"0\",\"from\":\"opacity:0;\",\"to\":\"o:1;\",\"ease\":\"Power3.easeInOut\"},{\"delay\":\"wait\",\"speed\":300,\"frame\":\"999\",\"to\":\"opacity:0;\",\"ease\":\"Power3.easeInOut\"}]'\n\t\t\tdata-margintop=\"[0,0,0,0]\"\n\t\t\tdata-marginright=\"[0,0,0,0]\"\n\t\t\tdata-marginbottom=\"[0,0,0,0]\"\n\t\t\tdata-marginleft=\"[0,0,0,0]\"\n\t\t\tdata-textAlign=\"['inherit','inherit','inherit','inherit']\"\n\t\t\tdata-paddingtop=\"[0,0,0,0]\"\n\t\t\tdata-paddingright=\"[0,0,0,0]\"\n\t\t\tdata-paddingbottom=\"[0,0,0,0]\"\n\t\t\tdata-paddingleft=\"[0,0,0,0]\"\n\n\t\t\tstyle=\"z-index: 5; min-width: 200px; max-width: 200px; max-width: 200px; max-width: 200px; white-space: nowrap; font-size: 20px; line-height: 22px; font-weight: 400; color: #ffffff; letter-spacing: 0px;\">\t\t<\/div>\n\n\t\t<!-- LAYER NR. 5 -->\n\t\t<div class=\"tp-caption   tp-resizeme tp-videolayer\" \n\t\t\t id=\"slide-21-layer-6\" \n\t\t\t data-x=\"-301\" \n\t\t\t data-y=\"5\" \n\t\t\tdata-type=\"video\" \n\t\t\tdata-responsive_offset=\"on\" \n\n\t\t\tdata-frames='[{\"delay\":0,\"speed\":300,\"frame\":\"0\",\"from\":\"opacity:0;\",\"to\":\"o:1;\",\"ease\":\"Power3.easeInOut\"},{\"delay\":\"wait\",\"speed\":300,\"frame\":\"999\",\"to\":\"opacity:0;\",\"ease\":\"Power3.easeInOut\"}]'\n data-ytid=\"LxXWKdQpeaU\" data-videoattributes=\"version=3&amp;enablejsapi=1&amp;html5=1&amp;volume=100&hd=1&wmode=opaque&showinfo=0&rel=0;;origin=https:\/\/taskopru.bel.tr;\" data-videorate=\"1\" data-videowidth=\"1612px\" data-videoheight=\"797px\" data-videocontrols=\"controls\" data-videoloop=\"none\"\t\t\tdata-textAlign=\"['inherit','inherit','inherit','inherit']\"\n\t\t\tdata-paddingtop=\"[0,0,0,0]\"\n\t\t\tdata-paddingright=\"[0,0,0,0]\"\n\t\t\tdata-paddingbottom=\"[0,0,0,0]\"\n\t\t\tdata-paddingleft=\"[0,0,0,0]\"\n\t\t\tdata-autoplay=\"off\" \n\t\t\tdata-volume=\"100\"\n\t\t\tstyle=\"z-index: 9;\"> <\/div>\n\t<\/li>\n<\/ul>\n<script>var htmlDiv = document.getElementById(\"rs-plugin-settings-inline-css\"); var htmlDivCss=\"\";\r\n\t\t\t\t\t\tif(htmlDiv) {\r\n\t\t\t\t\t\t\thtmlDiv.innerHTML = htmlDiv.innerHTML + htmlDivCss;\r\n\t\t\t\t\t\t}else{\r\n\t\t\t\t\t\t\tvar htmlDiv = document.createElement(\"div\");\r\n\t\t\t\t\t\t\thtmlDiv.innerHTML = \"<style>\" + htmlDivCss + \"<\/style>\";\r\n\t\t\t\t\t\t\tdocument.getElementsByTagName(\"head\")[0].appendChild(htmlDiv.childNodes[0]);\r\n\t\t\t\t\t\t}\r\n\t\t\t\t\t<\/script>\n<div class=\"tp-bannertimer\" style=\"height: 5px; background: rgba(0,0,0,0.15);\"><\/div>\t<\/div>\n<script>var htmlDiv = document.getElementById(\"rs-plugin-settings-inline-css\"); var htmlDivCss=\"\";\r\n\t\t\t\tif(htmlDiv) {\r\n\t\t\t\t\thtmlDiv.innerHTML = htmlDiv.innerHTML + htmlDivCss;\r\n\t\t\t\t}else{\r\n\t\t\t\t\tvar htmlDiv = document.createElement(\"div\");\r\n\t\t\t\t\thtmlDiv.innerHTML = \"<style>\" + htmlDivCss + \"<\/style>\";\r\n\t\t\t\t\tdocument.getElementsByTagName(\"head\")[0].appendChild(htmlDiv.childNodes[0]);\r\n\t\t\t\t}\r\n\t\t\t<\/script>\n\t\t<script type=\"text\/javascript\">\r\nif (setREVStartSize!==undefined) setREVStartSize(\r\n\t{c: '#rev_slider_2_1', gridwidth: [800], gridheight: [800], sliderLayout: 'auto'});\r\n\t\t\t\r\nvar revapi2,\r\n\ttpj;\t\r\n(function() {\t\t\t\r\n\tif (!\/loaded|interactive|complete\/.test(document.readyState)) document.addEventListener(\"DOMContentLoaded\",onLoad); else onLoad();\t\r\n\tfunction onLoad() {\t\t\t\t\r\n\t\tif (tpj===undefined) { tpj = jQuery; if(\"off\" == \"on\") tpj.noConflict();}\r\n\tif(tpj(\"#rev_slider_2_1\").revolution == undefined){\n\t\trevslider_showDoubleJqueryError(\"#rev_slider_2_1\");\n\t}else{\n\t\trevapi2 = tpj(\"#rev_slider_2_1\").show().revolution({\n\t\t\tsliderType:\"standard\",\n\t\t\tjsFileLocation:\"\/\/taskopru.bel.tr\/v1\/wp-content\/plugins\/revslider\/public\/assets\/js\/\",\n\t\t\tsliderLayout:\"auto\",\n\t\t\tdottedOverlay:\"none\",\n\t\t\tdelay:9000,\n\t\t\tnavigation: {\n\t\t\t\tkeyboardNavigation:\"off\",\n\t\t\t\tkeyboard_direction: \"horizontal\",\n\t\t\t\tmouseScrollNavigation:\"off\",\n \t\t\t\t\t\t\tmouseScrollReverse:\"default\",\n\t\t\t\tonHoverStop:\"off\",\n\t\t\t\ttouch:{\n\t\t\t\t\ttouchenabled:\"on\",\n\t\t\t\t\ttouchOnDesktop:\"off\",\n\t\t\t\t\tswipe_threshold: 75,\n\t\t\t\t\tswipe_min_touches: 50,\n\t\t\t\t\tswipe_direction: \"horizontal\",\n\t\t\t\t\tdrag_block_vertical: false\n\t\t\t\t}\n\t\t\t\t,\n\t\t\t\tarrows: {\n\t\t\t\t\tstyle:\"hesperiden\",\n\t\t\t\t\tenable:true,\n\t\t\t\t\thide_onmobile:false,\n\t\t\t\t\thide_onleave:false,\n\t\t\t\t\ttmp:'',\n\t\t\t\t\tleft: {\n\t\t\t\t\t\th_align:\"left\",\n\t\t\t\t\t\tv_align:\"center\",\n\t\t\t\t\t\th_offset:30,\n\t\t\t\t\t\tv_offset:0\n\t\t\t\t\t},\n\t\t\t\t\tright: {\n\t\t\t\t\t\th_align:\"right\",\n\t\t\t\t\t\tv_align:\"center\",\n\t\t\t\t\t\th_offset:30,\n\t\t\t\t\t\tv_offset:0\n\t\t\t\t\t}\n\t\t\t\t}\n\t\t\t\t,\n\t\t\t\tthumbnails: {\n\t\t\t\t\tstyle:\"hades\",\n\t\t\t\t\tenable:true,\n\t\t\t\t\twidth:60,\n\t\t\t\t\theight:60,\n\t\t\t\t\tmin_width:60,\n\t\t\t\t\twrapper_padding:20,\n\t\t\t\t\twrapper_color:\"rgb(0,0,0)\",\n\t\t\t\t\ttmp:'<span class=\"tp-thumb-img-wrap\">  <span class=\"tp-thumb-image\"><\/span><\/span>',\n\t\t\t\t\tvisibleAmount:9,\n\t\t\t\t\thide_onmobile:false,\n\t\t\t\t\thide_onleave:false,\n\t\t\t\t\tdirection:\"horizontal\",\n\t\t\t\t\tspan:true,\n\t\t\t\t\tposition:\"inner\",\n\t\t\t\t\tspace:10,\n\t\t\t\t\th_align:\"center\",\n\t\t\t\t\tv_align:\"bottom\",\n\t\t\t\t\th_offset:0,\n\t\t\t\t\tv_offset:0\n\t\t\t\t}\n\t\t\t},\n\t\t\tvisibilityLevels:[1240,1024,778,480],\n\t\t\tgridwidth:800,\n\t\t\tgridheight:800,\n\t\t\tlazyType:\"smart\",\n\t\t\tparallax: {\n\t\t\t\ttype:\"mouse\",\n\t\t\t\torigo:\"slidercenter\",\n\t\t\t\tspeed:2000,\n\t\t\t\tspeedbg:0,\n\t\t\t\tspeedls:0,\n\t\t\t\tlevels:[2,3,4,5,6,7,12,16,10,50,47,48,49,50,51,55],\n\t\t\t},\n\t\t\tshadow:0,\n\t\t\tspinner:\"off\",\n\t\t\tstopLoop:\"on\",\n\t\t\tstopAfterLoops:0,\n\t\t\tstopAtSlide:1,\n\t\t\tshuffle:\"off\",\n\t\t\tautoHeight:\"off\",\n\t\t\thideThumbsOnMobile:\"off\",\n\t\t\thideSliderAtLimit:0,\n\t\t\thideCaptionAtLimit:0,\n\t\t\thideAllCaptionAtLilmit:0,\n\t\t\tdebugMode:false,\n\t\t\tfallbacks: {\n\t\t\t\tsimplifyAll:\"off\",\n\t\t\t\tnextSlideOnWindowFocus:\"off\",\n\t\t\t\tdisableFocusListener:false,\n\t\t\t}\n\t\t});\n\t}; \/* END OF revapi call *\/\n\t\n }; \/* END OF ON LOAD FUNCTION *\/\r\n}()); \/* END OF WRAPPING FUNCTION *\/\r\n<\/script>\r\n\t\t<script>\r\n\t\t\t\t\tvar htmlDivCss = unescape(\".hesperiden.tparrows%20%7B%0A%09cursor%3Apointer%3B%0A%09background%3Argba%280%2C0%2C0%2C0.5%29%3B%0A%09width%3A40px%3B%0A%09height%3A40px%3B%0A%09position%3Aabsolute%3B%0A%09display%3Ablock%3B%0A%09z-index%3A100%3B%0A%20%20%20%20border-radius%3A%2050%25%3B%0A%7D%0A.hesperiden.tparrows%3Ahover%20%7B%0A%09background%3Argba%280%2C%200%2C%200%2C%201%29%3B%0A%7D%0A.hesperiden.tparrows%3Abefore%20%7B%0A%09font-family%3A%20%22revicons%22%3B%0A%09font-size%3A20px%3B%0A%09color%3Argb%28255%2C%20255%2C%20255%29%3B%0A%09display%3Ablock%3B%0A%09line-height%3A%2040px%3B%0A%09text-align%3A%20center%3B%0A%7D%0A.hesperiden.tparrows.tp-leftarrow%3Abefore%20%7B%0A%09content%3A%20%22%5Ce82c%22%3B%0A%20%20%20%20margin-left%3A-3px%3B%0A%7D%0A.hesperiden.tparrows.tp-rightarrow%3Abefore%20%7B%0A%09content%3A%20%22%5Ce82d%22%3B%0A%20%20%20%20margin-right%3A-3px%3B%0A%7D%0A.hades%20.tp-thumb%20%7B%20%0A%20%20%20%20%20%20opacity%3A1%0A%20%20%7D%0A.hades%20.tp-thumb-img-wrap%20%7B%0A%20%20border-radius%3A50%25%3B%0A%20%20padding%3A3px%3B%0A%20%20display%3Ainline-block%3B%0A%20%20background-color%3Argba%280%2C0%2C0%2C0.25%29%3B%0A%20%20width%3A100%25%3B%0A%20%20height%3A100%25%3B%0A%20%20position%3Arelative%3B%0A%20%20margin%3A0px%3B%0A%20%20box-sizing%3Aborder-box%3B%0A%20%20%20%20transition%3Aall%200.3s%3B%0A%20%20%20%20-webkit-transition%3Aall%200.3s%3B%0A%7D%0A.hades%20.tp-thumb-image%20%7B%0A%20%20%20padding%3A3px%3B%20%0A%20%20%20border-radius%3A50%25%3B%0A%20%20%20display%3Ablock%3B%0A%20%20%20box-sizing%3Aborder-box%3B%0A%20%20%20position%3Arelative%3B%0A%20%20%20%20-webkit-box-shadow%3A%20inset%205px%205px%2010px%200px%20rgba%280%2C0%2C0%2C0.25%29%3B%0A%20%20-moz-box-shadow%3A%20inset%205px%205px%2010px%200px%20rgba%280%2C0%2C0%2C0.25%29%3B%0A%20%20box-shadow%3A%20inset%205px%205px%2010px%200px%20rgba%280%2C0%2C0%2C0.25%29%3B%0A%20%7D%20%20%0A%0A%0A.hades%20.tp-thumb%3Ahover%20.tp-thumb-img-wrap%2C%0A.hades%20.tp-thumb.selected%20.tp-thumb-img-wrap%20%7B%0A%20%20%0A%0A%20%20background%3A%20-moz-linear-gradient%28top%2C%20rgba%28255%2C%20255%2C%20255%2C%201%29%200%25%2C%20rgba%28135%2C%20135%2C%20135%2C%201%29%20100%25%29%3B%0A%20%20background%3A%20-webkit-gradient%28left%20top%2C%20left%20bottom%2C%20color-stop%280%25%2C%20rgba%28255%2C%20255%2C%20255%2C%201%29%29%2C%20color-stop%28100%25%2C%20rgba%28135%2C%20135%2C%20135%2C%201%29%29%29%3B%0A%20%20background%3A%20-webkit-linear-gradient%28top%2C%20rgba%28255%2C%20255%2C%20255%2C%201%29%200%25%2C%20rgba%28135%2C%20135%2C%20135%2C%201%29%20100%25%29%3B%0A%20%20background%3A%20-o-linear-gradient%28top%2C%20rgba%28255%2C%20255%2C%20255%2C%201%29%200%25%2C%20rgba%28135%2C%20135%2C%20135%2C%201%29%20100%25%29%3B%0A%20%20background%3A%20-ms-linear-gradient%28top%2C%20rgba%28255%2C%20255%2C%20255%2C%201%29%200%25%2C%20rgba%28135%2C%20135%2C%20135%2C%201%29%20100%25%29%3B%0A%20%20background%3A%20linear-gradient%28to%20bottom%2C%20rgba%28255%2C%20255%2C%20255%2C%201%29%200%25%2C%20rgba%28135%2C%20135%2C%20135%2C%201%29%20100%25%29%3B%0A%20%7D%0A%0A%0A\");\r\n\t\t\t\t\tvar htmlDiv = document.getElementById('rs-plugin-settings-inline-css');\r\n\t\t\t\t\tif(htmlDiv) {\r\n\t\t\t\t\t\thtmlDiv.innerHTML = htmlDiv.innerHTML + htmlDivCss;\r\n\t\t\t\t\t}\r\n\t\t\t\t\telse{\r\n\t\t\t\t\t\tvar htmlDiv = document.createElement('div');\r\n\t\t\t\t\t\thtmlDiv.innerHTML = '<style>' + htmlDivCss + '<\/style>';\r\n\t\t\t\t\t\tdocument.getElementsByTagName('head')[0].appendChild(htmlDiv.childNodes[0]);\r\n\t\t\t\t\t}\r\n\t\t\t\t  <\/script>\r\n\t\t\t\t<\/div><!-- END REVOLUTION SLIDER --><\/h4>\n<h3><\/h3>\n<h3><\/h3>\n<h3>A\u015fevimizden yararlanmak isteyen vatanda\u015flar\u0131m\u0131z i\u00e7in istemi\u015f oldu\u011fumuz belgeler<\/h3>\n<h4><strong>1. Ba\u015fvuru Dilek\u00e7esi ( <a href=\"https:\/\/taskopru.bel.tr\/v1\/wp-content\/uploads\/2024\/07\/ILGILI-MAKAMA-DILEKCE.pdf\">\u0130ndirmek i\u00e7in t\u0131klay\u0131n\u0131z<\/a> )<\/strong><\/h4>\n<h4><strong>2. Sosyal Yard\u0131m Talep Formu ( <a href=\"https:\/\/taskopru.bel.tr\/v1\/wp-content\/uploads\/2024\/07\/SOSYAL-YARDIM-TALEP-FORMU.pdf\">\u0130ndirmek i\u00e7in t\u0131klay\u0131n\u0131z<\/a> )<\/strong><\/h4>\n<h4><strong>3. Sosyal \u0130nceleme Formu (<a href=\"https:\/\/taskopru.bel.tr\/v1\/wp-content\/uploads\/2024\/07\/SOSYAL-INCELEME-FORMU.pdf\"> \u0130ndirmek i\u00e7in t\u0131klay\u0131n\u0131z<\/a> )<\/strong><\/h4>\n<p>&nbsp;<\/p>\n<h3><strong>\u0130lgili Birim<\/strong><\/h3>\n<h4><strong>Beyaz Masa<\/strong><\/h4>\n<h3><strong>\u0130lgili Personel :<\/strong><\/h3>\n<h4><strong>Ferhat \u00dcnal<\/strong><\/h4>\n<h4><strong>\u0130rtibat No : 366 417 1058 \/ 359<\/strong><\/h4>\n","protected":false},"excerpt":{"rendered":"<p>Sofralar bir, g\u00f6n\u00fcller bir\u2026 Hay\u0131rsever vatanda\u015flar\u0131m\u0131z ile ihtiya\u00e7 sahiplerini bulu\u015fturuyoruz. Belediyemiz b\u00fcnyesinde bulunan a\u015fevinde her g\u00fcn \u00e7orbam\u0131z kayn\u0131yor, yemeklerimiz sevgiyle pi\u015fiyor. G\u00f6nl\u00fc zengin vatanda\u015flar\u0131m\u0131z\u0131n destekleriyle, evinde yemek yapma imkan\u0131 olmayan ihtiya\u00e7 sahiplerine her g\u00fcn iki \u00f6\u011f\u00fcn s\u0131cak yemek ula\u015ft\u0131r\u0131yoruz. Siz de ba\u011f\u0131\u015f yaparak bu iyilik sofras\u0131na katk\u0131da bulunabilirsiniz. Daha fazla bilgi almak ve ba\u011f\u0131\u015fta bulunmak [&hellip;]<\/p>\n","protected":false},"author":1,"featured_media":0,"parent":0,"menu_order":0,"comment_status":"closed","ping_status":"closed","template":"","meta":{"footnotes":""},"class_list":["post-10462","page","type-page","status-publish"],"_links":{"self":[{"href":"https:\/\/taskopru.bel.tr\/v1\/wp-json\/wp\/v2\/pages\/10462","targetHints":{"allow":["GET"]}}],"collection":[{"href":"https:\/\/taskopru.bel.tr\/v1\/wp-json\/wp\/v2\/pages"}],"about":[{"href":"https:\/\/taskopru.bel.tr\/v1\/wp-json\/wp\/v2\/types\/page"}],"author":[{"embeddable":true,"href":"https:\/\/taskopru.bel.tr\/v1\/wp-json\/wp\/v2\/users\/1"}],"replies":[{"embeddable":true,"href":"https:\/\/taskopru.bel.tr\/v1\/wp-json\/wp\/v2\/comments?post=10462"}],"version-history":[{"count":9,"href":"https:\/\/taskopru.bel.tr\/v1\/wp-json\/wp\/v2\/pages\/10462\/revisions"}],"predecessor-version":[{"id":12101,"href":"https:\/\/taskopru.bel.tr\/v1\/wp-json\/wp\/v2\/pages\/10462\/revisions\/12101"}],"wp:attachment":[{"href":"https:\/\/taskopru.bel.tr\/v1\/wp-json\/wp\/v2\/media?parent=10462"}],"curies":[{"name":"wp","href":"https:\/\/api.w.org\/{rel}","templated":true}]}}