{"id":10461,"date":"2024-06-24T08:41:49","date_gmt":"2024-06-24T05:41:49","guid":{"rendered":"https:\/\/taskopru.bel.tr\/v1\/?page_id=10461"},"modified":"2024-08-01T16:49:01","modified_gmt":"2024-08-01T13:49:01","slug":"bagis-yardim","status":"publish","type":"page","link":"https:\/\/taskopru.bel.tr\/v1\/bagis-yardim\/","title":{"rendered":"Ba\u011f\u0131\u015f Yard\u0131m"},"content":{"rendered":"<h3>Belediyemize Ba\u011f\u0131\u015f yapmak isteyen vatanda\u015flar\u0131m\u0131z\u0131n Nakdi Ba\u011f\u0131\u015flar\u0131n\u0131 Belediyemizin a\u015fa\u011f\u0131daki Banka Hesap numaralar\u0131na yat\u0131rmalar\u0131 gerekmektedir.<\/h3>\n<h4><\/h4>\n<h4><strong>HALK BANKASI TA\u015eK\u00d6PR\u00dc \u015eUBES\u0130<\/strong><\/h4>\n<h4><strong>TR 2200 0120 0948 4000 0700 0012<\/strong><\/h4>\n<h4><strong>Z\u0130RAAT BANKASI TA\u015eK\u00d6PR\u00dc \u015eUBES\u0130<\/strong><\/h4>\n<h4><strong>TR 3800 0100 0154 0923 2835 5003<\/strong><\/h4>\n<p>&nbsp;<\/p>\n<h4><\/h4>\n<h3>Nakdi olaman ba\u011f\u0131\u015flar\u0131n\u0131z i\u00e7in Belediyemiz Beyaz Masa Birimine M\u00fcraccat edebilirsiniz.<\/h3>\n<h3><\/h3>\n<h3><strong>\u0130lgili Birim<\/strong><\/h3>\n<h4><strong>Beyaz Masa<\/strong><\/h4>\n<h3><strong>\u0130lgili Personel :<\/strong><\/h3>\n<h4><strong>Ferhat \u00dcnal<\/strong><\/h4>\n<h4><strong>\u0130rtibat No : 366 417 1058 \/ 359<\/strong><\/h4>\n","protected":false},"excerpt":{"rendered":"<p>Belediyemize Ba\u011f\u0131\u015f yapmak isteyen vatanda\u015flar\u0131m\u0131z\u0131n Nakdi Ba\u011f\u0131\u015flar\u0131n\u0131 Belediyemizin a\u015fa\u011f\u0131daki Banka Hesap numaralar\u0131na yat\u0131rmalar\u0131 gerekmektedir. HALK BANKASI TA\u015eK\u00d6PR\u00dc \u015eUBES\u0130 TR 2200 0120 0948 4000 0700 0012 Z\u0130RAAT BANKASI TA\u015eK\u00d6PR\u00dc \u015eUBES\u0130 TR 3800 0100 0154 0923 2835 5003 &nbsp; Nakdi olaman ba\u011f\u0131\u015flar\u0131n\u0131z i\u00e7in Belediyemiz Beyaz Masa Birimine M\u00fcraccat edebilirsiniz. \u0130lgili Birim Beyaz Masa \u0130lgili Personel : Ferhat [&hellip;]<\/p>\n","protected":false},"author":1,"featured_media":0,"parent":0,"menu_order":0,"comment_status":"closed","ping_status":"closed","template":"","meta":{"footnotes":""},"class_list":["post-10461","page","type-page","status-publish"],"_links":{"self":[{"href":"https:\/\/taskopru.bel.tr\/v1\/wp-json\/wp\/v2\/pages\/10461","targetHints":{"allow":["GET"]}}],"collection":[{"href":"https:\/\/taskopru.bel.tr\/v1\/wp-json\/wp\/v2\/pages"}],"about":[{"href":"https:\/\/taskopru.bel.tr\/v1\/wp-json\/wp\/v2\/types\/page"}],"author":[{"embeddable":true,"href":"https:\/\/taskopru.bel.tr\/v1\/wp-json\/wp\/v2\/users\/1"}],"replies":[{"embeddable":true,"href":"https:\/\/taskopru.bel.tr\/v1\/wp-json\/wp\/v2\/comments?post=10461"}],"version-history":[{"count":3,"href":"https:\/\/taskopru.bel.tr\/v1\/wp-json\/wp\/v2\/pages\/10461\/revisions"}],"predecessor-version":[{"id":11168,"href":"https:\/\/taskopru.bel.tr\/v1\/wp-json\/wp\/v2\/pages\/10461\/revisions\/11168"}],"wp:attachment":[{"href":"https:\/\/taskopru.bel.tr\/v1\/wp-json\/wp\/v2\/media?parent=10461"}],"curies":[{"name":"wp","href":"https:\/\/api.w.org\/{rel}","templated":true}]}}