{"id":10460,"date":"2024-06-24T08:41:49","date_gmt":"2024-06-24T05:41:49","guid":{"rendered":"https:\/\/taskopru.bel.tr\/v1\/?page_id=10460"},"modified":"2024-08-01T16:48:41","modified_gmt":"2024-08-01T13:48:41","slug":"kumanya-yardimi","status":"publish","type":"page","link":"https:\/\/taskopru.bel.tr\/v1\/kumanya-yardimi\/","title":{"rendered":"Kumanya Yard\u0131m\u0131"},"content":{"rendered":"<div class=\"g1-layout-inner\">\n<div id=\"g1-content-area\">\n<div id=\"primary\">\n<div id=\"content\" role=\"main\">\n<article id=\"post-10477\" class=\"post-10477 page type-page status-publish g1-complete\">\n<div class=\"entry-content\">\n<h3>Kumanya yard\u0131m\u0131dan yararlanmak isteyen vatanda\u015flar\u0131m\u0131z direk olarak Beyaz Masa Birimimize m\u00fcracaat etmeleri gerekmeketedir.<\/h3>\n<p>&nbsp;<\/p>\n<h3><strong>\u0130lgili Birim<\/strong><\/h3>\n<h4><strong>Beyaz Masa<\/strong><\/h4>\n<h3><strong>\u0130lgili Personel :<\/strong><\/h3>\n<h4><strong>Ferhat \u00dcnal<\/strong><\/h4>\n<h4><strong>\u0130rtibat No : 366 417 1058 \/ 359<\/strong><\/h4>\n<\/div>\n<footer class=\"entry-meta\"><\/footer>\n<\/article>\n<\/div>\n<\/div>\n<\/div>\n<\/div>\n","protected":false},"excerpt":{"rendered":"<p>Kumanya yard\u0131m\u0131dan yararlanmak isteyen vatanda\u015flar\u0131m\u0131z direk olarak Beyaz Masa Birimimize m\u00fcracaat etmeleri gerekmeketedir. &nbsp; \u0130lgili Birim Beyaz Masa \u0130lgili Personel : Ferhat \u00dcnal \u0130rtibat No : 366 417 1058 \/ 359<\/p>\n","protected":false},"author":1,"featured_media":0,"parent":0,"menu_order":0,"comment_status":"closed","ping_status":"closed","template":"","meta":{"footnotes":""},"class_list":["post-10460","page","type-page","status-publish"],"_links":{"self":[{"href":"https:\/\/taskopru.bel.tr\/v1\/wp-json\/wp\/v2\/pages\/10460","targetHints":{"allow":["GET"]}}],"collection":[{"href":"https:\/\/taskopru.bel.tr\/v1\/wp-json\/wp\/v2\/pages"}],"about":[{"href":"https:\/\/taskopru.bel.tr\/v1\/wp-json\/wp\/v2\/types\/page"}],"author":[{"embeddable":true,"href":"https:\/\/taskopru.bel.tr\/v1\/wp-json\/wp\/v2\/users\/1"}],"replies":[{"embeddable":true,"href":"https:\/\/taskopru.bel.tr\/v1\/wp-json\/wp\/v2\/comments?post=10460"}],"version-history":[{"count":3,"href":"https:\/\/taskopru.bel.tr\/v1\/wp-json\/wp\/v2\/pages\/10460\/revisions"}],"predecessor-version":[{"id":11167,"href":"https:\/\/taskopru.bel.tr\/v1\/wp-json\/wp\/v2\/pages\/10460\/revisions\/11167"}],"wp:attachment":[{"href":"https:\/\/taskopru.bel.tr\/v1\/wp-json\/wp\/v2\/media?parent=10460"}],"curies":[{"name":"wp","href":"https:\/\/api.w.org\/{rel}","templated":true}]}}