{"id":10459,"date":"2024-06-24T08:41:49","date_gmt":"2024-06-24T05:41:49","guid":{"rendered":"https:\/\/taskopru.bel.tr\/v1\/?page_id=10459"},"modified":"2024-08-01T16:48:23","modified_gmt":"2024-08-01T13:48:23","slug":"evde-temizlik-hizmetleri","status":"publish","type":"page","link":"https:\/\/taskopru.bel.tr\/v1\/evde-temizlik-hizmetleri\/","title":{"rendered":"Evde Temizlik Hizmetleri"},"content":{"rendered":"<h3>\u0130htiya\u00e7 sahibi 65 ya\u015f \u00fczeri kendi i\u015fini kendi g\u00f6remeyecek durumda olan ve bulundu\u011fu ikametinde herhangibir yak\u0131n\u0131 bulunmayan bak\u0131ma muhta\u00e7 vatanda\u015flar\u0131m\u0131z i\u00e7in evde temizlik hizmeti verilmektedir.<\/h3>\n<p>&nbsp;<\/p>\n<h3><strong>\u0130lgili Birim<\/strong><\/h3>\n<h4><strong>Beyaz Masa<\/strong><\/h4>\n<h3><strong>\u0130lgili Personel :<\/strong><\/h3>\n<h4><strong>Ferhat \u00dcnal<\/strong><\/h4>\n<h4><strong>\u0130rtibat No : 366 417 1058 \/ 359<\/strong><\/h4>\n","protected":false},"excerpt":{"rendered":"<p>\u0130htiya\u00e7 sahibi 65 ya\u015f \u00fczeri kendi i\u015fini kendi g\u00f6remeyecek durumda olan ve bulundu\u011fu ikametinde herhangibir yak\u0131n\u0131 bulunmayan bak\u0131ma muhta\u00e7 vatanda\u015flar\u0131m\u0131z i\u00e7in evde temizlik hizmeti verilmektedir. &nbsp; \u0130lgili Birim Beyaz Masa \u0130lgili Personel : Ferhat \u00dcnal \u0130rtibat No : 366 417 1058 \/ 359<\/p>\n","protected":false},"author":1,"featured_media":0,"parent":0,"menu_order":0,"comment_status":"closed","ping_status":"closed","template":"","meta":{"footnotes":""},"class_list":["post-10459","page","type-page","status-publish"],"_links":{"self":[{"href":"https:\/\/taskopru.bel.tr\/v1\/wp-json\/wp\/v2\/pages\/10459","targetHints":{"allow":["GET"]}}],"collection":[{"href":"https:\/\/taskopru.bel.tr\/v1\/wp-json\/wp\/v2\/pages"}],"about":[{"href":"https:\/\/taskopru.bel.tr\/v1\/wp-json\/wp\/v2\/types\/page"}],"author":[{"embeddable":true,"href":"https:\/\/taskopru.bel.tr\/v1\/wp-json\/wp\/v2\/users\/1"}],"replies":[{"embeddable":true,"href":"https:\/\/taskopru.bel.tr\/v1\/wp-json\/wp\/v2\/comments?post=10459"}],"version-history":[{"count":3,"href":"https:\/\/taskopru.bel.tr\/v1\/wp-json\/wp\/v2\/pages\/10459\/revisions"}],"predecessor-version":[{"id":11166,"href":"https:\/\/taskopru.bel.tr\/v1\/wp-json\/wp\/v2\/pages\/10459\/revisions\/11166"}],"wp:attachment":[{"href":"https:\/\/taskopru.bel.tr\/v1\/wp-json\/wp\/v2\/media?parent=10459"}],"curies":[{"name":"wp","href":"https:\/\/api.w.org\/{rel}","templated":true}]}}