{"id":10457,"date":"2024-06-24T08:41:49","date_gmt":"2024-06-24T05:41:49","guid":{"rendered":"https:\/\/taskopru.bel.tr\/v1\/?page_id=10457"},"modified":"2024-08-01T16:47:19","modified_gmt":"2024-08-01T13:47:19","slug":"beyaz-masa","status":"publish","type":"page","link":"https:\/\/taskopru.bel.tr\/v1\/beyaz-masa\/","title":{"rendered":"Beyaz Masa"},"content":{"rendered":"<h3>Beyaz Masa Birimi Olarak Vermi\u015f Oldu\u011fumuz Hizmetler<\/h3>\n<h3>1- A\u015f Evi<\/h3>\n<h3>2- Evde Sa\u011fl\u0131k Hizmetleri<\/h3>\n<h3>3- Evde Temizlik Hizmetleri<\/h3>\n<h3>4-Kumanya Yard\u0131m\u0131<\/h3>\n<p>&nbsp;<\/p>\n<h3><strong>\u0130lgili Birim<\/strong><\/h3>\n<h4><strong>Beyaz Masa<\/strong><\/h4>\n<h3><strong>\u0130lgili Personel :<\/strong><\/h3>\n<h4><strong>Ferhat \u00dcnal<\/strong><\/h4>\n<h4><strong>\u0130rtibat No : 366 417 1058 \/ 359<\/strong><\/h4>\n","protected":false},"excerpt":{"rendered":"<p>Beyaz Masa Birimi Olarak Vermi\u015f Oldu\u011fumuz Hizmetler 1- A\u015f Evi 2- Evde Sa\u011fl\u0131k Hizmetleri 3- Evde Temizlik Hizmetleri 4-Kumanya Yard\u0131m\u0131 &nbsp; \u0130lgili Birim Beyaz Masa \u0130lgili Personel : Ferhat \u00dcnal \u0130rtibat No : 366 417 1058 \/ 359<\/p>\n","protected":false},"author":1,"featured_media":0,"parent":0,"menu_order":0,"comment_status":"closed","ping_status":"closed","template":"","meta":{"footnotes":""},"class_list":["post-10457","page","type-page","status-publish"],"_links":{"self":[{"href":"https:\/\/taskopru.bel.tr\/v1\/wp-json\/wp\/v2\/pages\/10457","targetHints":{"allow":["GET"]}}],"collection":[{"href":"https:\/\/taskopru.bel.tr\/v1\/wp-json\/wp\/v2\/pages"}],"about":[{"href":"https:\/\/taskopru.bel.tr\/v1\/wp-json\/wp\/v2\/types\/page"}],"author":[{"embeddable":true,"href":"https:\/\/taskopru.bel.tr\/v1\/wp-json\/wp\/v2\/users\/1"}],"replies":[{"embeddable":true,"href":"https:\/\/taskopru.bel.tr\/v1\/wp-json\/wp\/v2\/comments?post=10457"}],"version-history":[{"count":5,"href":"https:\/\/taskopru.bel.tr\/v1\/wp-json\/wp\/v2\/pages\/10457\/revisions"}],"predecessor-version":[{"id":11163,"href":"https:\/\/taskopru.bel.tr\/v1\/wp-json\/wp\/v2\/pages\/10457\/revisions\/11163"}],"wp:attachment":[{"href":"https:\/\/taskopru.bel.tr\/v1\/wp-json\/wp\/v2\/media?parent=10457"}],"curies":[{"name":"wp","href":"https:\/\/api.w.org\/{rel}","templated":true}]}}