{"id":10395,"date":"2024-06-14T16:27:43","date_gmt":"2024-06-14T13:27:43","guid":{"rendered":"https:\/\/taskopru.bel.tr\/v1\/?page_id=10395"},"modified":"2024-08-01T16:48:03","modified_gmt":"2024-08-01T13:48:03","slug":"evde-saglik-hizmetleri","status":"publish","type":"page","link":"https:\/\/taskopru.bel.tr\/v1\/evde-saglik-hizmetleri\/","title":{"rendered":"Evde Sa\u011fl\u0131k Hizmetleri"},"content":{"rendered":"<h3>Doktor taraf\u0131ndan verilmi\u015f bir tedaviyi hastaneye gidecek durumu olmayan 65 ya\u015f \u00fczeri ameliyat olmu\u015f, diz kal\u00e7a protezi olan , obezite nedeniyle y\u00fcr\u00fcyemeyen hastalar\u0131m\u0131z i\u00e7in evde sa\u011fl\u0131k hizmeti verilmektedir.<\/h3>\n<p>&nbsp;<\/p>\n<h3><strong>\u0130lgili Birim<\/strong><\/h3>\n<h4><strong>Beyaz Masa<\/strong><\/h4>\n<h3><strong>\u0130lgili Personel :<\/strong><\/h3>\n<h4><strong>Ferhat \u00dcnal<\/strong><\/h4>\n<h4><strong>\u0130rtibat No : 366 417 1058 \/ 359<\/strong><\/h4>\n","protected":false},"excerpt":{"rendered":"<p>Doktor taraf\u0131ndan verilmi\u015f bir tedaviyi hastaneye gidecek durumu olmayan 65 ya\u015f \u00fczeri ameliyat olmu\u015f, diz kal\u00e7a protezi olan , obezite nedeniyle y\u00fcr\u00fcyemeyen hastalar\u0131m\u0131z i\u00e7in evde sa\u011fl\u0131k hizmeti verilmektedir. &nbsp; \u0130lgili Birim Beyaz Masa \u0130lgili Personel : Ferhat \u00dcnal \u0130rtibat No : 366 417 1058 \/ 359<\/p>\n","protected":false},"author":1,"featured_media":0,"parent":0,"menu_order":0,"comment_status":"closed","ping_status":"closed","template":"","meta":{"footnotes":""},"class_list":["post-10395","page","type-page","status-publish"],"_links":{"self":[{"href":"https:\/\/taskopru.bel.tr\/v1\/wp-json\/wp\/v2\/pages\/10395","targetHints":{"allow":["GET"]}}],"collection":[{"href":"https:\/\/taskopru.bel.tr\/v1\/wp-json\/wp\/v2\/pages"}],"about":[{"href":"https:\/\/taskopru.bel.tr\/v1\/wp-json\/wp\/v2\/types\/page"}],"author":[{"embeddable":true,"href":"https:\/\/taskopru.bel.tr\/v1\/wp-json\/wp\/v2\/users\/1"}],"replies":[{"embeddable":true,"href":"https:\/\/taskopru.bel.tr\/v1\/wp-json\/wp\/v2\/comments?post=10395"}],"version-history":[{"count":4,"href":"https:\/\/taskopru.bel.tr\/v1\/wp-json\/wp\/v2\/pages\/10395\/revisions"}],"predecessor-version":[{"id":11165,"href":"https:\/\/taskopru.bel.tr\/v1\/wp-json\/wp\/v2\/pages\/10395\/revisions\/11165"}],"wp:attachment":[{"href":"https:\/\/taskopru.bel.tr\/v1\/wp-json\/wp\/v2\/media?parent=10395"}],"curies":[{"name":"wp","href":"https:\/\/api.w.org\/{rel}","templated":true}]}}