{"id":10392,"date":"2024-06-14T16:27:43","date_gmt":"2024-06-14T13:27:43","guid":{"rendered":"https:\/\/taskopru.bel.tr\/v1\/?page_id=10392"},"modified":"2024-10-14T10:53:43","modified_gmt":"2024-10-14T07:53:43","slug":"su-abonelik-islemleri","status":"publish","type":"page","link":"https:\/\/taskopru.bel.tr\/v1\/su-abonelik-islemleri\/","title":{"rendered":"Su Abonelik \u0130\u015flemleri"},"content":{"rendered":"<h3><strong>\u0130stenilen Belgeler :<\/strong><\/h3>\n<h4>1. Tapu Fotokopisi<\/h4>\n<h4>2. Deprem Sigortas\u0131<\/h4>\n<h4>3. Su Saati Saya\u00e7 Numaras\u0131<\/h4>\n<h4>4. N\u00fcf\u00fcs C\u00fczdan Fotokopisi<\/h4>\n<h4>5. Kira Kontrat\u0131 (Kirac\u0131lar \u0130\u00e7in)<\/h4>\n<p>&nbsp;<\/p>\n<h3><strong>Matbu Formlar<\/strong><\/h3>\n<h3>Su Abonelik S\u00f6zle\u015fmesi \u0130ndirmek \u0130\u00e7in\u00a0<a href=\"https:\/\/taskopru.bel.tr\/v1\/wp-content\/uploads\/2024\/06\/su-abone-sozlesmesi.pdf\">T\u0131klay\u0131n\u0131z<\/a><\/h3>\n<h3><\/h3>\n<h3><strong>\u0130lgili Birim :<\/strong><\/h3>\n<h4><strong>Mali Hizmetler M\u00fcd\u00fcrl\u00fc\u011f\u00fc<\/strong><\/h4>\n<h4><strong>Tahakkuk Servisi<\/strong><\/h4>\n<h4><strong>\u0130lgili Personel\u00a0 Sadet ER\u00c7ALIK<\/strong><\/h4>\n<h4><strong>\u0130rtibat Tel : 366 417 1058 \/ 334<\/strong><\/h4>\n","protected":false},"excerpt":{"rendered":"<p>\u0130stenilen Belgeler : 1. Tapu Fotokopisi 2. Deprem Sigortas\u0131 3. Su Saati Saya\u00e7 Numaras\u0131 4. N\u00fcf\u00fcs C\u00fczdan Fotokopisi 5. Kira Kontrat\u0131 (Kirac\u0131lar \u0130\u00e7in) &nbsp; Matbu Formlar Su Abonelik S\u00f6zle\u015fmesi \u0130ndirmek \u0130\u00e7in\u00a0T\u0131klay\u0131n\u0131z \u0130lgili Birim : Mali Hizmetler M\u00fcd\u00fcrl\u00fc\u011f\u00fc Tahakkuk Servisi \u0130lgili Personel\u00a0 Sadet ER\u00c7ALIK \u0130rtibat Tel : 366 417 1058 \/ 334<\/p>\n","protected":false},"author":1,"featured_media":0,"parent":0,"menu_order":0,"comment_status":"closed","ping_status":"closed","template":"","meta":{"footnotes":""},"class_list":["post-10392","page","type-page","status-publish"],"_links":{"self":[{"href":"https:\/\/taskopru.bel.tr\/v1\/wp-json\/wp\/v2\/pages\/10392","targetHints":{"allow":["GET"]}}],"collection":[{"href":"https:\/\/taskopru.bel.tr\/v1\/wp-json\/wp\/v2\/pages"}],"about":[{"href":"https:\/\/taskopru.bel.tr\/v1\/wp-json\/wp\/v2\/types\/page"}],"author":[{"embeddable":true,"href":"https:\/\/taskopru.bel.tr\/v1\/wp-json\/wp\/v2\/users\/1"}],"replies":[{"embeddable":true,"href":"https:\/\/taskopru.bel.tr\/v1\/wp-json\/wp\/v2\/comments?post=10392"}],"version-history":[{"count":5,"href":"https:\/\/taskopru.bel.tr\/v1\/wp-json\/wp\/v2\/pages\/10392\/revisions"}],"predecessor-version":[{"id":11841,"href":"https:\/\/taskopru.bel.tr\/v1\/wp-json\/wp\/v2\/pages\/10392\/revisions\/11841"}],"wp:attachment":[{"href":"https:\/\/taskopru.bel.tr\/v1\/wp-json\/wp\/v2\/media?parent=10392"}],"curies":[{"name":"wp","href":"https:\/\/api.w.org\/{rel}","templated":true}]}}