{"id":10391,"date":"2024-06-14T16:27:43","date_gmt":"2024-06-14T13:27:43","guid":{"rendered":"https:\/\/taskopru.bel.tr\/v1\/?page_id=10391"},"modified":"2026-03-12T09:22:50","modified_gmt":"2026-03-12T06:22:50","slug":"ruhsat-islemleri","status":"publish","type":"page","link":"https:\/\/taskopru.bel.tr\/v1\/ruhsat-islemleri\/","title":{"rendered":"Ruhsat \u0130\u015flemleri"},"content":{"rendered":"<h3><strong>Ba\u015fvuru S\u0131ras\u0131nda \u0130stenilen Belgeler<\/strong><\/h3>\n<ul>\n<li>\n<h4><strong><a href=\"https:\/\/taskopru.bel.tr\/v1\/wp-content\/uploads\/2024\/10\/AKARYAKIT_LPG_ve_CNG_ISTASYONALRI_ISYERI_ACMA_VE_CALISTIRMA_RUHSATI_BASVURUSU_ESNASINDA_ISTENILEN_BELGELER.pdf\">Akaryak\u0131t Lpg Ve Cng \u0130stasyonlar\u0131 \u0130\u015fyeri A\u00e7ma Ve \u00c7al\u0131\u015ft\u0131rma Ruhsat\u0131 Ba\u015fvurusu Esnas\u0131nda \u0130stenilen Belgeler<\/a><\/strong><\/h4>\n<\/li>\n<li>\n<h4><strong><a href=\"https:\/\/taskopru.bel.tr\/v1\/wp-content\/uploads\/2024\/10\/CALISAN_BEYAN_FORMU.pdf\">\u00c7al\u0131\u015fan Beyan Formu<\/a><\/strong><\/h4>\n<\/li>\n<li>\n<h4><strong><a href=\"https:\/\/taskopru.bel.tr\/v1\/wp-content\/uploads\/2024\/10\/GAYRI_SIHHI_MUESSESE_SINIFI_ISYERI_ACMA_VE_CALISTIRMA_RUHSATI_BASVURUSU_ESNASINDA_ISTENILEN_BELGELER.pdf\">Gayr\u0131 S\u0131hhi M\u00fcessese S\u0131n\u0131f\u0131 \u0130\u015fyeri A\u00e7ma Ve \u00c7al\u0131\u015ft\u0131rma Ruhsat\u0131 Ba\u015fvurusu Esnas\u0131nda \u0130stenilen Belgeler<\/a><\/strong><\/h4>\n<\/li>\n<li>\n<h4><strong><a href=\"https:\/\/taskopru.bel.tr\/v1\/wp-content\/uploads\/2024\/10\/G.S.M.-Basvuru-Beyan-Formu.pdf\">Gayr\u0131s\u0131hhi M\u00fcessese \u0130\u015fyeri A\u00e7ma Ve \u00c7al\u0131\u015fma Ruhsat\u0131 Ba\u015fvuru Beyan Formu<\/a><\/strong><\/h4>\n<\/li>\n<li>\n<h4><strong><a href=\"https:\/\/taskopru.bel.tr\/v1\/wp-content\/uploads\/2024\/10\/IS_SAGLIGI_VE_GUVENLIGININ_SAGLANDIGINA_DAIR_BEYANNAME.pdf\">\u0130\u015f Sa\u011fl\u0131\u011f\u0131 ve G\u00fcvenli\u011finin Sa\u011fland\u0131\u011f\u0131na Dair Beyanname<\/a><\/strong><\/h4>\n<\/li>\n<li>\n<h4><strong><a href=\"https:\/\/taskopru.bel.tr\/v1\/wp-content\/uploads\/2024\/10\/MAKINA_TECHIZAT_BILGISI_BEYAN_FORMU.pdf\">Makine Te\u00e7hizat Bilgisi Beyan Formu<\/a><\/strong><\/h4>\n<\/li>\n<li>\n<h4><strong><a href=\"https:\/\/taskopru.bel.tr\/v1\/wp-content\/uploads\/2024\/10\/MESUL_MUDUR_BEYANI.pdf\">Mesul M\u00fcd\u00fcr Beyan\u0131<\/a><\/strong><\/h4>\n<\/li>\n<li>\n<h4><strong><a href=\"https:\/\/taskopru.bel.tr\/v1\/wp-content\/uploads\/2024\/10\/RUHSATIN_TAHRIP_OLMASI_VEYA_KAYBOLMASI_HALINDE_ORNEGININ_ASLI_GIBIDIR_YAPILMASI_HAKKINDA_DILEKCE.pdf\">Ruhsat\u0131n Tahrip Olmas\u0131 veya Kaybolmas\u0131 Halinde \u00d6rne\u011finin Asl\u0131 Gibidir Yap\u0131lmas\u0131 Hakk\u0131nda Dilek\u00e7e<\/a><\/strong><\/h4>\n<\/li>\n<li>\n<h4><strong><a href=\"https:\/\/taskopru.bel.tr\/v1\/wp-content\/uploads\/2024\/10\/2-SIHHI-ISYERI-BEYAN-FORMU.pdf\">S\u0131hhi M\u00fcessese \u0130\u015fyeri A\u00e7ma Ve \u00c7al\u0131\u015fma Ruhsat\u0131 Ba\u015fvuru Beyan Formu<\/a><\/strong><\/h4>\n<\/li>\n<li>\n<h4><strong><a href=\"https:\/\/taskopru.bel.tr\/v1\/wp-content\/uploads\/2024\/10\/SIHHI_MUSSESE_SINIFI_ISYERI_ACMA_VE_CALISTIRMA_RUHSATI_BASVURUSU_ESNASINDA_ISTENILEN_BELGELER.pdf\">S\u0131hhi M\u00fcessese S\u0131n\u0131f\u0131 \u0130\u015fyeri A\u00e7ma Ve \u00c7al\u0131\u015ft\u0131rma Ruhsat\u0131 Ba\u015fvurusu Esnas\u0131nda \u0130stenilen Belgeler<\/a><\/strong><\/h4>\n<\/li>\n<li>\n<h4><strong><a href=\"https:\/\/taskopru.bel.tr\/v1\/wp-content\/uploads\/2024\/10\/UMUMA_ACIK_ISTIRAHAT_VE_EGLENCE_YERI_ISYERI_ACMA_VE_CALISTIRMA_RUHSATI_BASVURUSU_ESNASINDA_ISTENILEN_BELGELER.pdf\">Umuma A\u00e7\u0131k \u0130stirahat ve E\u011flence Yeri \u0130\u015fyeri A\u00e7ma Ve \u00c7al\u0131\u015ft\u0131rma Ruhsat\u0131 Ba\u015fvurusu Esnas\u0131nda \u0130stenilen Belgeler<\/a><\/strong><\/h4>\n<\/li>\n<\/ul>\n<h3><strong>Zab\u0131ta M\u00fcd\u00fcrl\u00fc\u011f\u00fc Emir ve Yasaklar Y\u00f6netmeli\u011fi<\/strong><\/h3>\n<h3><strong>Y\u00f6netmelik \u0130\u00e7in <a href=\"https:\/\/taskopru.bel.tr\/v1\/wp-content\/uploads\/2026\/03\/TASKOPRU-BELEDIYE-BASKANLIGI-EMIR-VE-YASAKLARI-YONETMELIGI.pdf\">T\u0131klay\u0131n\u0131z<\/a><\/strong><\/h3>\n<h3><\/h3>\n<h3><strong>\u0130lgili Birim :<\/strong><\/h3>\n<h3><strong style=\"font-size: 16px;\">Zab\u0131ta M\u00fcd\u00fcrl\u00fc\u011f\u00fc<\/strong><\/h3>\n<h4><strong>\u0130lgili Personel\u00a0 Volkan AKTA\u015e<\/strong><\/h4>\n<h4><strong>\u0130rtibat Tel : 366 417 1058 \/ 364<\/strong><\/h4>\n","protected":false},"excerpt":{"rendered":"<p>Ba\u015fvuru S\u0131ras\u0131nda \u0130stenilen Belgeler Akaryak\u0131t Lpg Ve Cng \u0130stasyonlar\u0131 \u0130\u015fyeri A\u00e7ma Ve \u00c7al\u0131\u015ft\u0131rma Ruhsat\u0131 Ba\u015fvurusu Esnas\u0131nda \u0130stenilen Belgeler \u00c7al\u0131\u015fan Beyan Formu Gayr\u0131 S\u0131hhi M\u00fcessese S\u0131n\u0131f\u0131 \u0130\u015fyeri A\u00e7ma Ve \u00c7al\u0131\u015ft\u0131rma Ruhsat\u0131 Ba\u015fvurusu Esnas\u0131nda \u0130stenilen Belgeler Gayr\u0131s\u0131hhi M\u00fcessese \u0130\u015fyeri A\u00e7ma Ve \u00c7al\u0131\u015fma Ruhsat\u0131 Ba\u015fvuru Beyan Formu \u0130\u015f Sa\u011fl\u0131\u011f\u0131 ve G\u00fcvenli\u011finin Sa\u011fland\u0131\u011f\u0131na Dair Beyanname Makine Te\u00e7hizat Bilgisi Beyan [&hellip;]<\/p>\n","protected":false},"author":1,"featured_media":0,"parent":0,"menu_order":0,"comment_status":"closed","ping_status":"closed","template":"","meta":{"footnotes":""},"class_list":["post-10391","page","type-page","status-publish"],"_links":{"self":[{"href":"https:\/\/taskopru.bel.tr\/v1\/wp-json\/wp\/v2\/pages\/10391","targetHints":{"allow":["GET"]}}],"collection":[{"href":"https:\/\/taskopru.bel.tr\/v1\/wp-json\/wp\/v2\/pages"}],"about":[{"href":"https:\/\/taskopru.bel.tr\/v1\/wp-json\/wp\/v2\/types\/page"}],"author":[{"embeddable":true,"href":"https:\/\/taskopru.bel.tr\/v1\/wp-json\/wp\/v2\/users\/1"}],"replies":[{"embeddable":true,"href":"https:\/\/taskopru.bel.tr\/v1\/wp-json\/wp\/v2\/comments?post=10391"}],"version-history":[{"count":19,"href":"https:\/\/taskopru.bel.tr\/v1\/wp-json\/wp\/v2\/pages\/10391\/revisions"}],"predecessor-version":[{"id":14716,"href":"https:\/\/taskopru.bel.tr\/v1\/wp-json\/wp\/v2\/pages\/10391\/revisions\/14716"}],"wp:attachment":[{"href":"https:\/\/taskopru.bel.tr\/v1\/wp-json\/wp\/v2\/media?parent=10391"}],"curies":[{"name":"wp","href":"https:\/\/api.w.org\/{rel}","templated":true}]}}