{"id":10389,"date":"2024-06-14T16:27:43","date_gmt":"2024-06-14T13:27:43","guid":{"rendered":"https:\/\/taskopru.bel.tr\/v1\/?page_id=10389"},"modified":"2025-12-26T09:04:56","modified_gmt":"2025-12-26T06:04:56","slug":"nikah-islemleri","status":"publish","type":"page","link":"https:\/\/taskopru.bel.tr\/v1\/nikah-islemleri\/","title":{"rendered":"Nikah \u0130\u015flemleri"},"content":{"rendered":"<p><strong>TA\u015eK\u00d6PR\u00dc BELED\u0130YES\u0130 EVLEND\u0130RME \u0130\u015eLEMLER\u0130<\/strong><br \/>\n<strong>EVL\u0130L\u0130K BA\u015eVURUSU \u0130\u00c7\u0130N GEREKL\u0130 B\u0130LG\u0130 VE BELGELER<\/strong><br \/>\n<strong>EVLENME \u0130\u015eLEMLER\u0130<\/strong><\/p>\n<p>\u00dclkemizde, evlilik i\u015flemleri T\u00fcrk Medeni Kanunu ve Evlendirme Y\u00f6netmeli\u011fi ile d\u00fczenlenmi\u015ftir.<br \/>\n1)Evlenecek \u00e7iftlerin birlikte Belediyemiz Yaz\u0131 \u0130\u015fleri M\u00fcd\u00fcrl\u00fc\u011f\u00fc\u2019ne \u015fahsen m\u00fcracaat etmeleri esast\u0131r. Tek m\u00fcracaat kabul edilmemektedir. M\u00fcracaat s\u0131ras\u0131nda taraflar foto\u011frafl\u0131 n\u00fcfus c\u00fczdanlar\u0131n\u0131 g\u00f6stermeleri zorundad\u0131rlar. Evlendirme Memuru n\u00fcfus c\u00fczdanlar\u0131n\u0131 isteyerek kimlik kontrol\u00fc yapar c\u00fczdan \u00f6rne\u011fini kontrol ederek onaylar. N\u00fcfus c\u00fczdan\u0131 g\u00f6sterilmedi\u011fi takdirde m\u00fcracaat kabul edilmez (Evlnd.Y\u00f6nt.Mad.16)<br \/>\n2)Evlenecek \u00e7iftlerden birinin Ta\u015fk\u00f6pr\u00fc Belediyesi il\u00e7e s\u0131n\u0131rlar\u0131 i\u00e7erisinde ikamet etmesi yeterlidir.<br \/>\n3)Evlenecek \u00e7iftlerin en son medeni hali i\u015flenmi\u015f resimli n\u00fcfus c\u00fczdanlar\u0131n\u0131n asl\u0131n\u0131 getirmeleri gereklidir. S\u00fcr\u00fcc\u00fc belgesi ve kurum kimlikleri kabul edilmemektedir. Son 10 Y\u0131l\u0131 a\u015fan ve \u00e7ok y\u0131pranm\u0131\u015f olan n\u00fcfus c\u00fczdanlar\u0131 ba\u015fvuruda kabul edilmeyecektir.(Mad.18 Mad.21)<br \/>\n4)Erkek ve Bayana ait 5\u2019er adet vesikal\u0131k foto\u011fraf ( Verilecek 5 er Adet foto\u011fraf\u0131n, renkli ve \u00f6n cepheden \u00e7ekilmi\u015f olmas\u0131 son 6 ay\u0131 i\u00e7erisinde \u00e7ekilmi\u015f ve fotokopi ile \u00e7o\u011falt\u0131lmam\u0131\u015f olmas\u0131 gerekmektedir ) Md.20<br \/>\n5)Gerekli olan di\u011fer belgeler ve Aile Hekimli\u011finden sa\u011fl\u0131k raporu al\u0131nacakt\u0131r. Md.20<\/p>\n<p><strong>RE\u015e\u0130T OLMAYANLAR<\/strong><br \/>\n18 Ya\u015f\u0131n\u0131 doldurmam\u0131\u015f olan \u00e7iftler Anne ve Baban\u0131n izni ile evlenebilirler. (ay ve g\u00fcn hesab\u0131 ile) Anne ve Babadan biri \u00f6lm\u00fc\u015f ise \u00f6l\u00fcm\u00fc n\u00fcfus kay\u0131t \u00f6rne\u011fi ile belgelenecektir. 17 ya\u015f\u0131n\u0131 doldurmam\u0131\u015f olanlar mahkeme karar\u0131 ile evlenebilirler.<\/p>\n<p><strong>BO\u015eANMI\u015e VE DUL OLANLAR<\/strong><br \/>\n1)Bo\u015fanm\u0131\u015f veya dul olan bayanlar bo\u015fanma ve \u00f6l\u00fcm tarihinin n\u00fcfusa tescilinden itibaren 10 ay(300 g\u00fcn ge\u00e7meden Evlenemezler. S\u00fcrenin dolmas\u0131n\u0131 beklemek istemeyenler i\u00e7in aile mahkemesinden iddet m\u00fcddetini (300 g\u00fcn ) kald\u0131r\u0131lmas\u0131 karar\u0131 al\u0131n\u0131p evrakta kesinle\u015fme \u015fehri, de olmal\u0131d\u0131r.<br \/>\n2) \u0130lgililerin n\u00fcfus c\u00fczdanlar\u0131nda son medeni halinin i\u015flenmi\u015f olmas\u0131 zorunludur.<\/p>\n<p><strong>YABANCI EVL\u0130L\u0130K \u0130\u00c7\u0130N GEREKL\u0130 EVRAKLAR<\/strong><br \/>\nE\u015flerden biri T\u00fcrk ise ikamet kayd\u0131n\u0131n bulundu\u011fu n\u00fcfus m\u00fcd\u00fcrl\u00fc\u011f\u00fc, konsolosluklar\u0131 ve il, il\u00e7e evlendirme memurlu\u011funa m\u00fcracaat edebilirler.<br \/>\nYabanc\u0131 uyruklu olanlar bek\u00e2rl\u0131k belgesi (evlenme ehliyet belgesi) ile m\u00fcnacat ederler.<br \/>\nDi\u011fer \u00fclkeler \u0130stanbul da bulunan konsolosluklar\u0131n dan alacaklar\u0131 evlenme belgelerini \u0130stanbul Valili\u011fine (Hukuk \u0130\u015fleri M\u00fcd\u00fcrl\u00fc\u011f\u00fcne) Tastik ettirmektir.<br \/>\n\u0130stanbul da Konsoloslu\u011fu bulunmayan \u00dclke vatanda\u015flar\u0131 Ankara\u2019da bulunan B\u00fcy\u00fck El\u00e7iliklerinden alacaklar\u0131 evlenme ehliyet belgesini D\u0131\u015fi\u015fleri Bakanl\u0131\u011f\u0131\u2019na tastik ettirmek zorundad\u0131rlar.<br \/>\nYabanc\u0131 uyruklu bay ve bayanlar\u0131 pasaportlar\u0131n\u0131 yeminli terc\u00fcman b\u00fcrolar\u0131ndan terc\u00fcme yapt\u0131r\u0131p noterden onaylatmalar\u0131 gereklidir.(vize s\u00fcresi dolanlar kabul edilmez)<br \/>\nFahri konsoloslar\u0131nca d\u00fczenlenen belgelere dayanarak i\u015flem tesis edilmez.<br \/>\nNik\u00e2h akdi esnas\u0131nda nik\u00e2h\u0131 k\u0131y\u0131lacak yabanc\u0131 uyruklu T\u00fcrk\u00e7e bilmeyen ki\u015fi i\u00e7in nik\u00e2h esnas\u0131nda terc\u00fcman bulundurmas\u0131 zorunludur.<\/p>\n<p><strong>B\u0130R KADININ EVLEND\u0130KTEN SONRA KEND\u0130 SOYADI KULLANMAK \u0130ST\u0130YORSA NE YAPMALIDIR<\/strong><br \/>\nK\u0131zl\u0131k soyad\u0131n\u0131 kullanmak isteyen bayanlar gerekli matbu evraklar\u0131 doldurarak evlendirme memurunun \u00f6n\u00fcnde imzalayacakt\u0131r. Evlendirme memurundan soy ismini kullanmay\u0131 talep etmeyenler evlenme i\u015fleminden sonra n\u00fcfus m\u00fcd\u00fcrl\u00fc\u011f\u00fcnden de talep edebilirler.<\/p>\n<p><strong>TA\u015eK\u00d6PR\u00dc\u2019DE \u0130KAMET ETMEYENLER<\/strong><br \/>\nTa\u015fk\u00f6pr\u00fc\u2019de da ikamet etmeyip Ta\u015fk\u00f6pr\u00fc Belediyesi\u2019nde nik\u00e2h yapt\u0131racaklar ikamet ettikleri yerde bulunan evlendirme dairesine birlikte m\u00fcracaat ederek izin belgesi alacakt\u0131r.<br \/>\nTa\u015fk\u00f6pr\u00fc\u2019de da ikamet edip, ba\u015fka yerde nik\u00e2h k\u0131yd\u0131racak ki\u015filer gerekli evraklar\u0131 haz\u0131rlayarak Ta\u015fk\u00f6pr\u00fc Belediyesi\u2019nden izin belgesi alarak istedikleri yerde nik\u00e2h k\u0131yd\u0131rabilirler.<br \/>\nM\u00fcracaat evraklar\u0131 al\u0131nd\u0131\u011f\u0131 tarihten itibaren 6 ay (180 g\u00fcn )i\u00e7inde ge\u00e7erli oldu\u011fundan istenilen nik\u00e2h g\u00fcn\u00fc bu tarih aral\u0131\u011f\u0131n\u0131 ge\u00e7meyecektir.<br \/>\nEksik evrak ile yap\u0131lan m\u00fcracaatlar kesinlikle kabul edilmez.<\/p>\n<p>&nbsp;<\/p>\n<p><strong>K\u0130MLER, HANG\u0130 DURUMLARDA EVLENEMEZ?<\/strong><br \/>\n1. Ay\u0131rt etme g\u00fcc\u00fcne sahip olamayanlar evlenemez (Ancak k\u0131s\u0131tl\u0131lar yasal temsilcinin izniyle evlenebilir)<br \/>\n2. H\u0131s\u0131ml\u0131k ba\u011f\u0131 olanlar evlenemez.<br \/>\n3. \u00d6nceki evlili\u011fin sona erdi\u011fini ispat edemeyenler; gaiplik durumunda, evlili\u011fin feshine dair mahkeme karar\u0131 almayanlar evlenemez.<br \/>\n4. Evlilik sona ermi\u015fse, kad\u0131n, evlili\u011fin sona ermesinden ba\u015flayarak \u00fc\u00e7 y\u00fcz g\u00fcn ge\u00e7medik\u00e7e evlenemez. (Ancak do\u011furdu\u011funda bu s\u00fcre biter. Kad\u0131n\u0131n \u00f6nceki evlili\u011finden gebe olmad\u0131\u011f\u0131n\u0131n anla\u015f\u0131lmas\u0131 veya evlili\u011fi sona eren e\u015flerin yeniden birbiriyle evlenmek istemeleri halinde mahkeme bu s\u00fcreyi kald\u0131r\u0131r)<br \/>\na. Ak\u0131l hastalar\u0131, evlenmelerinde t\u0131bbi sak\u0131nca bulunmad\u0131\u011f\u0131 resmi sa\u011fl\u0131k kurulu raporuyla anla\u015f\u0131lmad\u0131k\u00e7a evlenemezler.<br \/>\nb. Evlenmeye engel hastal\u0131\u011f\u0131n\u0131n bulunmad\u0131\u011f\u0131n\u0131, resmi sa\u011fl\u0131k raporu ile belgelendirmeyenler evlenemezler.<br \/>\nc. Ye\u011fen akrabal\u0131\u011f\u0131, kay\u0131n akrabal\u0131\u011f\u0131, vb. akrabal\u0131\u011f\u0131 olanlar evlenemez.<\/p>\n<p>&nbsp;<\/p>\n<p>&nbsp;<\/p>\n<h4><strong>\u0130lgili Birim:<\/strong><\/h4>\n<h4><strong>Yaz\u0131 \u0130\u015fleri M\u00fcd\u00fcrl\u00fc\u011f\u00fc<\/strong><\/h4>\n<h4><strong>\u0130lgili Personel<\/strong><\/h4>\n<h4><strong>Nevzat TAPAR<\/strong><\/h4>\n<h4><strong>\u0130rtibat Tel : 366 417 1058 \/ 325<\/strong><\/h4>\n<p>&nbsp;<\/p>\n","protected":false},"excerpt":{"rendered":"<p>TA\u015eK\u00d6PR\u00dc BELED\u0130YES\u0130 EVLEND\u0130RME \u0130\u015eLEMLER\u0130 EVL\u0130L\u0130K BA\u015eVURUSU \u0130\u00c7\u0130N GEREKL\u0130 B\u0130LG\u0130 VE BELGELER EVLENME \u0130\u015eLEMLER\u0130 \u00dclkemizde, evlilik i\u015flemleri T\u00fcrk Medeni Kanunu ve Evlendirme Y\u00f6netmeli\u011fi ile d\u00fczenlenmi\u015ftir. 1)Evlenecek \u00e7iftlerin birlikte Belediyemiz Yaz\u0131 \u0130\u015fleri M\u00fcd\u00fcrl\u00fc\u011f\u00fc\u2019ne \u015fahsen m\u00fcracaat etmeleri esast\u0131r. Tek m\u00fcracaat kabul edilmemektedir. M\u00fcracaat s\u0131ras\u0131nda taraflar foto\u011frafl\u0131 n\u00fcfus c\u00fczdanlar\u0131n\u0131 g\u00f6stermeleri zorundad\u0131rlar. Evlendirme Memuru n\u00fcfus c\u00fczdanlar\u0131n\u0131 isteyerek kimlik kontrol\u00fc yapar [&hellip;]<\/p>\n","protected":false},"author":1,"featured_media":0,"parent":0,"menu_order":0,"comment_status":"closed","ping_status":"closed","template":"","meta":{"footnotes":""},"class_list":["post-10389","page","type-page","status-publish"],"_links":{"self":[{"href":"https:\/\/taskopru.bel.tr\/v1\/wp-json\/wp\/v2\/pages\/10389","targetHints":{"allow":["GET"]}}],"collection":[{"href":"https:\/\/taskopru.bel.tr\/v1\/wp-json\/wp\/v2\/pages"}],"about":[{"href":"https:\/\/taskopru.bel.tr\/v1\/wp-json\/wp\/v2\/types\/page"}],"author":[{"embeddable":true,"href":"https:\/\/taskopru.bel.tr\/v1\/wp-json\/wp\/v2\/users\/1"}],"replies":[{"embeddable":true,"href":"https:\/\/taskopru.bel.tr\/v1\/wp-json\/wp\/v2\/comments?post=10389"}],"version-history":[{"count":9,"href":"https:\/\/taskopru.bel.tr\/v1\/wp-json\/wp\/v2\/pages\/10389\/revisions"}],"predecessor-version":[{"id":14412,"href":"https:\/\/taskopru.bel.tr\/v1\/wp-json\/wp\/v2\/pages\/10389\/revisions\/14412"}],"wp:attachment":[{"href":"https:\/\/taskopru.bel.tr\/v1\/wp-json\/wp\/v2\/media?parent=10389"}],"curies":[{"name":"wp","href":"https:\/\/api.w.org\/{rel}","templated":true}]}}